{"id":13597,"date":"2024-11-28T18:26:54","date_gmt":"2024-11-28T15:26:54","guid":{"rendered":"https:\/\/www.makitamarket.com.tr\/site\/urun\/makita-cantali-77-parca-matkap-uc-seti\/"},"modified":"2026-04-06T14:38:53","modified_gmt":"2026-04-06T11:38:53","slug":"makita-cantali-77-parca-matkap-uc-seti","status":"publish","type":"product","link":"https:\/\/www.makitamarket.com.tr\/site\/urun\/makita-cantali-77-parca-matkap-uc-seti\/","title":{"rendered":"Makita D-47226-5 \u00c7ANTALI 77 PAR\u00c7A MATKAP U\u00c7 SET\u0130"},"content":{"rendered":"<table border=\"1\" cellpadding=\"1\" cellspacing=\"1\" style=\"width: 600px;\">\n<thead>\n<tr>\n<th scope=\"col\">\n\t\t\t\tMODEL<\/th>\n<th scope=\"col\">\n\t\t\t\t\u00dcR\u00dcN SAYISI<\/th>\n<th scope=\"col\">\n\t\t\t\t\u00d6L\u00c7\u00dcLER<\/th>\n<\/tr>\n<\/thead>\n<tbody>\n<tr>\n<td style=\"text-align: center;\">\n\t\t\t\tHSS-R (Metal matkap ucu)<\/td>\n<td style=\"text-align: center;\">\n\t\t\t\t12<\/td>\n<td style=\"text-align: center;\">\n\t\t\t\t1.5 &#8211; 2 &#8211; 2.5 &#8211; 3 &#8211; 3.5 &#8211; 4 &#8211; 4.5 &#8211; 5 &#8211; 5.5 &#8211; 6 &#8211; 6.5 &#8211; 8 mm<\/td>\n<\/tr>\n<tr>\n<td style=\"text-align: center;\">\n\t\t\t\tBeton Matkap Ucu<\/td>\n<td style=\"text-align: center;\">\n\t\t\t\t6<\/td>\n<td style=\"text-align: center;\">\n\t\t\t\t3 &#8211; 4 &#8211; 5 &#8211; 6 &#8211; 8 &#8211; 10 mm<\/td>\n<\/tr>\n<tr>\n<td style=\"text-align: center;\">\n\t\t\t\tAh\u015fap Matkap Ucu<\/td>\n<td style=\"text-align: center;\">\n\t\t\t\t5<\/td>\n<td style=\"text-align: center;\">\n\t\t\t\t4 &#8211; 5 &#8211; 6 &#8211; 8 &#8211; 10 mm<\/td>\n<\/tr>\n<tr>\n<td style=\"text-align: center;\">\n\t\t\t\tAh\u015fap Yaprak Ucu<\/td>\n<td style=\"text-align: center;\">\n\t\t\t\t3<\/td>\n<td style=\"text-align: center;\">\n\t\t\t\t12 &#8211; 16\u00a0&#8211; 22 mm<\/td>\n<\/tr>\n<tr>\n<td style=\"text-align: center;\">\n\t\t\t\tBits U\u00e7lar (25mm)<\/td>\n<td style=\"text-align: center;\">\n\t\t\t\t32<\/td>\n<td style=\"text-align: center;\">\n\t\t\t\tPH0-PH1 x2-PH2 x2-PH3 x2-PZ0-PZ1 x2-PZ2 x2-PZ3 x2-SL0.8-SL1.0 x2 SL1.2-T10 x2-T15 x2-T20 x2-T25-T30 x2-T40-H3-H4-H5-H6<span _fck_bookmark=\"1\" style=\"display: none;\">\u00a0<\/span><span _fck_bookmark=\"1\" style=\"display: none;\">\u00a0<\/span><\/td>\n<\/tr>\n<tr>\n<td style=\"text-align: center;\">\n\t\t\t\tLokma Ucu<\/td>\n<td style=\"text-align: center;\">\n\t\t\t\t6<\/td>\n<td style=\"text-align: center;\">\n\t\t\t\t5 &#8211; 6 &#8211; 7 &#8211; 8 &#8211; 10 &#8211; 13 mm<\/td>\n<\/tr>\n<tr>\n<td style=\"text-align: center;\">\n\t\t\t\tBits U\u00e7lar (50mm)<\/td>\n<td style=\"text-align: center;\">\n\t\t\t\t10<\/td>\n<td style=\"text-align: center;\">\n\t\t\t\tPH1 &#8211; PH2 &#8211; PH3 &#8211; PZ1 &#8211; PZ2 &#8211; PZ3 &#8211; SL1.0 &#8211; SL1.2 &#8211; T20 -T25<\/td>\n<\/tr>\n<tr>\n<td style=\"text-align: center;\">\n\t\t\t\tManyetik U\u00e7 Tutucu<\/td>\n<td style=\"text-align: center;\">\n\t\t\t\t1<\/td>\n<td style=\"text-align: center;\">\n\t\t\t\t&#8211;<\/td>\n<\/tr>\n<tr>\n<td style=\"text-align: center;\">\n\t\t\t\tHav\u015fa A\u00e7ma Ucu<\/td>\n<td style=\"text-align: center;\">\n\t\t\t\t1<\/td>\n<td style=\"text-align: center;\">\n\t\t\t\t&#8211;<\/td>\n<\/tr>\n<tr>\n<td style=\"text-align: center;\">\n\t\t\t\tDelik K\u0131lavuzu<\/td>\n<td style=\"text-align: center;\">\n\t\t\t\t1<\/td>\n<td style=\"text-align: center;\">\n\t\t\t\t&#8211;<\/td>\n<\/tr>\n<\/tbody>\n<\/table>\n<table>\n<tr>\n<td>Tip<\/td>\n<td>Makap U\u00e7lar\u0131 &#8211; \u00d6zellikler Alt K\u0131s\u0131mdad\u0131r<\/td>\n<\/tr>\n<\/table>\n","protected":false},"excerpt":{"rendered":"<table border=\"1\" cellpadding=\"1\" cellspacing=\"1\" style=\"width: 600px;\">\n<thead>\n<tr>\n<th scope=\"col\">\n\t\t\t\tMODEL<\/th>\n<th scope=\"col\">\n\t\t\t\t\u00dcR\u00dcN SAYISI<\/th>\n<th scope=\"col\">\n\t\t\t\t\u00d6L\u00c7\u00dcLER<\/th>\n<\/tr>\n<\/thead>\n<tbody>\n<tr>\n<td style=\"text-align: center;\">\n\t\t\t\tHSS-R (Metal matkap ucu)<\/td>\n<td style=\"text-align: center;\">\n\t\t\t\t12<\/td>\n<td style=\"text-align: center;\">\n\t\t\t\t1.5 &#8211; 2 &#8211; 2.5 &#8211; 3 &#8211; 3.5 &#8211; 4 &#8211; 4.5 &#8211; 5 &#8211; 5.5 &#8211; 6 &#8211; 6.5 &#8211; 8 mm<\/td>\n<\/tr>\n<tr>\n<td style=\"text-align: center;\">\n\t\t\t\tBeton Matkap Ucu<\/td>\n<td style=\"text-align: center;\">\n\t\t\t\t6<\/td>\n<td style=\"text-align: center;\">\n\t\t\t\t3 &#8211; 4 &#8211; 5 &#8211; 6 &#8211; 8 &#8211; 10 mm<\/td>\n<\/tr>\n<tr>\n<td style=\"text-align: center;\">\n\t\t\t\tAh\u015fap Matkap Ucu<\/td>\n<td style=\"text-align: center;\">\n\t\t\t\t5<\/td>\n<td style=\"text-align: center;\">\n\t\t\t\t4 &#8211; 5 &#8211; 6 &#8211; 8 &#8211; 10 mm<\/td>\n<\/tr>\n<tr>\n<td style=\"text-align: center;\">\n\t\t\t\tAh\u015fap Yaprak Ucu<\/td>\n<td style=\"text-align: center;\">\n\t\t\t\t3<\/td>\n<td style=\"text-align: center;\">\n\t\t\t\t12 &#8211; 16\u00a0&#8211; 22 mm<\/td>\n<\/tr>\n<tr>\n<td style=\"text-align: center;\">\n\t\t\t\tBits U\u00e7lar (25mm)<\/td>\n<td style=\"text-align: center;\">\n\t\t\t\t32<\/td>\n<td style=\"text-align: center;\">\n\t\t\t\tPH0-PH1 x2-PH2 x2-PH3 x2-PZ0-PZ1 x2-PZ2 x2-PZ3 x2-SL0.8-SL1.0 x2 SL1.2-T10 x2-T15 x2-T20 x2-T25-T30 x2-T40-H3-H4-H5-H6<span _fck_bookmark=\"1\" style=\"display: none;\">\u00a0<\/span><span _fck_bookmark=\"1\" style=\"display: none;\">\u00a0<\/span><\/td>\n<\/tr>\n<tr>\n<td style=\"text-align: center;\">\n\t\t\t\tLokma Ucu<\/td>\n<td style=\"text-align: center;\">\n\t\t\t\t6<\/td>\n<td style=\"text-align: center;\">\n\t\t\t\t5 &#8211; 6 &#8211; 7 &#8211; 8 &#8211; 10 &#8211; 13 mm<\/td>\n<\/tr>\n<tr>\n<td style=\"text-align: center;\">\n\t\t\t\tBits U\u00e7lar (50mm)<\/td>\n<td style=\"text-align: center;\">\n\t\t\t\t10<\/td>\n<td style=\"text-align: center;\">\n\t\t\t\tPH1 &#8211; PH2 &#8211; PH3 &#8211; PZ1 &#8211; PZ2 &#8211; PZ3 &#8211; SL1.0 &#8211; SL1.2 &#8211; T20 -T25<\/td>\n<\/tr>\n<tr>\n<td style=\"text-align: center;\">\n\t\t\t\tManyetik U\u00e7 Tutucu<\/td>\n<td style=\"text-align: center;\">\n\t\t\t\t1<\/td>\n<td style=\"text-align: center;\">\n\t\t\t\t&#8211;<\/td>\n<\/tr>\n<tr>\n<td style=\"text-align: center;\">\n\t\t\t\tHav\u015fa A\u00e7ma Ucu<\/td>\n<td style=\"text-align: center;\">\n\t\t\t\t1<\/td>\n<td style=\"text-align: center;\">\n\t\t\t\t&#8211;<\/td>\n<\/tr>\n<tr>\n<td style=\"text-align: center;\">\n\t\t\t\tDelik K\u0131lavuzu<\/td>\n<td style=\"text-align: center;\">\n\t\t\t\t1<\/td>\n<td style=\"text-align: center;\">\n\t\t\t\t&#8211;<\/td>\n<\/tr>\n<\/tbody>\n<\/table>\n","protected":false},"featured_media":13596,"comment_status":"open","ping_status":"closed","template":"","meta":{"_acf_changed":false},"product_brand":[1485],"product_cat":[1096],"product_tag":[],"class_list":{"0":"post-13597","1":"product","2":"type-product","3":"status-publish","4":"has-post-thumbnail","6":"product_brand-makita","7":"product_cat-ahsap-matkap-uclari","9":"first","10":"instock","11":"taxable","12":"shipping-taxable","13":"purchasable","14":"product-type-simple","15":"add-to-wishlist-after_add_to_cart"},"acf":[],"_links":{"self":[{"href":"https:\/\/www.makitamarket.com.tr\/site\/wp-json\/wp\/v2\/product\/13597","targetHints":{"allow":["GET"]}}],"collection":[{"href":"https:\/\/www.makitamarket.com.tr\/site\/wp-json\/wp\/v2\/product"}],"about":[{"href":"https:\/\/www.makitamarket.com.tr\/site\/wp-json\/wp\/v2\/types\/product"}],"replies":[{"embeddable":true,"href":"https:\/\/www.makitamarket.com.tr\/site\/wp-json\/wp\/v2\/comments?post=13597"}],"wp:featuredmedia":[{"embeddable":true,"href":"https:\/\/www.makitamarket.com.tr\/site\/wp-json\/wp\/v2\/media\/13596"}],"wp:attachment":[{"href":"https:\/\/www.makitamarket.com.tr\/site\/wp-json\/wp\/v2\/media?parent=13597"}],"wp:term":[{"taxonomy":"product_brand","embeddable":true,"href":"https:\/\/www.makitamarket.com.tr\/site\/wp-json\/wp\/v2\/product_brand?post=13597"},{"taxonomy":"product_cat","embeddable":true,"href":"https:\/\/www.makitamarket.com.tr\/site\/wp-json\/wp\/v2\/product_cat?post=13597"},{"taxonomy":"product_tag","embeddable":true,"href":"https:\/\/www.makitamarket.com.tr\/site\/wp-json\/wp\/v2\/product_tag?post=13597"}],"curies":[{"name":"wp","href":"https:\/\/api.w.org\/{rel}","templated":true}]}}