{"id":13605,"date":"2024-11-28T18:28:43","date_gmt":"2024-11-28T15:28:43","guid":{"rendered":"https:\/\/www.makitamarket.com.tr\/site\/urun\/proxxon-endustriyel-1-2-ozel-buji-lokma-takimi\/"},"modified":"2026-04-06T14:38:57","modified_gmt":"2026-04-06T11:38:57","slug":"proxxon-endustriyel-1-2-ozel-buji-lokma-takimi","status":"publish","type":"product","link":"https:\/\/www.makitamarket.com.tr\/site\/urun\/proxxon-endustriyel-1-2-ozel-buji-lokma-takimi\/","title":{"rendered":"Proxxon End\u00fcstriyel 23938 1\/2&#8243; \u00d6ZEL BUJ\u0130 LOKMA TAKIMI"},"content":{"rendered":"<div>\n\t3 par\u00e7a uzun buji lokma (85mm 17, 19, 21 mm<\/div>\n<div>\n\t<strong>\u2022<\/strong> \u00c7izilmeyi \u00f6nleyici plastik g\u00f6vde<\/div>\n<div>\n\t<strong>\u2022\u00a0<\/strong>1\/2&#8221; (12,5mm pn\u00f6matik tornavidalarla kullan\u0131labilir.<\/div>\n<div>\n\t<strong>\u2022\u00a0<\/strong>\u00dcr\u00fcnler \u00e7elik kutu i\u00e7erisindedir.<\/div>\n<table><\/table>\n","protected":false},"excerpt":{"rendered":"<div>\n\t3 par\u00e7a uzun buji lokma (85mm 17, 19, 21 mm<\/div>\n<div>\n\t<strong>\u2022<\/strong> \u00c7izilmeyi \u00f6nleyici plastik g\u00f6vde<\/div>\n<div>\n\t<strong>\u2022\u00a0<\/strong>1\/2&#8221; (12,5mm pn\u00f6matik tornavidalarla kullan\u0131labilir.<\/div>\n<div>\n\t<strong>\u2022\u00a0<\/strong>\u00dcr\u00fcnler \u00e7elik kutu i\u00e7erisindedir.<\/div>\n","protected":false},"featured_media":13604,"comment_status":"open","ping_status":"closed","template":"","meta":{"_acf_changed":false},"product_brand":[1529],"product_cat":[938],"product_tag":[],"class_list":{"0":"post-13605","1":"product","2":"type-product","3":"status-publish","4":"has-post-thumbnail","6":"product_brand-proxxon-endustriyel","7":"product_cat-circirli-lokma-takimlari","9":"first","10":"instock","11":"taxable","12":"shipping-taxable","13":"purchasable","14":"product-type-simple","15":"add-to-wishlist-after_add_to_cart"},"acf":[],"_links":{"self":[{"href":"https:\/\/www.makitamarket.com.tr\/site\/wp-json\/wp\/v2\/product\/13605","targetHints":{"allow":["GET"]}}],"collection":[{"href":"https:\/\/www.makitamarket.com.tr\/site\/wp-json\/wp\/v2\/product"}],"about":[{"href":"https:\/\/www.makitamarket.com.tr\/site\/wp-json\/wp\/v2\/types\/product"}],"replies":[{"embeddable":true,"href":"https:\/\/www.makitamarket.com.tr\/site\/wp-json\/wp\/v2\/comments?post=13605"}],"wp:featuredmedia":[{"embeddable":true,"href":"https:\/\/www.makitamarket.com.tr\/site\/wp-json\/wp\/v2\/media\/13604"}],"wp:attachment":[{"href":"https:\/\/www.makitamarket.com.tr\/site\/wp-json\/wp\/v2\/media?parent=13605"}],"wp:term":[{"taxonomy":"product_brand","embeddable":true,"href":"https:\/\/www.makitamarket.com.tr\/site\/wp-json\/wp\/v2\/product_brand?post=13605"},{"taxonomy":"product_cat","embeddable":true,"href":"https:\/\/www.makitamarket.com.tr\/site\/wp-json\/wp\/v2\/product_cat?post=13605"},{"taxonomy":"product_tag","embeddable":true,"href":"https:\/\/www.makitamarket.com.tr\/site\/wp-json\/wp\/v2\/product_tag?post=13605"}],"curies":[{"name":"wp","href":"https:\/\/api.w.org\/{rel}","templated":true}]}}