{"id":13609,"date":"2024-11-28T18:28:44","date_gmt":"2024-11-28T15:28:44","guid":{"rendered":"https:\/\/www.makitamarket.com.tr\/site\/urun\/makita-sds-max-elmas-matkap-uc-28570-p-77970\/"},"modified":"2026-03-30T08:39:27","modified_gmt":"2026-03-30T05:39:27","slug":"makita-sds-max-elmas-matkap-uc-28570-p-77970","status":"publish","type":"product","link":"https:\/\/www.makitamarket.com.tr\/site\/urun\/makita-sds-max-elmas-matkap-uc-28570-p-77970\/","title":{"rendered":"Makita P-77970 SDS &#8211; MAX ELMAS MATKAP UC 28*570 P &#8211; 77970"},"content":{"rendered":"<table>\n<tr>\n<td>Matkap \u00c7ap\u0131<\/td>\n<td>28<\/td>\n<\/tr>\n<tr>\n<td>Matkap Boyu<\/td>\n<td>570<\/td>\n<\/tr>\n<tr>\n<td>\u00c7al\u0131\u015fma Uzunlu\u011fu<\/td>\n<td>450<\/td>\n<\/tr>\n<tr>\n<td>\u00c7ap<\/td>\n<td>28 mm<\/td>\n<\/tr>\n<tr>\n<td>Uzunluk<\/td>\n<td>570 mm<\/td>\n<\/tr>\n<tr>\n<td>\u00c7al\u0131\u015fma Uzunlu\u011fu<\/td>\n<td>450 mm<\/td>\n<\/tr>\n<\/table>\n","protected":false},"excerpt":{"rendered":"<p>Matkap \u00c7ap\u0131 28 Matkap Boyu 570 \u00c7al\u0131\u015fma Uzunlu\u011fu 450 \u00c7ap 28 mm Uzunluk 570 mm \u00c7al\u0131\u015fma Uzunlu\u011fu 450 mm<\/p>\n","protected":false},"featured_media":0,"comment_status":"open","ping_status":"closed","template":"","meta":{"_acf_changed":false},"product_brand":[1485],"product_cat":[809],"product_tag":[],"class_list":{"0":"post-13609","1":"product","2":"type-product","3":"status-publish","5":"product_brand-makita","6":"product_cat-sds-max-uclar","8":"first","9":"instock","10":"taxable","11":"shipping-taxable","12":"purchasable","13":"product-type-simple","14":"add-to-wishlist-after_add_to_cart"},"acf":[],"_links":{"self":[{"href":"https:\/\/www.makitamarket.com.tr\/site\/wp-json\/wp\/v2\/product\/13609","targetHints":{"allow":["GET"]}}],"collection":[{"href":"https:\/\/www.makitamarket.com.tr\/site\/wp-json\/wp\/v2\/product"}],"about":[{"href":"https:\/\/www.makitamarket.com.tr\/site\/wp-json\/wp\/v2\/types\/product"}],"replies":[{"embeddable":true,"href":"https:\/\/www.makitamarket.com.tr\/site\/wp-json\/wp\/v2\/comments?post=13609"}],"wp:attachment":[{"href":"https:\/\/www.makitamarket.com.tr\/site\/wp-json\/wp\/v2\/media?parent=13609"}],"wp:term":[{"taxonomy":"product_brand","embeddable":true,"href":"https:\/\/www.makitamarket.com.tr\/site\/wp-json\/wp\/v2\/product_brand?post=13609"},{"taxonomy":"product_cat","embeddable":true,"href":"https:\/\/www.makitamarket.com.tr\/site\/wp-json\/wp\/v2\/product_cat?post=13609"},{"taxonomy":"product_tag","embeddable":true,"href":"https:\/\/www.makitamarket.com.tr\/site\/wp-json\/wp\/v2\/product_tag?post=13609"}],"curies":[{"name":"wp","href":"https:\/\/api.w.org\/{rel}","templated":true}]}}