{"id":13623,"date":"2024-11-28T18:28:48","date_gmt":"2024-11-28T15:28:48","guid":{"rendered":"https:\/\/www.makitamarket.com.tr\/site\/urun\/proxxon-kalem-tutucu-ve-kesme-kalemi\/"},"modified":"2026-04-06T14:39:47","modified_gmt":"2026-04-06T11:39:47","slug":"proxxon-kalem-tutucu-ve-kesme-kalemi","status":"publish","type":"product","link":"https:\/\/www.makitamarket.com.tr\/site\/urun\/proxxon-kalem-tutucu-ve-kesme-kalemi\/","title":{"rendered":"Proxxon 24417 KALEM TUTUCU VE KESME KALEM\u0130"},"content":{"rendered":"<div>\n\tOluk ve yiv a\u00e7\u0131labilir. 12 x 3 x 85mm HSS malzeme kobalt i\u00e7erir.<\/div>\n<div>\n\tPD 400 h\u0131zl\u0131 de\u011fi\u015ftirme sistemi i\u00e7in kullan\u0131r.\u00a0<\/div>\n<table><\/table>\n","protected":false},"excerpt":{"rendered":"<div>\n\tOluk ve yiv a\u00e7\u0131labilir. 12 x 3 x 85mm HSS malzeme kobalt i\u00e7erir.<\/div>\n<div>\n\tPD 400 h\u0131zl\u0131 de\u011fi\u015ftirme sistemi i\u00e7in kullan\u0131r.\u00a0<\/div>\n","protected":false},"featured_media":13622,"comment_status":"open","ping_status":"closed","template":"","meta":{"_acf_changed":false},"product_brand":[1501],"product_cat":[926],"product_tag":[],"class_list":{"0":"post-13623","1":"product","2":"type-product","3":"status-publish","4":"has-post-thumbnail","6":"product_brand-proxxon","7":"product_cat-aksesuarlar-mikro-aletleri","9":"first","10":"instock","11":"taxable","12":"shipping-taxable","13":"purchasable","14":"product-type-simple","15":"add-to-wishlist-after_add_to_cart"},"acf":[],"_links":{"self":[{"href":"https:\/\/www.makitamarket.com.tr\/site\/wp-json\/wp\/v2\/product\/13623","targetHints":{"allow":["GET"]}}],"collection":[{"href":"https:\/\/www.makitamarket.com.tr\/site\/wp-json\/wp\/v2\/product"}],"about":[{"href":"https:\/\/www.makitamarket.com.tr\/site\/wp-json\/wp\/v2\/types\/product"}],"replies":[{"embeddable":true,"href":"https:\/\/www.makitamarket.com.tr\/site\/wp-json\/wp\/v2\/comments?post=13623"}],"wp:featuredmedia":[{"embeddable":true,"href":"https:\/\/www.makitamarket.com.tr\/site\/wp-json\/wp\/v2\/media\/13622"}],"wp:attachment":[{"href":"https:\/\/www.makitamarket.com.tr\/site\/wp-json\/wp\/v2\/media?parent=13623"}],"wp:term":[{"taxonomy":"product_brand","embeddable":true,"href":"https:\/\/www.makitamarket.com.tr\/site\/wp-json\/wp\/v2\/product_brand?post=13623"},{"taxonomy":"product_cat","embeddable":true,"href":"https:\/\/www.makitamarket.com.tr\/site\/wp-json\/wp\/v2\/product_cat?post=13623"},{"taxonomy":"product_tag","embeddable":true,"href":"https:\/\/www.makitamarket.com.tr\/site\/wp-json\/wp\/v2\/product_tag?post=13623"}],"curies":[{"name":"wp","href":"https:\/\/api.w.org\/{rel}","templated":true}]}}