{"id":13633,"date":"2024-11-28T18:28:59","date_gmt":"2024-11-28T15:28:59","guid":{"rendered":"https:\/\/www.makitamarket.com.tr\/site\/urun\/proxxon-micro-tornavida-seti\/"},"modified":"2026-04-06T14:39:50","modified_gmt":"2026-04-06T11:39:50","slug":"proxxon-micro-tornavida-seti","status":"publish","type":"product","link":"https:\/\/www.makitamarket.com.tr\/site\/urun\/proxxon-micro-tornavida-seti\/","title":{"rendered":"Proxxon 28148 MIKRO TORAVI M\u0130CRO TORNAV\u0130DA SET\u0130"},"content":{"rendered":"<div>\n\t<strong>Kullan\u0131m Alanlar\u0131 :<\/strong> Elektrik, foto\u011fraf makinas\u0131 tamircileri, saat\u00e7i, kuyumcu ve model imalat\u00e7\u0131lar\u0131 i\u00e7in ideal. \u0130kel krom al\u0131\u015f\u0131ml\u0131d\u0131r.<\/div>\n<div>\n\tTornavida stand\u0131 sevkiyata dahildir.<\/div>\n<div>\n\t<strong>Sevkiyat Kapsam\u0131:<\/strong><\/div>\n<div>\n\tStantl\u0131 15 par\u00e7a<\/div>\n<div>\n\t<strong>D\u00fcz: <\/strong>1,0&#215;50 &#8211; 2,0&#215;50 &#8211; 3,0&#215;50<\/div>\n<div>\n\t<strong>Y\u0131ld\u0131z:<\/strong> 0-3&#215;50 &#8211; 0x50 &#8211; 1-2&#215;50\u00a0<\/div>\n<div>\n\t<strong>Torx: <\/strong>T5x50, T6x50, T8x50, T10x50, T15x50<\/div>\n<div>\n\t<strong>Allen:<\/strong> 1,5&#215;50 &#8211; 2,0&#215;50 &#8211; 2,5&#215;50 &#8211; 3,0&#215;50<\/div>\n<table><\/table>\n","protected":false},"excerpt":{"rendered":"<div>\n\t<strong>Kullan\u0131m Alanlar\u0131 :<\/strong> Elektrik, foto\u011fraf makinas\u0131 tamircileri, saat\u00e7i, kuyumcu ve model imalat\u00e7\u0131lar\u0131 i\u00e7in ideal. \u0130kel krom al\u0131\u015f\u0131ml\u0131d\u0131r.<\/div>\n<div>\n\tTornavida stand\u0131 sevkiyata dahildir.<\/div>\n<div>\n\t<strong>Sevkiyat Kapsam\u0131:<\/strong><\/div>\n<div>\n\tStantl\u0131 15 par\u00e7a<\/div>\n<div>\n\t<strong>D\u00fcz: <\/strong>1,0&#215;50 &#8211; 2,0&#215;50 &#8211; 3,0&#215;50<\/div>\n<div>\n\t<strong>Y\u0131ld\u0131z:<\/strong> 0-3&#215;50 &#8211; 0x50 &#8211; 1-2&#215;50\u00a0<\/div>\n<div>\n\t<strong>Torx: <\/strong>T5x50, T6x50, T8x50, T10x50, T15x50<\/div>\n<div>\n\t<strong>Allen:<\/strong> 1,5&#215;50 &#8211; 2,0&#215;50 &#8211; 2,5&#215;50 &#8211; 3,0&#215;50<\/div>\n","protected":false},"featured_media":13632,"comment_status":"open","ping_status":"closed","template":"","meta":{"_acf_changed":false},"product_brand":[1501],"product_cat":[1129],"product_tag":[],"class_list":{"0":"post-13633","1":"product","2":"type-product","3":"status-publish","4":"has-post-thumbnail","6":"product_brand-proxxon","7":"product_cat-takim-set-tornavidalar","9":"first","10":"instock","11":"taxable","12":"shipping-taxable","13":"purchasable","14":"product-type-simple","15":"add-to-wishlist-after_add_to_cart"},"acf":[],"_links":{"self":[{"href":"https:\/\/www.makitamarket.com.tr\/site\/wp-json\/wp\/v2\/product\/13633","targetHints":{"allow":["GET"]}}],"collection":[{"href":"https:\/\/www.makitamarket.com.tr\/site\/wp-json\/wp\/v2\/product"}],"about":[{"href":"https:\/\/www.makitamarket.com.tr\/site\/wp-json\/wp\/v2\/types\/product"}],"replies":[{"embeddable":true,"href":"https:\/\/www.makitamarket.com.tr\/site\/wp-json\/wp\/v2\/comments?post=13633"}],"wp:featuredmedia":[{"embeddable":true,"href":"https:\/\/www.makitamarket.com.tr\/site\/wp-json\/wp\/v2\/media\/13632"}],"wp:attachment":[{"href":"https:\/\/www.makitamarket.com.tr\/site\/wp-json\/wp\/v2\/media?parent=13633"}],"wp:term":[{"taxonomy":"product_brand","embeddable":true,"href":"https:\/\/www.makitamarket.com.tr\/site\/wp-json\/wp\/v2\/product_brand?post=13633"},{"taxonomy":"product_cat","embeddable":true,"href":"https:\/\/www.makitamarket.com.tr\/site\/wp-json\/wp\/v2\/product_cat?post=13633"},{"taxonomy":"product_tag","embeddable":true,"href":"https:\/\/www.makitamarket.com.tr\/site\/wp-json\/wp\/v2\/product_tag?post=13633"}],"curies":[{"name":"wp","href":"https:\/\/api.w.org\/{rel}","templated":true}]}}