{"id":13637,"date":"2024-11-28T18:29:01","date_gmt":"2024-11-28T15:29:01","guid":{"rendered":"https:\/\/www.makitamarket.com.tr\/site\/urun\/knipex-t-kol-lokma-anahtari-300-mm\/"},"modified":"2026-03-30T08:47:34","modified_gmt":"2026-03-30T05:47:34","slug":"knipex-t-kol-lokma-anahtari-300-mm","status":"publish","type":"product","link":"https:\/\/www.makitamarket.com.tr\/site\/urun\/knipex-t-kol-lokma-anahtari-300-mm\/","title":{"rendered":"Knipex 980513 T KOL LOKMA ANAHTARI 300 mm"},"content":{"rendered":"<p><b>98 05 13 Lokma anahtar<\/b><\/p>\n<li><b>Anahtar \u00f6l\u00e7\u00fcs\u00fc S: <\/b>13,0 mm<\/li>\n<li><b>Sap uzunlu\u011fu: <\/b>155 mm<\/li>\n<li><b>Kafa \u00e7ap\u0131 d: <\/b>23,5 mm<\/li>\n<li><b>VDE onayl\u0131: <\/b>ja \u00a0<\/li>\n<table>\n<tr>\n<td>Uzunluk<\/td>\n<td>300<\/td>\n<\/tr>\n<tr>\n<td>Anahtar \u00d6l\u00e7\u00fcs\u00fc<\/td>\n<td>13 mm<\/td>\n<\/tr>\n<tr>\n<td>Sap Uzunlu\u011fu<\/td>\n<td>155 mm<\/td>\n<\/tr>\n<tr>\n<td>Kafa \u00c7ap\u0131<\/td>\n<td>23.5 mm<\/td>\n<\/tr>\n<tr>\n<td>A\u011f\u0131rl\u0131k<\/td>\n<td>409 gr<\/td>\n<\/tr>\n<\/table>\n","protected":false},"excerpt":{"rendered":"<p><b>98 05 13 Lokma anahtar<\/b><\/p>\n<li><b>Anahtar \u00f6l\u00e7\u00fcs\u00fc S: <\/b>13,0 mm<\/li>\n<li><b>Sap uzunlu\u011fu: <\/b>155 mm<\/li>\n<li><b>Kafa \u00e7ap\u0131 d: <\/b>23,5 mm<\/li>\n<li><b>VDE onayl\u0131: <\/b>ja \u00a0<\/li>\n","protected":false},"featured_media":14078,"comment_status":"open","ping_status":"closed","template":"","meta":{"_acf_changed":false},"product_brand":[1486],"product_cat":[1263],"product_tag":[],"class_list":{"0":"post-13637","1":"product","2":"type-product","3":"status-publish","4":"has-post-thumbnail","6":"product_brand-knipex","7":"product_cat-izoleli-lokma-anahtarlar","9":"first","10":"instock","11":"taxable","12":"shipping-taxable","13":"purchasable","14":"product-type-simple","15":"add-to-wishlist-after_add_to_cart"},"acf":[],"_links":{"self":[{"href":"https:\/\/www.makitamarket.com.tr\/site\/wp-json\/wp\/v2\/product\/13637","targetHints":{"allow":["GET"]}}],"collection":[{"href":"https:\/\/www.makitamarket.com.tr\/site\/wp-json\/wp\/v2\/product"}],"about":[{"href":"https:\/\/www.makitamarket.com.tr\/site\/wp-json\/wp\/v2\/types\/product"}],"replies":[{"embeddable":true,"href":"https:\/\/www.makitamarket.com.tr\/site\/wp-json\/wp\/v2\/comments?post=13637"}],"wp:featuredmedia":[{"embeddable":true,"href":"https:\/\/www.makitamarket.com.tr\/site\/wp-json\/wp\/v2\/media\/14078"}],"wp:attachment":[{"href":"https:\/\/www.makitamarket.com.tr\/site\/wp-json\/wp\/v2\/media?parent=13637"}],"wp:term":[{"taxonomy":"product_brand","embeddable":true,"href":"https:\/\/www.makitamarket.com.tr\/site\/wp-json\/wp\/v2\/product_brand?post=13637"},{"taxonomy":"product_cat","embeddable":true,"href":"https:\/\/www.makitamarket.com.tr\/site\/wp-json\/wp\/v2\/product_cat?post=13637"},{"taxonomy":"product_tag","embeddable":true,"href":"https:\/\/www.makitamarket.com.tr\/site\/wp-json\/wp\/v2\/product_tag?post=13637"}],"curies":[{"name":"wp","href":"https:\/\/api.w.org\/{rel}","templated":true}]}}