{"id":13649,"date":"2024-11-28T18:29:09","date_gmt":"2024-11-28T15:29:09","guid":{"rendered":"https:\/\/www.makitamarket.com.tr\/site\/urun\/makita-tas-kesme-bombeli-230x3-mm\/"},"modified":"2026-04-13T20:43:44","modified_gmt":"2026-04-13T17:43:44","slug":"makita-tas-kesme-bombeli-230x3-mm","status":"publish","type":"product","link":"https:\/\/www.makitamarket.com.tr\/site\/urun\/makita-tas-kesme-bombeli-230x3-mm\/","title":{"rendered":"Makita D-18649 TA\u015e KESME &#8211; BOMBEL\u0130 230&#215;3 mm"},"content":{"rendered":"<table>\n<tr>\n<td>\u00d6l\u00e7\u00fcler<\/td>\n<td>230 x 3 mm<\/td>\n<\/tr>\n<tr>\n<td>Kalite<\/td>\n<td>C30S<\/td>\n<\/tr>\n<tr>\n<td>Malzeme<\/td>\n<td>Ta\u015f Kesme<\/td>\n<\/tr>\n<tr>\n<td>Tip<\/td>\n<td>Bombeli<\/td>\n<\/tr>\n<tr>\n<td>Kutu<\/td>\n<td>25<\/td>\n<\/tr>\n<\/table>\n","protected":false},"excerpt":{"rendered":"<p>\u00d6l\u00e7\u00fcler 230 x 3 mm Kalite C30S Malzeme Ta\u015f Kesme Tip Bombeli Kutu 25<\/p>\n","protected":false},"featured_media":0,"comment_status":"open","ping_status":"closed","template":"","meta":{"_acf_changed":false},"product_brand":[1485],"product_cat":[1082],"product_tag":[],"class_list":{"0":"post-13649","1":"product","2":"type-product","3":"status-publish","5":"product_brand-makita","6":"product_cat-230mm-kesme-taslari","8":"first","9":"instock","10":"taxable","11":"shipping-taxable","12":"purchasable","13":"product-type-simple","14":"add-to-wishlist-after_add_to_cart"},"acf":[],"_links":{"self":[{"href":"https:\/\/www.makitamarket.com.tr\/site\/wp-json\/wp\/v2\/product\/13649","targetHints":{"allow":["GET"]}}],"collection":[{"href":"https:\/\/www.makitamarket.com.tr\/site\/wp-json\/wp\/v2\/product"}],"about":[{"href":"https:\/\/www.makitamarket.com.tr\/site\/wp-json\/wp\/v2\/types\/product"}],"replies":[{"embeddable":true,"href":"https:\/\/www.makitamarket.com.tr\/site\/wp-json\/wp\/v2\/comments?post=13649"}],"wp:attachment":[{"href":"https:\/\/www.makitamarket.com.tr\/site\/wp-json\/wp\/v2\/media?parent=13649"}],"wp:term":[{"taxonomy":"product_brand","embeddable":true,"href":"https:\/\/www.makitamarket.com.tr\/site\/wp-json\/wp\/v2\/product_brand?post=13649"},{"taxonomy":"product_cat","embeddable":true,"href":"https:\/\/www.makitamarket.com.tr\/site\/wp-json\/wp\/v2\/product_cat?post=13649"},{"taxonomy":"product_tag","embeddable":true,"href":"https:\/\/www.makitamarket.com.tr\/site\/wp-json\/wp\/v2\/product_tag?post=13649"}],"curies":[{"name":"wp","href":"https:\/\/api.w.org\/{rel}","templated":true}]}}