{"id":13661,"date":"2024-11-28T18:29:12","date_gmt":"2024-11-28T15:29:12","guid":{"rendered":"https:\/\/www.makitamarket.com.tr\/site\/urun\/knipex-knipex-97-72-180-yuksuk-sikma-pensi\/"},"modified":"2026-03-30T08:40:29","modified_gmt":"2026-03-30T05:40:29","slug":"knipex-knipex-97-72-180-yuksuk-sikma-pensi","status":"publish","type":"product","link":"https:\/\/www.makitamarket.com.tr\/site\/urun\/knipex-knipex-97-72-180-yuksuk-sikma-pensi\/","title":{"rendered":"Knipex 9772180 KNIPEX 97 72 180 Y\u00dcKS\u00dcK SIKMA PENS\u0130"},"content":{"rendered":"<p><b>97 72 180 S\u0131kma Pensesi (Kablo Y\u00fcks\u00fckleri i\u00e7in)<\/b><br \/>Hafif ve ince tasar\u0131m. VDE versiyonu olarak da. Y\u00fcksek aktar\u0131m oran\u0131. 0,25 &#8211; 16 mm\u00b2 aral\u0131\u011f\u0131nda olan kablo y\u00fcks\u00fcklerin s\u0131k\u0131lmas\u0131 DIN 46228 standartlar\u0131na uygun. Y\u00fcks\u00fck ve iletken ba\u011flant\u0131s\u0131n\u0131n g\u00fcvenli olmas\u0131 i\u00e7in i\u015faretlenmi\u015f yar\u0131m yuvarlak profiller i\u00e7inde s\u0131k\u0131lma. 9 adet konik yan y\u00fczeyli ve derin profilli. <\/p>\n<li><b>Uygulama: <\/b>Kablo y\u00fcks\u00fc\u011f\u00fc<\/li>\n<li><b>Kapasite milimetrekare: <\/b>0,25 \u2014 16,0 mm\u00b2<\/li>\n<li><b>Yuva say\u0131s\u0131: <\/b>9<\/li>\n<li><b>AWG: <\/b>24 \u2014 6 <\/li>\n<table>\n<tr>\n<td>Sap<\/td>\n<td>Kal\u0131n izole<\/td>\n<\/tr>\n<tr>\n<td>Kafa<\/td>\n<td>Polisaj<\/td>\n<\/tr>\n<tr>\n<td>Kapasite<\/td>\n<td>0.25-16.0mm\u00b2<\/td>\n<\/tr>\n<tr>\n<td>Uzunluk<\/td>\n<td>180<\/td>\n<\/tr>\n<tr>\n<td>A\u011f\u0131rl\u0131k<\/td>\n<td>283 gr<\/td>\n<\/tr>\n<\/table>\n","protected":false},"excerpt":{"rendered":"<p><b>97 72 180 S\u0131kma Pensesi (Kablo Y\u00fcks\u00fckleri i\u00e7in)<\/b><br \/>Hafif ve ince tasar\u0131m. VDE versiyonu olarak da. Y\u00fcksek aktar\u0131m oran\u0131. 0,25 &#8211; 16 mm\u00b2 aral\u0131\u011f\u0131nda olan kablo y\u00fcks\u00fcklerin s\u0131k\u0131lmas\u0131 DIN 46228 standartlar\u0131na uygun. Y\u00fcks\u00fck ve iletken ba\u011flant\u0131s\u0131n\u0131n g\u00fcvenli olmas\u0131 i\u00e7in i\u015faretlenmi\u015f yar\u0131m yuvarlak profiller i\u00e7inde s\u0131k\u0131lma. 9 adet konik yan y\u00fczeyli ve derin profilli. <\/p>\n<li><b>Uygulama: <\/b>Kablo y\u00fcks\u00fc\u011f\u00fc<\/li>\n<li><b>Kapasite milimetrekare: <\/b>0,25 \u2014 16,0 mm\u00b2<\/li>\n<li><b>Yuva say\u0131s\u0131: <\/b>9<\/li>\n<li><b>AWG: <\/b>24 \u2014 6 <\/li>\n","protected":false},"featured_media":13660,"comment_status":"open","ping_status":"closed","template":"","meta":{"_acf_changed":false},"product_brand":[1486],"product_cat":[852],"product_tag":[],"class_list":{"0":"post-13661","1":"product","2":"type-product","3":"status-publish","4":"has-post-thumbnail","6":"product_brand-knipex","7":"product_cat-kablo-yuksuk-ve-pabuc-sikmalar","9":"first","10":"instock","11":"taxable","12":"shipping-taxable","13":"purchasable","14":"product-type-simple","15":"add-to-wishlist-after_add_to_cart"},"acf":[],"_links":{"self":[{"href":"https:\/\/www.makitamarket.com.tr\/site\/wp-json\/wp\/v2\/product\/13661","targetHints":{"allow":["GET"]}}],"collection":[{"href":"https:\/\/www.makitamarket.com.tr\/site\/wp-json\/wp\/v2\/product"}],"about":[{"href":"https:\/\/www.makitamarket.com.tr\/site\/wp-json\/wp\/v2\/types\/product"}],"replies":[{"embeddable":true,"href":"https:\/\/www.makitamarket.com.tr\/site\/wp-json\/wp\/v2\/comments?post=13661"}],"wp:featuredmedia":[{"embeddable":true,"href":"https:\/\/www.makitamarket.com.tr\/site\/wp-json\/wp\/v2\/media\/13660"}],"wp:attachment":[{"href":"https:\/\/www.makitamarket.com.tr\/site\/wp-json\/wp\/v2\/media?parent=13661"}],"wp:term":[{"taxonomy":"product_brand","embeddable":true,"href":"https:\/\/www.makitamarket.com.tr\/site\/wp-json\/wp\/v2\/product_brand?post=13661"},{"taxonomy":"product_cat","embeddable":true,"href":"https:\/\/www.makitamarket.com.tr\/site\/wp-json\/wp\/v2\/product_cat?post=13661"},{"taxonomy":"product_tag","embeddable":true,"href":"https:\/\/www.makitamarket.com.tr\/site\/wp-json\/wp\/v2\/product_tag?post=13661"}],"curies":[{"name":"wp","href":"https:\/\/api.w.org\/{rel}","templated":true}]}}