{"id":13674,"date":"2024-11-28T18:29:15","date_gmt":"2024-11-28T15:29:15","guid":{"rendered":"https:\/\/www.makitamarket.com.tr\/site\/urun\/knipex-elektronikci-tepe-keski-120-mm\/"},"modified":"2026-04-06T14:40:52","modified_gmt":"2026-04-06T11:40:52","slug":"knipex-elektronikci-tepe-keski-120-mm","status":"publish","type":"product","link":"https:\/\/www.makitamarket.com.tr\/site\/urun\/knipex-elektronikci-tepe-keski-120-mm\/","title":{"rendered":"Knipex 6212120 ELEKTRON\u0130K\u00c7\u0130 TEPE KESK\u0130 120 mm"},"content":{"rendered":"<p><strong>62 12 120 Elektronik\u00e7i Tepe Keski<\/strong><\/p>\n<p>Yumu\u015fak ve orta sertlikte tel i\u00e7in kesiciler. P\u00fcr\u00fczs\u00fcz, temiz kesim i\u00e7in. Kontroll\u00fc a\u00e7\u0131l\u0131p kapanma i\u00e7in yayl\u0131 model. \u0130\u00e7 i\u00e7e ge\u00e7irilmi\u015f mafsal yap\u0131s\u0131. Polisaj ince ya\u011f tabakas\u0131 ile ba\u011flant\u0131l\u0131 olarak korozyona kar\u015f\u0131 iyi bir koruma sunar &#8211; d\u00f6k\u00fclen krom par\u00e7alar elektrik devresinde ar\u0131zaya yol a\u00e7maz. Kesiciler ek olarak lazer sertle\u015ftirmelidir, kesici sertli\u011fi en az 56 HRC. <\/p>\n<p><strong>Yumu\u015fak tel kesme de\u011feri (\u00e7ap): <\/strong>\u00d8 0,3 \u2013 1 mm<\/p>\n<p><strong>Orta sert tel kesme de\u011feri (\u00e7ap): <\/strong>\u00d8 0,7 mm<\/p>\n<p><strong>\u00c7ene uzunlu\u011fu (B): <\/strong>10 mm<\/p>\n<p><strong>\u00c7ene kal\u0131nl\u0131\u011f\u0131 (eklem) (D): <\/strong>7,5 mm<\/p>\n<p><strong>B\u0131\u00e7ak boyu mm (C): <\/strong>17 mm<\/p>\n<p><strong>Kafa geni\u015fli\u011fi (A): <\/strong>11 mm<\/p>\n<table>\n<tr>\n<td>Uzunluk<\/td>\n<td>120<\/td>\n<\/tr>\n<tr>\n<td>Form<\/td>\n<td>Yayl\u0131<\/td>\n<\/tr>\n<tr>\n<td>Kafa<\/td>\n<td>Polisaj<\/td>\n<\/tr>\n<tr>\n<td>Sap<\/td>\n<td>Kal\u0131n izole<\/td>\n<\/tr>\n<tr>\n<td>Yumu\u015fak Tel<\/td>\n<td>0.3-1.0  \u00f8mm<\/td>\n<\/tr>\n<tr>\n<td>Orta Sert Tel<\/td>\n<td>0.7 \u00f8mm<\/td>\n<\/tr>\n<tr>\n<td>A\u011f\u0131rl\u0131k<\/td>\n<td>93 gr<\/td>\n<\/tr>\n<\/table>\n","protected":false},"excerpt":{"rendered":"<p><strong>62 12 120 Elektronik\u00e7i Tepe Keski<\/strong><\/p>\n<p>Yumu\u015fak ve orta sertlikte tel i\u00e7in kesiciler. P\u00fcr\u00fczs\u00fcz, temiz kesim i\u00e7in. Kontroll\u00fc a\u00e7\u0131l\u0131p kapanma i\u00e7in yayl\u0131 model. \u0130\u00e7 i\u00e7e ge\u00e7irilmi\u015f mafsal yap\u0131s\u0131. Polisaj ince ya\u011f tabakas\u0131 ile ba\u011flant\u0131l\u0131 olarak korozyona kar\u015f\u0131 iyi bir koruma sunar &#8211; d\u00f6k\u00fclen krom par\u00e7alar elektrik devresinde ar\u0131zaya yol a\u00e7maz. Kesiciler ek olarak lazer sertle\u015ftirmelidir, kesici sertli\u011fi en az 56 HRC. <\/p>\n<p><strong>Yumu\u015fak tel kesme de\u011feri (\u00e7ap): <\/strong>\u00d8 0,3 \u2013 1 mm<\/p>\n<p><strong>Orta sert tel kesme de\u011feri (\u00e7ap): <\/strong>\u00d8 0,7 mm<\/p>\n<p><strong>\u00c7ene uzunlu\u011fu (B): <\/strong>10 mm<\/p>\n<p><strong>\u00c7ene kal\u0131nl\u0131\u011f\u0131 (eklem) (D): <\/strong>7,5 mm<\/p>\n<p><strong>B\u0131\u00e7ak boyu mm (C): <\/strong>17 mm<\/p>\n<p><strong>Kafa geni\u015fli\u011fi (A): <\/strong>11 mm<\/p>\n","protected":false},"featured_media":13673,"comment_status":"open","ping_status":"closed","template":"","meta":{"_acf_changed":false},"product_brand":[1486],"product_cat":[1213],"product_tag":[],"class_list":{"0":"post-13674","1":"product","2":"type-product","3":"status-publish","4":"has-post-thumbnail","6":"product_brand-knipex","7":"product_cat-tepe-keskiler","9":"first","10":"outofstock","11":"taxable","12":"shipping-taxable","13":"purchasable","14":"product-type-simple","15":"add-to-wishlist-after_add_to_cart"},"acf":[],"_links":{"self":[{"href":"https:\/\/www.makitamarket.com.tr\/site\/wp-json\/wp\/v2\/product\/13674","targetHints":{"allow":["GET"]}}],"collection":[{"href":"https:\/\/www.makitamarket.com.tr\/site\/wp-json\/wp\/v2\/product"}],"about":[{"href":"https:\/\/www.makitamarket.com.tr\/site\/wp-json\/wp\/v2\/types\/product"}],"replies":[{"embeddable":true,"href":"https:\/\/www.makitamarket.com.tr\/site\/wp-json\/wp\/v2\/comments?post=13674"}],"wp:featuredmedia":[{"embeddable":true,"href":"https:\/\/www.makitamarket.com.tr\/site\/wp-json\/wp\/v2\/media\/13673"}],"wp:attachment":[{"href":"https:\/\/www.makitamarket.com.tr\/site\/wp-json\/wp\/v2\/media?parent=13674"}],"wp:term":[{"taxonomy":"product_brand","embeddable":true,"href":"https:\/\/www.makitamarket.com.tr\/site\/wp-json\/wp\/v2\/product_brand?post=13674"},{"taxonomy":"product_cat","embeddable":true,"href":"https:\/\/www.makitamarket.com.tr\/site\/wp-json\/wp\/v2\/product_cat?post=13674"},{"taxonomy":"product_tag","embeddable":true,"href":"https:\/\/www.makitamarket.com.tr\/site\/wp-json\/wp\/v2\/product_tag?post=13674"}],"curies":[{"name":"wp","href":"https:\/\/api.w.org\/{rel}","templated":true}]}}