{"id":13699,"date":"2024-11-28T18:29:21","date_gmt":"2024-11-28T15:29:21","guid":{"rendered":"https:\/\/www.makitamarket.com.tr\/site\/urun\/knipex-vde-uzun-kargaburun-200-mm\/"},"modified":"2026-03-30T08:41:24","modified_gmt":"2026-03-30T05:41:24","slug":"knipex-vde-uzun-kargaburun-200-mm","status":"publish","type":"product","link":"https:\/\/www.makitamarket.com.tr\/site\/urun\/knipex-vde-uzun-kargaburun-200-mm\/","title":{"rendered":"Knipex 2626200 VDE UZUN KARGABURUN 200 mm"},"content":{"rendered":"<p><b>26 26 200 Kargaburun<\/b><br \/>Yass\u0131 yuvarlak, uzun, ucu sivrile\u015fen \u00e7eneler. B\u00fck\u00fclmeye kar\u015f\u0131, mukavemetli, elastik, hassas u\u00e7lar. Hassas mekanik i\u015fleri i\u00e7in ideal. Yumu\u015fak, sert ve orta sertlikte tel i\u00e7in kesiciler. Kesicilere ek olarak ind\u00fcksiyon sertle\u015ftirme uygulamas\u0131 yap\u0131lm\u0131\u015ft\u0131r, kesici sertli\u011fi yakl. 61 HRC. 40\u00b0 a\u00e7\u0131l\u0131 \u00e7eneler. <\/p>\n<li><b>Orta sert tel kesme de\u011feri (\u00e7ap): <\/b>\u00d8 3,2 mm<\/li>\n<li><b>Schneidwerte harter Draht (Durchmesser): <\/b>\u00d8 2,2 mm<\/li>\n<li><b>\u00c7ene kal\u0131nl\u0131\u011f\u0131 (eklem) (T1): <\/b>9,5 mm<\/li>\n<li><b>U\u00e7lar geni\u015flik (W4): <\/b>3,0 mm<\/li>\n<li><b>Tip Thickness (T2): <\/b>2,5 mm<\/li>\n<li><b>Kavrama y\u00fczeyi uzunlu\u011fu (L4): <\/b>23,0 mm<\/li>\n<li><b>\u00c7ene uzunlu\u011fu (L3): <\/b>73,0 mm<\/li>\n<li><b>Kafa geni\u015fli\u011fi (W3): <\/b>18 mm<\/li>\n<li><b>VDE onayl\u0131: <\/b>evet \u00a0<\/li>\n<table>\n<tr>\n<td>Form<\/td>\n<td>E\u011fri<\/td>\n<\/tr>\n<tr>\n<td>Uzunluk<\/td>\n<td>200<\/td>\n<\/tr>\n<tr>\n<td>Orta Sert Tel<\/td>\n<td>3.2 \u00f8mm<\/td>\n<\/tr>\n<tr>\n<td>Sert Tel<\/td>\n<td>2.2 \u00f8mm<\/td>\n<\/tr>\n<tr>\n<td>\u00d6l\u00e7\u00fcler<\/td>\n<td>L3:73mm, W3:17.5mm, T1:9.5mm, W4:3.0mm, T2:2.5mm<\/td>\n<\/tr>\n<tr>\n<td>A\u011f\u0131rl\u0131k<\/td>\n<td>205 gr<\/td>\n<\/tr>\n<\/table>\n","protected":false},"excerpt":{"rendered":"<p><b>26 26 200 Kargaburun<\/b><br \/>Yass\u0131 yuvarlak, uzun, ucu sivrile\u015fen \u00e7eneler. B\u00fck\u00fclmeye kar\u015f\u0131, mukavemetli, elastik, hassas u\u00e7lar. Hassas mekanik i\u015fleri i\u00e7in ideal. Yumu\u015fak, sert ve orta sertlikte tel i\u00e7in kesiciler. Kesicilere ek olarak ind\u00fcksiyon sertle\u015ftirme uygulamas\u0131 yap\u0131lm\u0131\u015ft\u0131r, kesici sertli\u011fi yakl. 61 HRC. 40\u00b0 a\u00e7\u0131l\u0131 \u00e7eneler. <\/p>\n<li><b>Orta sert tel kesme de\u011feri (\u00e7ap): <\/b>\u00d8 3,2 mm<\/li>\n<li><b>Schneidwerte harter Draht (Durchmesser): <\/b>\u00d8 2,2 mm<\/li>\n<li><b>\u00c7ene kal\u0131nl\u0131\u011f\u0131 (eklem) (T1): <\/b>9,5 mm<\/li>\n<li><b>U\u00e7lar geni\u015flik (W4): <\/b>3,0 mm<\/li>\n<li><b>Tip Thickness (T2): <\/b>2,5 mm<\/li>\n<li><b>Kavrama y\u00fczeyi uzunlu\u011fu (L4): <\/b>23,0 mm<\/li>\n<li><b>\u00c7ene uzunlu\u011fu (L3): <\/b>73,0 mm<\/li>\n<li><b>Kafa geni\u015fli\u011fi (W3): <\/b>18 mm<\/li>\n<li><b>VDE onayl\u0131: <\/b>evet \u00a0<\/li>\n","protected":false},"featured_media":13698,"comment_status":"open","ping_status":"closed","template":"","meta":{"_acf_changed":false},"product_brand":[1486],"product_cat":[795],"product_tag":[],"class_list":{"0":"post-13699","1":"product","2":"type-product","3":"status-publish","4":"has-post-thumbnail","6":"product_brand-knipex","7":"product_cat-kargaburunlar","9":"first","10":"outofstock","11":"taxable","12":"shipping-taxable","13":"purchasable","14":"product-type-simple","15":"add-to-wishlist-after_add_to_cart"},"acf":[],"_links":{"self":[{"href":"https:\/\/www.makitamarket.com.tr\/site\/wp-json\/wp\/v2\/product\/13699","targetHints":{"allow":["GET"]}}],"collection":[{"href":"https:\/\/www.makitamarket.com.tr\/site\/wp-json\/wp\/v2\/product"}],"about":[{"href":"https:\/\/www.makitamarket.com.tr\/site\/wp-json\/wp\/v2\/types\/product"}],"replies":[{"embeddable":true,"href":"https:\/\/www.makitamarket.com.tr\/site\/wp-json\/wp\/v2\/comments?post=13699"}],"wp:featuredmedia":[{"embeddable":true,"href":"https:\/\/www.makitamarket.com.tr\/site\/wp-json\/wp\/v2\/media\/13698"}],"wp:attachment":[{"href":"https:\/\/www.makitamarket.com.tr\/site\/wp-json\/wp\/v2\/media?parent=13699"}],"wp:term":[{"taxonomy":"product_brand","embeddable":true,"href":"https:\/\/www.makitamarket.com.tr\/site\/wp-json\/wp\/v2\/product_brand?post=13699"},{"taxonomy":"product_cat","embeddable":true,"href":"https:\/\/www.makitamarket.com.tr\/site\/wp-json\/wp\/v2\/product_cat?post=13699"},{"taxonomy":"product_tag","embeddable":true,"href":"https:\/\/www.makitamarket.com.tr\/site\/wp-json\/wp\/v2\/product_tag?post=13699"}],"curies":[{"name":"wp","href":"https:\/\/api.w.org\/{rel}","templated":true}]}}