{"id":13722,"date":"2024-11-28T18:30:51","date_gmt":"2024-11-28T15:30:51","guid":{"rendered":"https:\/\/www.makitamarket.com.tr\/site\/urun\/knipex-knipex-70-05-180-t-asma-halkali-yan-keski\/"},"modified":"2026-03-30T08:41:31","modified_gmt":"2026-03-30T05:41:31","slug":"knipex-knipex-70-05-180-t-asma-halkali-yan-keski","status":"publish","type":"product","link":"https:\/\/www.makitamarket.com.tr\/site\/urun\/knipex-knipex-70-05-180-t-asma-halkali-yan-keski\/","title":{"rendered":"Knipex 7005180T KNIPEX 70 05 180 T ASMA HALKALI YAN KESK\u0130"},"content":{"rendered":"<p><b>70 05 180 Yan keski<\/b><br \/>Zor eri\u015filebilen \u00e7al\u0131\u015fma alanlar\u0131nda kullan\u0131m i\u00e7in ince kafa \u015fekli. \u00c7ok ama\u00e7l\u0131 kullan\u0131m i\u00e7in vazge\u00e7ilmez yan keski. Uzun kullan\u0131m \u00f6mr\u00fc i\u00e7in y\u00fcksek kaliteli malzeme ve hassas i\u015fleme. Yumu\u015fak ve sert tel i\u00e7in hassas kesiciler. Kesici u\u00e7lar\u0131nda temiz kesim, ince bak\u0131r tellerde de. Kesicilere ek olarak ind\u00fcksiyon sertle\u015ftirme uygulamas\u0131 yap\u0131lm\u0131\u015ft\u0131r, kesici sertli\u011fi yakl. 62 HRC. Fasetli. <\/p>\n<li><b>Yumu\u015fak tel kesme de\u011feri (\u00e7ap): <\/b>\u00d8 4,0 mm<\/li>\n<li><b>Orta sert tel kesme de\u011feri (\u00e7ap): <\/b>\u00d8 3,0 mm<\/li>\n<li><b>Yumu\u015fak tel kesme de\u011feri (\u00e7ap): <\/b>\u00d8 2,5 mm<\/li>\n<table>\n<tr>\n<td>Uzunluk<\/td>\n<td>180<\/td>\n<\/tr>\n<tr>\n<td>Kafa<\/td>\n<td>Krom<\/td>\n<\/tr>\n<tr>\n<td>Sap<\/td>\n<td>Kal\u0131n izole<\/td>\n<\/tr>\n<tr>\n<td>Kesme Kapasitesi<\/td>\n<td>Yumu\u015fak Tel :4,0, Orta Sert Tel:3,0 &#8211; Sert Tel:2,50 &#8211; A\u011f\u0131rl\u0131k:258 gr<\/td>\n<\/tr>\n<\/table>\n","protected":false},"excerpt":{"rendered":"<p><b>70 05 180 Yan keski<\/b><br \/>Zor eri\u015filebilen \u00e7al\u0131\u015fma alanlar\u0131nda kullan\u0131m i\u00e7in ince kafa \u015fekli. \u00c7ok ama\u00e7l\u0131 kullan\u0131m i\u00e7in vazge\u00e7ilmez yan keski. Uzun kullan\u0131m \u00f6mr\u00fc i\u00e7in y\u00fcksek kaliteli malzeme ve hassas i\u015fleme. Yumu\u015fak ve sert tel i\u00e7in hassas kesiciler. Kesici u\u00e7lar\u0131nda temiz kesim, ince bak\u0131r tellerde de. Kesicilere ek olarak ind\u00fcksiyon sertle\u015ftirme uygulamas\u0131 yap\u0131lm\u0131\u015ft\u0131r, kesici sertli\u011fi yakl. 62 HRC. Fasetli. <\/p>\n<li><b>Yumu\u015fak tel kesme de\u011feri (\u00e7ap): <\/b>\u00d8 4,0 mm<\/li>\n<li><b>Orta sert tel kesme de\u011feri (\u00e7ap): <\/b>\u00d8 3,0 mm<\/li>\n<li><b>Yumu\u015fak tel kesme de\u011feri (\u00e7ap): <\/b>\u00d8 2,5 mm<\/li>\n","protected":false},"featured_media":13721,"comment_status":"open","ping_status":"closed","template":"","meta":{"_acf_changed":false},"product_brand":[1486],"product_cat":[1161],"product_tag":[],"class_list":{"0":"post-13722","1":"product","2":"type-product","3":"status-publish","4":"has-post-thumbnail","6":"product_brand-knipex","7":"product_cat-yan-keskiler","9":"first","10":"instock","11":"taxable","12":"shipping-taxable","13":"purchasable","14":"product-type-simple","15":"add-to-wishlist-after_add_to_cart"},"acf":[],"_links":{"self":[{"href":"https:\/\/www.makitamarket.com.tr\/site\/wp-json\/wp\/v2\/product\/13722","targetHints":{"allow":["GET"]}}],"collection":[{"href":"https:\/\/www.makitamarket.com.tr\/site\/wp-json\/wp\/v2\/product"}],"about":[{"href":"https:\/\/www.makitamarket.com.tr\/site\/wp-json\/wp\/v2\/types\/product"}],"replies":[{"embeddable":true,"href":"https:\/\/www.makitamarket.com.tr\/site\/wp-json\/wp\/v2\/comments?post=13722"}],"wp:featuredmedia":[{"embeddable":true,"href":"https:\/\/www.makitamarket.com.tr\/site\/wp-json\/wp\/v2\/media\/13721"}],"wp:attachment":[{"href":"https:\/\/www.makitamarket.com.tr\/site\/wp-json\/wp\/v2\/media?parent=13722"}],"wp:term":[{"taxonomy":"product_brand","embeddable":true,"href":"https:\/\/www.makitamarket.com.tr\/site\/wp-json\/wp\/v2\/product_brand?post=13722"},{"taxonomy":"product_cat","embeddable":true,"href":"https:\/\/www.makitamarket.com.tr\/site\/wp-json\/wp\/v2\/product_cat?post=13722"},{"taxonomy":"product_tag","embeddable":true,"href":"https:\/\/www.makitamarket.com.tr\/site\/wp-json\/wp\/v2\/product_tag?post=13722"}],"curies":[{"name":"wp","href":"https:\/\/api.w.org\/{rel}","templated":true}]}}