{"id":13748,"date":"2024-11-28T18:30:58","date_gmt":"2024-11-28T15:30:58","guid":{"rendered":"https:\/\/www.makitamarket.com.tr\/site\/urun\/knipex-kablo-siyirici-yan-keski-160-mm\/"},"modified":"2026-03-30T08:42:22","modified_gmt":"2026-03-30T05:42:22","slug":"knipex-kablo-siyirici-yan-keski-160-mm","status":"publish","type":"product","link":"https:\/\/www.makitamarket.com.tr\/site\/urun\/knipex-kablo-siyirici-yan-keski-160-mm\/","title":{"rendered":"Knipex 1422160 KABLO SIYIRICI YAN KESK\u0130 160 mm"},"content":{"rendered":"<p><b>14 22 160 Yan Keski (Kablo S\u0131y\u0131rma \u00d6zelli\u011fi \u0130le)<\/b><br \/>uzun kesicili. g\u00fc\u00e7l\u00fc mafsal sayesinde y\u00fcksek kesme performans\u0131. 1,5 ve 2,5 mm\u00b2 kesitli iletkenler i\u00e7in hassas izolasyon s\u0131y\u0131rma delikleri. Azami 5 x 2,5 mm\u00b2 kal\u0131nl\u0131\u011fa kadar olan NYM kablolar\u0131n\u0131 kesme. Dar \u00e7al\u0131\u015fma alanlar\u0131nda \u00e7ok hassas kesme i\u015flemleri i\u00e7in kullan\u0131lacak uzun u\u00e7lar. \u0130nd\u00fcksiyon y\u00f6ntemiyle sertle\u015ftirilmi\u015f hassas kesiciler, kesici sertli\u011fi yakl. 60 HRC. <\/p>\n<li><b>Yumu\u015fak tel kesme de\u011feri (\u00e7ap): <\/b>\u00d8 2,5 mm<\/li>\n<li><b>Orta sert tel kesme de\u011feri (\u00e7ap): <\/b>\u00d8 1,5 mm<\/li>\n<li><b>Kablo s\u0131y\u0131rma de\u011feri milimetrekare: <\/b>1,5 \/ 2,5 mm\u00b2<\/li>\n<li><b>AWG: <\/b>16 \/ 14 <\/li>\n<table>\n<tr>\n<td>Sap<\/td>\n<td>Kal\u0131n izole<\/td>\n<\/tr>\n<tr>\n<td>Kafa<\/td>\n<td>Polisaj<\/td>\n<\/tr>\n<tr>\n<td>Uzunluk<\/td>\n<td>160<\/td>\n<\/tr>\n<tr>\n<td>S\u0131y\u0131rma Kapasitesi<\/td>\n<td>1.5+2.5 mm\u00b2 , 15+13 AWG<\/td>\n<\/tr>\n<tr>\n<td>Yumu\u015fak Tel<\/td>\n<td>2.5 \u00f8mm<\/td>\n<\/tr>\n<tr>\n<td>Orta Sert Tel<\/td>\n<td>1.5 \u00f8mm<\/td>\n<\/tr>\n<\/table>\n","protected":false},"excerpt":{"rendered":"<p><b>14 22 160 Yan Keski (Kablo S\u0131y\u0131rma \u00d6zelli\u011fi \u0130le)<\/b><br \/>uzun kesicili. g\u00fc\u00e7l\u00fc mafsal sayesinde y\u00fcksek kesme performans\u0131. 1,5 ve 2,5 mm\u00b2 kesitli iletkenler i\u00e7in hassas izolasyon s\u0131y\u0131rma delikleri. Azami 5 x 2,5 mm\u00b2 kal\u0131nl\u0131\u011fa kadar olan NYM kablolar\u0131n\u0131 kesme. Dar \u00e7al\u0131\u015fma alanlar\u0131nda \u00e7ok hassas kesme i\u015flemleri i\u00e7in kullan\u0131lacak uzun u\u00e7lar. \u0130nd\u00fcksiyon y\u00f6ntemiyle sertle\u015ftirilmi\u015f hassas kesiciler, kesici sertli\u011fi yakl. 60 HRC. <\/p>\n<li><b>Yumu\u015fak tel kesme de\u011feri (\u00e7ap): <\/b>\u00d8 2,5 mm<\/li>\n<li><b>Orta sert tel kesme de\u011feri (\u00e7ap): <\/b>\u00d8 1,5 mm<\/li>\n<li><b>Kablo s\u0131y\u0131rma de\u011feri milimetrekare: <\/b>1,5 \/ 2,5 mm\u00b2<\/li>\n<li><b>AWG: <\/b>16 \/ 14 <\/li>\n","protected":false},"featured_media":13747,"comment_status":"open","ping_status":"closed","template":"","meta":{"_acf_changed":false},"product_brand":[1486],"product_cat":[991],"product_tag":[],"class_list":{"0":"post-13748","1":"product","2":"type-product","3":"status-publish","4":"has-post-thumbnail","6":"product_brand-knipex","7":"product_cat-kablo-siyirmalar","9":"first","10":"instock","11":"taxable","12":"shipping-taxable","13":"purchasable","14":"product-type-simple","15":"add-to-wishlist-after_add_to_cart"},"acf":[],"_links":{"self":[{"href":"https:\/\/www.makitamarket.com.tr\/site\/wp-json\/wp\/v2\/product\/13748","targetHints":{"allow":["GET"]}}],"collection":[{"href":"https:\/\/www.makitamarket.com.tr\/site\/wp-json\/wp\/v2\/product"}],"about":[{"href":"https:\/\/www.makitamarket.com.tr\/site\/wp-json\/wp\/v2\/types\/product"}],"replies":[{"embeddable":true,"href":"https:\/\/www.makitamarket.com.tr\/site\/wp-json\/wp\/v2\/comments?post=13748"}],"wp:featuredmedia":[{"embeddable":true,"href":"https:\/\/www.makitamarket.com.tr\/site\/wp-json\/wp\/v2\/media\/13747"}],"wp:attachment":[{"href":"https:\/\/www.makitamarket.com.tr\/site\/wp-json\/wp\/v2\/media?parent=13748"}],"wp:term":[{"taxonomy":"product_brand","embeddable":true,"href":"https:\/\/www.makitamarket.com.tr\/site\/wp-json\/wp\/v2\/product_brand?post=13748"},{"taxonomy":"product_cat","embeddable":true,"href":"https:\/\/www.makitamarket.com.tr\/site\/wp-json\/wp\/v2\/product_cat?post=13748"},{"taxonomy":"product_tag","embeddable":true,"href":"https:\/\/www.makitamarket.com.tr\/site\/wp-json\/wp\/v2\/product_tag?post=13748"}],"curies":[{"name":"wp","href":"https:\/\/api.w.org\/{rel}","templated":true}]}}