{"id":13751,"date":"2024-11-28T18:32:45","date_gmt":"2024-11-28T15:32:45","guid":{"rendered":"https:\/\/www.makitamarket.com.tr\/site\/urun\/makita-ezychange-bi-metal-delik-testere-icin-sds-plus-adaptor\/"},"modified":"2026-04-13T20:45:34","modified_gmt":"2026-04-13T17:45:34","slug":"makita-ezychange-bi-metal-delik-testere-icin-sds-plus-adaptor","status":"publish","type":"product","link":"https:\/\/www.makitamarket.com.tr\/site\/urun\/makita-ezychange-bi-metal-delik-testere-icin-sds-plus-adaptor\/","title":{"rendered":"Makita B-31902 EZYCHANGE B\u0130 METAL DEL\u0130K TESTERE \u0130\u00c7\u0130N SDS PLUS ADAPT\u00d6R"},"content":{"rendered":"<table><\/table>\n","protected":false},"excerpt":{"rendered":"","protected":false},"featured_media":0,"comment_status":"open","ping_status":"closed","template":"","meta":{"_acf_changed":false},"product_brand":[1485],"product_cat":[1195],"product_tag":[],"class_list":{"0":"post-13751","1":"product","2":"type-product","3":"status-publish","5":"product_brand-makita","6":"product_cat-ezychange-delik-testereler","8":"first","9":"instock","10":"taxable","11":"shipping-taxable","12":"purchasable","13":"product-type-simple","14":"add-to-wishlist-after_add_to_cart"},"acf":[],"_links":{"self":[{"href":"https:\/\/www.makitamarket.com.tr\/site\/wp-json\/wp\/v2\/product\/13751","targetHints":{"allow":["GET"]}}],"collection":[{"href":"https:\/\/www.makitamarket.com.tr\/site\/wp-json\/wp\/v2\/product"}],"about":[{"href":"https:\/\/www.makitamarket.com.tr\/site\/wp-json\/wp\/v2\/types\/product"}],"replies":[{"embeddable":true,"href":"https:\/\/www.makitamarket.com.tr\/site\/wp-json\/wp\/v2\/comments?post=13751"}],"wp:attachment":[{"href":"https:\/\/www.makitamarket.com.tr\/site\/wp-json\/wp\/v2\/media?parent=13751"}],"wp:term":[{"taxonomy":"product_brand","embeddable":true,"href":"https:\/\/www.makitamarket.com.tr\/site\/wp-json\/wp\/v2\/product_brand?post=13751"},{"taxonomy":"product_cat","embeddable":true,"href":"https:\/\/www.makitamarket.com.tr\/site\/wp-json\/wp\/v2\/product_cat?post=13751"},{"taxonomy":"product_tag","embeddable":true,"href":"https:\/\/www.makitamarket.com.tr\/site\/wp-json\/wp\/v2\/product_tag?post=13751"}],"curies":[{"name":"wp","href":"https:\/\/api.w.org\/{rel}","templated":true}]}}