{"id":13758,"date":"2024-11-28T18:32:47","date_gmt":"2024-11-28T15:32:47","guid":{"rendered":"https:\/\/www.makitamarket.com.tr\/site\/urun\/scheppach-hms850-hms1070-icin-yedek-hss-bicak\/"},"modified":"2025-11-16T08:10:06","modified_gmt":"2025-11-16T05:10:06","slug":"scheppach-hms850-hms1070-icin-yedek-hss-bicak","status":"publish","type":"product","link":"https:\/\/www.makitamarket.com.tr\/site\/urun\/scheppach-hms850-hms1070-icin-yedek-hss-bicak\/","title":{"rendered":"Scheppach 3902202701 HMS850 \/ HMS1070 \u0130\u00c7\u0130N YEDEK HSS BI\u00c7AK"},"content":{"rendered":"<table>\n<tr>\n<td>Tan\u0131m<\/td>\n<td>2 adet yedek HSS b\u0131\u00e7ak<\/td>\n<\/tr>\n<\/table>\n","protected":false},"excerpt":{"rendered":"<p>Tan\u0131m 2 adet yedek HSS b\u0131\u00e7ak<\/p>\n","protected":false},"featured_media":15263,"comment_status":"open","ping_status":"closed","template":"","meta":{"_acf_changed":false},"product_brand":[1514],"product_cat":[893],"product_tag":[],"class_list":{"0":"post-13758","1":"product","2":"type-product","3":"status-publish","4":"has-post-thumbnail","6":"product_brand-scheppach","7":"product_cat-planya-makinalari","9":"first","10":"outofstock","11":"taxable","12":"shipping-taxable","13":"purchasable","14":"product-type-simple","15":"add-to-wishlist-after_add_to_cart"},"acf":[],"_links":{"self":[{"href":"https:\/\/www.makitamarket.com.tr\/site\/wp-json\/wp\/v2\/product\/13758","targetHints":{"allow":["GET"]}}],"collection":[{"href":"https:\/\/www.makitamarket.com.tr\/site\/wp-json\/wp\/v2\/product"}],"about":[{"href":"https:\/\/www.makitamarket.com.tr\/site\/wp-json\/wp\/v2\/types\/product"}],"replies":[{"embeddable":true,"href":"https:\/\/www.makitamarket.com.tr\/site\/wp-json\/wp\/v2\/comments?post=13758"}],"wp:featuredmedia":[{"embeddable":true,"href":"https:\/\/www.makitamarket.com.tr\/site\/wp-json\/wp\/v2\/media\/15263"}],"wp:attachment":[{"href":"https:\/\/www.makitamarket.com.tr\/site\/wp-json\/wp\/v2\/media?parent=13758"}],"wp:term":[{"taxonomy":"product_brand","embeddable":true,"href":"https:\/\/www.makitamarket.com.tr\/site\/wp-json\/wp\/v2\/product_brand?post=13758"},{"taxonomy":"product_cat","embeddable":true,"href":"https:\/\/www.makitamarket.com.tr\/site\/wp-json\/wp\/v2\/product_cat?post=13758"},{"taxonomy":"product_tag","embeddable":true,"href":"https:\/\/www.makitamarket.com.tr\/site\/wp-json\/wp\/v2\/product_tag?post=13758"}],"curies":[{"name":"wp","href":"https:\/\/api.w.org\/{rel}","templated":true}]}}