{"id":13769,"date":"2024-11-28T18:32:50","date_gmt":"2024-11-28T15:32:50","guid":{"rendered":"https:\/\/www.makitamarket.com.tr\/site\/urun\/proxxon-hassas-v-kanali-kiskac\/"},"modified":"2026-04-06T14:42:55","modified_gmt":"2026-04-06T11:42:55","slug":"proxxon-hassas-v-kanali-kiskac","status":"publish","type":"product","link":"https:\/\/www.makitamarket.com.tr\/site\/urun\/proxxon-hassas-v-kanali-kiskac\/","title":{"rendered":"Proxxon 24262 HASSAS V KANALI KISKA\u00c7"},"content":{"rendered":"<div>\n\tFarkl\u0131 tipteki i\u015f par\u00e7alar\u0131n\u0131 s\u0131k\u0131\u015ft\u0131rma i\u00e7in. Cift halde hassas i\u015flenen sertle\u015ftirilmi\u015f celikten. Farkl\u0131 derinlikte V kanal\u0131, 90\u00b0ac\u0131l\u0131. Boyutlar 50 x 30 x 30mm. Sa\u011flam k\u0131skac ve vidal\u0131 topuz i\u015f parcas\u0131n\u0131n mukemmel s\u0131k\u0131\u015fmas\u0131<\/div>\n<table><\/table>\n","protected":false},"excerpt":{"rendered":"<div>\n\tFarkl\u0131 tipteki i\u015f par\u00e7alar\u0131n\u0131 s\u0131k\u0131\u015ft\u0131rma i\u00e7in. Cift halde hassas i\u015flenen sertle\u015ftirilmi\u015f celikten. Farkl\u0131 derinlikte V kanal\u0131, 90\u00b0ac\u0131l\u0131. Boyutlar 50 x 30 x 30mm. Sa\u011flam k\u0131skac ve vidal\u0131 topuz i\u015f parcas\u0131n\u0131n mukemmel s\u0131k\u0131\u015fmas\u0131<\/div>\n","protected":false},"featured_media":13768,"comment_status":"open","ping_status":"closed","template":"","meta":{"_acf_changed":false},"product_brand":[1501],"product_cat":[926],"product_tag":[],"class_list":{"0":"post-13769","1":"product","2":"type-product","3":"status-publish","4":"has-post-thumbnail","6":"product_brand-proxxon","7":"product_cat-aksesuarlar-mikro-aletleri","9":"first","10":"outofstock","11":"taxable","12":"shipping-taxable","13":"purchasable","14":"product-type-simple","15":"add-to-wishlist-after_add_to_cart"},"acf":[],"_links":{"self":[{"href":"https:\/\/www.makitamarket.com.tr\/site\/wp-json\/wp\/v2\/product\/13769","targetHints":{"allow":["GET"]}}],"collection":[{"href":"https:\/\/www.makitamarket.com.tr\/site\/wp-json\/wp\/v2\/product"}],"about":[{"href":"https:\/\/www.makitamarket.com.tr\/site\/wp-json\/wp\/v2\/types\/product"}],"replies":[{"embeddable":true,"href":"https:\/\/www.makitamarket.com.tr\/site\/wp-json\/wp\/v2\/comments?post=13769"}],"wp:featuredmedia":[{"embeddable":true,"href":"https:\/\/www.makitamarket.com.tr\/site\/wp-json\/wp\/v2\/media\/13768"}],"wp:attachment":[{"href":"https:\/\/www.makitamarket.com.tr\/site\/wp-json\/wp\/v2\/media?parent=13769"}],"wp:term":[{"taxonomy":"product_brand","embeddable":true,"href":"https:\/\/www.makitamarket.com.tr\/site\/wp-json\/wp\/v2\/product_brand?post=13769"},{"taxonomy":"product_cat","embeddable":true,"href":"https:\/\/www.makitamarket.com.tr\/site\/wp-json\/wp\/v2\/product_cat?post=13769"},{"taxonomy":"product_tag","embeddable":true,"href":"https:\/\/www.makitamarket.com.tr\/site\/wp-json\/wp\/v2\/product_tag?post=13769"}],"curies":[{"name":"wp","href":"https:\/\/api.w.org\/{rel}","templated":true}]}}