{"id":13796,"date":"2024-11-28T18:33:07","date_gmt":"2024-11-28T15:33:07","guid":{"rendered":"https:\/\/www.makitamarket.com.tr\/site\/urun\/bmi-bmi-alustar-691w60-aluminyum-acili-su-terazisi-60cm\/"},"modified":"2026-04-06T14:43:52","modified_gmt":"2026-04-06T11:43:52","slug":"bmi-bmi-alustar-691w60-aluminyum-acili-su-terazisi-60cm","status":"publish","type":"product","link":"https:\/\/www.makitamarket.com.tr\/site\/urun\/bmi-bmi-alustar-691w60-aluminyum-acili-su-terazisi-60cm\/","title":{"rendered":"Bmi ALUSTAR 691W 60CM BMI ALUSTAR 691W60 AL\u00dcM\u0130NYUM A\u00c7ILI SU TERAZ\u0130S\u0130 60cm"},"content":{"rendered":"<div>\n\tYuvarlak bi\u00e7imli orjinal BMI terazi g\u00f6zleri sayesinde b\u00fcy\u00fctec etkisi ile rahat okuma sa\u011fan\u0131r.<\/div>\n<div>\n\tDayan\u0131kl\u0131 al\u00fcminyum profil ve \u015fok emici lastik tamponlar.<\/div>\n<div>\n\tA\u00e7\u0131 ayarl\u0131 d\u00f6ner terazi g\u00f6z\u00fc.<\/div>\n<div>\n\tUltrasonik kaynakl\u0131 terazi g\u00f6zleri sayesinde \u00f6m\u00fcr boyu y\u00fcksek hassasiyet 0.5mm\/m<\/div>\n<table>\n<tr>\n<td>Uzunluk<\/td>\n<td>60 cm<\/td>\n<\/tr>\n<\/table>\n","protected":false},"excerpt":{"rendered":"<div>\n\tYuvarlak bi\u00e7imli orjinal BMI terazi g\u00f6zleri sayesinde b\u00fcy\u00fctec etkisi ile rahat okuma sa\u011fan\u0131r.<\/div>\n<div>\n\tDayan\u0131kl\u0131 al\u00fcminyum profil ve \u015fok emici lastik tamponlar.<\/div>\n<div>\n\tA\u00e7\u0131 ayarl\u0131 d\u00f6ner terazi g\u00f6z\u00fc.<\/div>\n<div>\n\tUltrasonik kaynakl\u0131 terazi g\u00f6zleri sayesinde \u00f6m\u00fcr boyu y\u00fcksek hassasiyet 0.5mm\/m<\/div>\n","protected":false},"featured_media":13795,"comment_status":"open","ping_status":"closed","template":"","meta":{"_acf_changed":false},"product_brand":[1522],"product_cat":[974],"product_tag":[],"class_list":{"0":"post-13796","1":"product","2":"type-product","3":"status-publish","4":"has-post-thumbnail","6":"product_brand-bmi","7":"product_cat-su-terazileri","9":"first","10":"instock","11":"taxable","12":"shipping-taxable","13":"purchasable","14":"product-type-simple","15":"add-to-wishlist-after_add_to_cart"},"acf":[],"_links":{"self":[{"href":"https:\/\/www.makitamarket.com.tr\/site\/wp-json\/wp\/v2\/product\/13796","targetHints":{"allow":["GET"]}}],"collection":[{"href":"https:\/\/www.makitamarket.com.tr\/site\/wp-json\/wp\/v2\/product"}],"about":[{"href":"https:\/\/www.makitamarket.com.tr\/site\/wp-json\/wp\/v2\/types\/product"}],"replies":[{"embeddable":true,"href":"https:\/\/www.makitamarket.com.tr\/site\/wp-json\/wp\/v2\/comments?post=13796"}],"wp:featuredmedia":[{"embeddable":true,"href":"https:\/\/www.makitamarket.com.tr\/site\/wp-json\/wp\/v2\/media\/13795"}],"wp:attachment":[{"href":"https:\/\/www.makitamarket.com.tr\/site\/wp-json\/wp\/v2\/media?parent=13796"}],"wp:term":[{"taxonomy":"product_brand","embeddable":true,"href":"https:\/\/www.makitamarket.com.tr\/site\/wp-json\/wp\/v2\/product_brand?post=13796"},{"taxonomy":"product_cat","embeddable":true,"href":"https:\/\/www.makitamarket.com.tr\/site\/wp-json\/wp\/v2\/product_cat?post=13796"},{"taxonomy":"product_tag","embeddable":true,"href":"https:\/\/www.makitamarket.com.tr\/site\/wp-json\/wp\/v2\/product_tag?post=13796"}],"curies":[{"name":"wp","href":"https:\/\/api.w.org\/{rel}","templated":true}]}}