{"id":13798,"date":"2024-11-28T18:33:07","date_gmt":"2024-11-28T15:33:07","guid":{"rendered":"https:\/\/www.makitamarket.com.tr\/site\/urun\/virax-virax-2906-00-spiral-kanal-temizleme\/"},"modified":"2026-03-30T08:43:22","modified_gmt":"2026-03-30T05:43:22","slug":"virax-virax-2906-00-spiral-kanal-temizleme","status":"publish","type":"product","link":"https:\/\/www.makitamarket.com.tr\/site\/urun\/virax-virax-2906-00-spiral-kanal-temizleme\/","title":{"rendered":"Virax 290600 VIRAX 2906 00 SP\u0130RAL KANAL TEM\u0130ZLEME"},"content":{"rendered":"<table>\n<tr>\n<td>Boru \u00d6l\u00e7\u00fcs\u00fc<\/td>\n<td>25-50<\/td>\n<\/tr>\n<tr>\n<td>Spiral \u00c7ap\u0131<\/td>\n<td>6,35 mm<\/td>\n<\/tr>\n<tr>\n<td>Spiral Uzunluk<\/td>\n<td>7,5 m<\/td>\n<\/tr>\n<tr>\n<td>A\u011f\u0131rl\u0131k<\/td>\n<td>2,075<\/td>\n<\/tr>\n<\/table>\n","protected":false},"excerpt":{"rendered":"<p>Boru \u00d6l\u00e7\u00fcs\u00fc 25-50 Spiral \u00c7ap\u0131 6,35 mm Spiral Uzunluk 7,5 m A\u011f\u0131rl\u0131k 2,075<\/p>\n","protected":false},"featured_media":13797,"comment_status":"open","ping_status":"closed","template":"","meta":{"_acf_changed":false},"product_brand":[1495],"product_cat":[1015],"product_tag":[],"class_list":{"0":"post-13798","1":"product","2":"type-product","3":"status-publish","4":"has-post-thumbnail","6":"product_brand-virax","7":"product_cat-boru-temizleme-aparatlari","9":"first","10":"instock","11":"taxable","12":"shipping-taxable","13":"purchasable","14":"product-type-simple","15":"add-to-wishlist-after_add_to_cart"},"acf":[],"_links":{"self":[{"href":"https:\/\/www.makitamarket.com.tr\/site\/wp-json\/wp\/v2\/product\/13798","targetHints":{"allow":["GET"]}}],"collection":[{"href":"https:\/\/www.makitamarket.com.tr\/site\/wp-json\/wp\/v2\/product"}],"about":[{"href":"https:\/\/www.makitamarket.com.tr\/site\/wp-json\/wp\/v2\/types\/product"}],"replies":[{"embeddable":true,"href":"https:\/\/www.makitamarket.com.tr\/site\/wp-json\/wp\/v2\/comments?post=13798"}],"wp:featuredmedia":[{"embeddable":true,"href":"https:\/\/www.makitamarket.com.tr\/site\/wp-json\/wp\/v2\/media\/13797"}],"wp:attachment":[{"href":"https:\/\/www.makitamarket.com.tr\/site\/wp-json\/wp\/v2\/media?parent=13798"}],"wp:term":[{"taxonomy":"product_brand","embeddable":true,"href":"https:\/\/www.makitamarket.com.tr\/site\/wp-json\/wp\/v2\/product_brand?post=13798"},{"taxonomy":"product_cat","embeddable":true,"href":"https:\/\/www.makitamarket.com.tr\/site\/wp-json\/wp\/v2\/product_cat?post=13798"},{"taxonomy":"product_tag","embeddable":true,"href":"https:\/\/www.makitamarket.com.tr\/site\/wp-json\/wp\/v2\/product_tag?post=13798"}],"curies":[{"name":"wp","href":"https:\/\/api.w.org\/{rel}","templated":true}]}}