{"id":13812,"date":"2024-11-28T18:33:14","date_gmt":"2024-11-28T15:33:14","guid":{"rendered":"https:\/\/www.makitamarket.com.tr\/site\/urun\/nikon-aluminyum-oksit-cirtli-deliksiz-disk-zimpara-180-mm-400-kum\/"},"modified":"2026-03-30T08:43:23","modified_gmt":"2026-03-30T05:43:23","slug":"nikon-aluminyum-oksit-cirtli-deliksiz-disk-zimpara-180-mm-400-kum","status":"publish","type":"product","link":"https:\/\/www.makitamarket.com.tr\/site\/urun\/nikon-aluminyum-oksit-cirtli-deliksiz-disk-zimpara-180-mm-400-kum\/","title":{"rendered":"Nikon N33351 AL\u00dcM\u0130NYUM OKS\u0130T CIRTLI (DEL\u0130KS\u0130Z) D\u0130SK ZIMPARA 180 mm 400 KUM"},"content":{"rendered":"<p>\n\t<span style=\"color: rgb(255, 0, 0);\"><strong>Kullan\u0131m Alan\u0131:<\/strong><\/span>\u00d6zellikle Otomotiv sekt\u00f6r\u00fcnde z\u0131mparan\u0131n t\u0131kanmamas\u0131 sebebiyle ve Ah\u015fap y\u00fczeylerin z\u0131mparalanmas\u0131nda kullan\u0131l\u0131r<\/p>\n<table>\n<tr>\n<td>Tipi<\/td>\n<td>Beyaz Al\u00fcminyum Oksit<\/td>\n<\/tr>\n<tr>\n<td>Kum<\/td>\n<td>400<\/td>\n<\/tr>\n<tr>\n<td>\u00d6l\u00e7\u00fcs\u00fc<\/td>\n<td>180mm &#8211; Deliksiz<\/td>\n<\/tr>\n<tr>\n<td>Kutu \u0130\u00e7i Adedi<\/td>\n<td>100<\/td>\n<\/tr>\n<\/table>\n","protected":false},"excerpt":{"rendered":"<p>\n\t<span style=\"color: rgb(255, 0, 0);\"><strong>Kullan\u0131m Alan\u0131:<\/strong><\/span>\u00d6zellikle Otomotiv sekt\u00f6r\u00fcnde z\u0131mparan\u0131n t\u0131kanmamas\u0131 sebebiyle ve Ah\u015fap y\u00fczeylerin z\u0131mparalanmas\u0131nda kullan\u0131l\u0131r<\/p>\n","protected":false},"featured_media":13811,"comment_status":"open","ping_status":"closed","template":"","meta":{"_acf_changed":false},"product_brand":[1518],"product_cat":[1272],"product_tag":[],"class_list":{"0":"post-13812","1":"product","2":"type-product","3":"status-publish","4":"has-post-thumbnail","6":"product_brand-nikon","7":"product_cat-cirtli-disk-zimparalar","9":"first","10":"instock","11":"taxable","12":"shipping-taxable","13":"purchasable","14":"product-type-simple","15":"add-to-wishlist-after_add_to_cart"},"acf":[],"_links":{"self":[{"href":"https:\/\/www.makitamarket.com.tr\/site\/wp-json\/wp\/v2\/product\/13812","targetHints":{"allow":["GET"]}}],"collection":[{"href":"https:\/\/www.makitamarket.com.tr\/site\/wp-json\/wp\/v2\/product"}],"about":[{"href":"https:\/\/www.makitamarket.com.tr\/site\/wp-json\/wp\/v2\/types\/product"}],"replies":[{"embeddable":true,"href":"https:\/\/www.makitamarket.com.tr\/site\/wp-json\/wp\/v2\/comments?post=13812"}],"wp:featuredmedia":[{"embeddable":true,"href":"https:\/\/www.makitamarket.com.tr\/site\/wp-json\/wp\/v2\/media\/13811"}],"wp:attachment":[{"href":"https:\/\/www.makitamarket.com.tr\/site\/wp-json\/wp\/v2\/media?parent=13812"}],"wp:term":[{"taxonomy":"product_brand","embeddable":true,"href":"https:\/\/www.makitamarket.com.tr\/site\/wp-json\/wp\/v2\/product_brand?post=13812"},{"taxonomy":"product_cat","embeddable":true,"href":"https:\/\/www.makitamarket.com.tr\/site\/wp-json\/wp\/v2\/product_cat?post=13812"},{"taxonomy":"product_tag","embeddable":true,"href":"https:\/\/www.makitamarket.com.tr\/site\/wp-json\/wp\/v2\/product_tag?post=13812"}],"curies":[{"name":"wp","href":"https:\/\/api.w.org\/{rel}","templated":true}]}}