{"id":13829,"date":"2024-11-28T18:33:18","date_gmt":"2024-11-28T15:33:18","guid":{"rendered":"https:\/\/www.makitamarket.com.tr\/site\/urun\/bea-bea-cn-26x25-cn-26-tipi-beton-civisi\/"},"modified":"2026-03-30T08:43:28","modified_gmt":"2026-03-30T05:43:28","slug":"bea-bea-cn-26x25-cn-26-tipi-beton-civisi","status":"publish","type":"product","link":"https:\/\/www.makitamarket.com.tr\/site\/urun\/bea-bea-cn-26x25-cn-26-tipi-beton-civisi\/","title":{"rendered":"Bea CN 26X25 BEA CN 26&#215;25 CN 26 T\u0130P\u0130 BETON \u00c7\u0130V\u0130S\u0130"},"content":{"rendered":"<div>\n\t<strong>PAKET \u0130\u00c7ER\u0130\u011e\u0130:\u00a0<\/strong><\/div>\n<div>\n\t\u2022 1 Adet BEA 115 FC T\u00dcP 40gr.,1000 at\u0131ml\u0131k.<\/div>\n<div>\n\t\u2022 1000 Adet CN Konsantre Beton \u00c7ivisi<\/div>\n<div id=\"cke_pastebin\">\n\t<strong><span style=\"color: rgb(255, 0, 0);\">Not:<\/span><\/strong>\u00a0<span style=\"color: rgb(255, 0, 0);\">\u00c7ivi fiyatlar\u0131 1000 adet fiyatlar\u0131d\u0131r.<\/span><\/div>\n<table>\n<tr>\n<td>Uzunluk<\/td>\n<td>25 mm<\/td>\n<\/tr>\n<tr>\n<td>Paket Adet<\/td>\n<td>1.000<\/td>\n<\/tr>\n<tr>\n<td>Koli Adet<\/td>\n<td>10.000<\/td>\n<\/tr>\n<\/table>\n","protected":false},"excerpt":{"rendered":"<div>\n\t<strong>PAKET \u0130\u00c7ER\u0130\u011e\u0130:\u00a0<\/strong><\/div>\n<div>\n\t\u2022 1 Adet BEA 115 FC T\u00dcP 40gr.,1000 at\u0131ml\u0131k.<\/div>\n<div>\n\t\u2022 1000 Adet CN Konsantre Beton \u00c7ivisi<\/div>\n<div id=\"cke_pastebin\">\n\t<strong><span style=\"color: rgb(255, 0, 0);\">Not:<\/span><\/strong>\u00a0<span style=\"color: rgb(255, 0, 0);\">\u00c7ivi fiyatlar\u0131 1000 adet fiyatlar\u0131d\u0131r.<\/span><\/div>\n","protected":false},"featured_media":13828,"comment_status":"open","ping_status":"closed","template":"","meta":{"_acf_changed":false},"product_brand":[1508],"product_cat":[1227],"product_tag":[],"class_list":{"0":"post-13829","1":"product","2":"type-product","3":"status-publish","4":"has-post-thumbnail","6":"product_brand-bea","7":"product_cat-beton-civileri","9":"first","10":"instock","11":"taxable","12":"shipping-taxable","13":"purchasable","14":"product-type-simple","15":"add-to-wishlist-after_add_to_cart"},"acf":[],"_links":{"self":[{"href":"https:\/\/www.makitamarket.com.tr\/site\/wp-json\/wp\/v2\/product\/13829","targetHints":{"allow":["GET"]}}],"collection":[{"href":"https:\/\/www.makitamarket.com.tr\/site\/wp-json\/wp\/v2\/product"}],"about":[{"href":"https:\/\/www.makitamarket.com.tr\/site\/wp-json\/wp\/v2\/types\/product"}],"replies":[{"embeddable":true,"href":"https:\/\/www.makitamarket.com.tr\/site\/wp-json\/wp\/v2\/comments?post=13829"}],"wp:featuredmedia":[{"embeddable":true,"href":"https:\/\/www.makitamarket.com.tr\/site\/wp-json\/wp\/v2\/media\/13828"}],"wp:attachment":[{"href":"https:\/\/www.makitamarket.com.tr\/site\/wp-json\/wp\/v2\/media?parent=13829"}],"wp:term":[{"taxonomy":"product_brand","embeddable":true,"href":"https:\/\/www.makitamarket.com.tr\/site\/wp-json\/wp\/v2\/product_brand?post=13829"},{"taxonomy":"product_cat","embeddable":true,"href":"https:\/\/www.makitamarket.com.tr\/site\/wp-json\/wp\/v2\/product_cat?post=13829"},{"taxonomy":"product_tag","embeddable":true,"href":"https:\/\/www.makitamarket.com.tr\/site\/wp-json\/wp\/v2\/product_tag?post=13829"}],"curies":[{"name":"wp","href":"https:\/\/api.w.org\/{rel}","templated":true}]}}