{"id":13861,"date":"2024-11-28T18:41:18","date_gmt":"2024-11-28T15:41:18","guid":{"rendered":"https:\/\/www.makitamarket.com.tr\/site\/urun\/makita-sds-plus-matkap-ucu-seti\/"},"modified":"2026-03-30T08:44:23","modified_gmt":"2026-03-30T05:44:23","slug":"makita-sds-plus-matkap-ucu-seti","status":"publish","type":"product","link":"https:\/\/www.makitamarket.com.tr\/site\/urun\/makita-sds-plus-matkap-ucu-seti\/","title":{"rendered":"Makita D-33853 SDS PLUS MATKAP UCU SET\u0130"},"content":{"rendered":"<p>\n\t\u00a0<\/p>\n<p>\n\t\u00a0<\/p>\n<table border=\"1\" cellpadding=\"1\" cellspacing=\"1\" height=\"173\" width=\"440\">\n<tbody>\n<tr>\n<td colspan=\"3\" style=\"text-align: center;\">\n\t\t\t\t<strong>SDS Plus U\u00e7 Seti<br \/>\n\t\t\t\t<\/strong><\/td>\n<\/tr>\n<tr>\n<td style=\"text-align: center;\">\n\t\t\t\t<strong>\u00c7AP (mm)<br \/>\n\t\t\t\t<\/strong><\/td>\n<td style=\"text-align: center;\">\n\t\t\t\t<strong>UZUNLUK (mm)<br \/>\n\t\t\t\t<\/strong><\/td>\n<td style=\"text-align: center;\">\n\t\t\t\t<strong>\u00c7ALI\u015eMA UZUNLU\u011eU (mm)<br \/>\n\t\t\t\t<\/strong><\/td>\n<\/tr>\n<tr>\n<td style=\"text-align: center;\">\n\t\t\t\t5<\/td>\n<td style=\"text-align: center;\">\n\t\t\t\t110<\/td>\n<td style=\"text-align: center;\">\n\t\t\t\t42<\/td>\n<\/tr>\n<tr>\n<td style=\"text-align: center;\">\n\t\t\t\t6<\/td>\n<td style=\"text-align: center;\">\n\t\t\t\t110<\/td>\n<td style=\"text-align: center;\">\n\t\t\t\t42<\/td>\n<\/tr>\n<tr>\n<td style=\"text-align: center;\">\n\t\t\t\t7<\/td>\n<td style=\"text-align: center;\">\n\t\t\t\t110<\/td>\n<td style=\"text-align: center;\">\n\t\t\t\t42<\/td>\n<\/tr>\n<tr>\n<td style=\"text-align: center;\">\n\t\t\t\t6<\/td>\n<td style=\"text-align: center;\">\n\t\t\t\t160<\/td>\n<td style=\"text-align: center;\">\n\t\t\t\t92<\/td>\n<\/tr>\n<tr>\n<td style=\"text-align: center;\">\n\t\t\t\t7<\/td>\n<td style=\"text-align: center;\">\n\t\t\t\t160<\/td>\n<td style=\"text-align: center;\">\n\t\t\t\t92<\/td>\n<\/tr>\n<\/tbody>\n<\/table>\n<p>\n\t<strong>\u00a0* Her bir \u00f6l\u00e7\u00fcden 5&#8217;er adet mevcuttur.<br \/>\n\t<\/strong><\/p>\n<table>\n<tr>\n<td>Set \u00d6l\u00e7\u00fcleri<\/td>\n<td>5 x 110 x 42<\/td>\n<\/tr>\n<tr>\n<td>Set \u00d6l\u00e7\u00fcleri<\/td>\n<td>6 x 110 x 42<\/td>\n<\/tr>\n<tr>\n<td>Set \u00d6l\u00e7\u00fcleri<\/td>\n<td>7 x 110 x 42<\/td>\n<\/tr>\n<tr>\n<td>Set \u00d6l\u00e7\u00fcleri<\/td>\n<td>6 x 160 x 92<\/td>\n<\/tr>\n<tr>\n<td>Set \u00d6l\u00e7\u00fcleri<\/td>\n<td>7 x 160 x 92<\/td>\n<\/tr>\n<\/table>\n","protected":false},"excerpt":{"rendered":"<p>\n\t\u00a0<\/p>\n<p>\n\t\u00a0<\/p>\n<table border=\"1\" cellpadding=\"1\" cellspacing=\"1\" height=\"173\" width=\"440\">\n<tbody>\n<tr>\n<td colspan=\"3\" style=\"text-align: center;\">\n\t\t\t\t<strong>SDS Plus U\u00e7 Seti<br \/>\n\t\t\t\t<\/strong><\/td>\n<\/tr>\n<tr>\n<td style=\"text-align: center;\">\n\t\t\t\t<strong>\u00c7AP (mm)<br \/>\n\t\t\t\t<\/strong><\/td>\n<td style=\"text-align: center;\">\n\t\t\t\t<strong>UZUNLUK (mm)<br \/>\n\t\t\t\t<\/strong><\/td>\n<td style=\"text-align: center;\">\n\t\t\t\t<strong>\u00c7ALI\u015eMA UZUNLU\u011eU (mm)<br \/>\n\t\t\t\t<\/strong><\/td>\n<\/tr>\n<tr>\n<td style=\"text-align: center;\">\n\t\t\t\t5<\/td>\n<td style=\"text-align: center;\">\n\t\t\t\t110<\/td>\n<td style=\"text-align: center;\">\n\t\t\t\t42<\/td>\n<\/tr>\n<tr>\n<td style=\"text-align: center;\">\n\t\t\t\t6<\/td>\n<td style=\"text-align: center;\">\n\t\t\t\t110<\/td>\n<td style=\"text-align: center;\">\n\t\t\t\t42<\/td>\n<\/tr>\n<tr>\n<td style=\"text-align: center;\">\n\t\t\t\t7<\/td>\n<td style=\"text-align: center;\">\n\t\t\t\t110<\/td>\n<td style=\"text-align: center;\">\n\t\t\t\t42<\/td>\n<\/tr>\n<tr>\n<td style=\"text-align: center;\">\n\t\t\t\t6<\/td>\n<td style=\"text-align: center;\">\n\t\t\t\t160<\/td>\n<td style=\"text-align: center;\">\n\t\t\t\t92<\/td>\n<\/tr>\n<tr>\n<td style=\"text-align: center;\">\n\t\t\t\t7<\/td>\n<td style=\"text-align: center;\">\n\t\t\t\t160<\/td>\n<td style=\"text-align: center;\">\n\t\t\t\t92<\/td>\n<\/tr>\n<\/tbody>\n<\/table>\n<p>\n\t<strong>\u00a0* Her bir \u00f6l\u00e7\u00fcden 5&#8217;er adet mevcuttur.<br \/>\n\t<\/strong><\/p>\n","protected":false},"featured_media":13860,"comment_status":"open","ping_status":"closed","template":"","meta":{"_acf_changed":false},"product_brand":[1485],"product_cat":[1096],"product_tag":[],"class_list":{"0":"post-13861","1":"product","2":"type-product","3":"status-publish","4":"has-post-thumbnail","6":"product_brand-makita","7":"product_cat-ahsap-matkap-uclari","9":"first","10":"instock","11":"taxable","12":"shipping-taxable","13":"purchasable","14":"product-type-simple","15":"add-to-wishlist-after_add_to_cart"},"acf":[],"_links":{"self":[{"href":"https:\/\/www.makitamarket.com.tr\/site\/wp-json\/wp\/v2\/product\/13861","targetHints":{"allow":["GET"]}}],"collection":[{"href":"https:\/\/www.makitamarket.com.tr\/site\/wp-json\/wp\/v2\/product"}],"about":[{"href":"https:\/\/www.makitamarket.com.tr\/site\/wp-json\/wp\/v2\/types\/product"}],"replies":[{"embeddable":true,"href":"https:\/\/www.makitamarket.com.tr\/site\/wp-json\/wp\/v2\/comments?post=13861"}],"wp:featuredmedia":[{"embeddable":true,"href":"https:\/\/www.makitamarket.com.tr\/site\/wp-json\/wp\/v2\/media\/13860"}],"wp:attachment":[{"href":"https:\/\/www.makitamarket.com.tr\/site\/wp-json\/wp\/v2\/media?parent=13861"}],"wp:term":[{"taxonomy":"product_brand","embeddable":true,"href":"https:\/\/www.makitamarket.com.tr\/site\/wp-json\/wp\/v2\/product_brand?post=13861"},{"taxonomy":"product_cat","embeddable":true,"href":"https:\/\/www.makitamarket.com.tr\/site\/wp-json\/wp\/v2\/product_cat?post=13861"},{"taxonomy":"product_tag","embeddable":true,"href":"https:\/\/www.makitamarket.com.tr\/site\/wp-json\/wp\/v2\/product_tag?post=13861"}],"curies":[{"name":"wp","href":"https:\/\/api.w.org\/{rel}","templated":true}]}}