{"id":13874,"date":"2024-11-28T18:41:22","date_gmt":"2024-11-28T15:41:22","guid":{"rendered":"https:\/\/www.makitamarket.com.tr\/site\/urun\/maxpower-maxpower-iki-agiz-anh-mx200-1415mm\/"},"modified":"2026-04-06T14:45:57","modified_gmt":"2026-04-06T11:45:57","slug":"maxpower-maxpower-iki-agiz-anh-mx200-1415mm","status":"publish","type":"product","link":"https:\/\/www.makitamarket.com.tr\/site\/urun\/maxpower-maxpower-iki-agiz-anh-mx200-1415mm\/","title":{"rendered":"Maxpower MX200 14X15 MAXPOWER IKI AGIZ ANH.MX200 14*15mm"},"content":{"rendered":"<p>MAXPOWER a\u00e7\u0131ka\u011f\u0131z anahtar. Bu \u00fcr\u00fcn\u00fcn kutusunun i\u00e7inde 12 adet bulunur.<\/p>\n<table>\n<tr>\n<td>\u00d6l\u00e7\u00fcs\u00fc<\/td>\n<td>14x15mm<\/td>\n<\/tr>\n<\/table>\n","protected":false},"excerpt":{"rendered":"<p>MAXPOWER a\u00e7\u0131ka\u011f\u0131z anahtar. Bu \u00fcr\u00fcn\u00fcn kutusunun i\u00e7inde 12 adet bulunur.<\/p>\n","protected":false},"featured_media":13873,"comment_status":"open","ping_status":"closed","template":"","meta":{"_acf_changed":false},"product_brand":[1515],"product_cat":[1565],"product_tag":[],"class_list":{"0":"post-13874","1":"product","2":"type-product","3":"status-publish","4":"has-post-thumbnail","6":"product_brand-maxpower","7":"product_cat-yok-yok","9":"first","10":"instock","11":"taxable","12":"shipping-taxable","13":"purchasable","14":"product-type-simple","15":"add-to-wishlist-after_add_to_cart"},"acf":[],"_links":{"self":[{"href":"https:\/\/www.makitamarket.com.tr\/site\/wp-json\/wp\/v2\/product\/13874","targetHints":{"allow":["GET"]}}],"collection":[{"href":"https:\/\/www.makitamarket.com.tr\/site\/wp-json\/wp\/v2\/product"}],"about":[{"href":"https:\/\/www.makitamarket.com.tr\/site\/wp-json\/wp\/v2\/types\/product"}],"replies":[{"embeddable":true,"href":"https:\/\/www.makitamarket.com.tr\/site\/wp-json\/wp\/v2\/comments?post=13874"}],"wp:featuredmedia":[{"embeddable":true,"href":"https:\/\/www.makitamarket.com.tr\/site\/wp-json\/wp\/v2\/media\/13873"}],"wp:attachment":[{"href":"https:\/\/www.makitamarket.com.tr\/site\/wp-json\/wp\/v2\/media?parent=13874"}],"wp:term":[{"taxonomy":"product_brand","embeddable":true,"href":"https:\/\/www.makitamarket.com.tr\/site\/wp-json\/wp\/v2\/product_brand?post=13874"},{"taxonomy":"product_cat","embeddable":true,"href":"https:\/\/www.makitamarket.com.tr\/site\/wp-json\/wp\/v2\/product_cat?post=13874"},{"taxonomy":"product_tag","embeddable":true,"href":"https:\/\/www.makitamarket.com.tr\/site\/wp-json\/wp\/v2\/product_tag?post=13874"}],"curies":[{"name":"wp","href":"https:\/\/api.w.org\/{rel}","templated":true}]}}