{"id":13919,"date":"2024-11-28T19:23:10","date_gmt":"2024-11-28T16:23:10","guid":{"rendered":"https:\/\/www.makitamarket.com.tr\/site\/urun\/junkaung-kollu-el-vinci-irgat-w06-508\/"},"modified":"2026-04-06T14:46:59","modified_gmt":"2026-04-06T11:46:59","slug":"junkaung-kollu-el-vinci-irgat-w06-508","status":"publish","type":"product","link":"https:\/\/www.makitamarket.com.tr\/site\/urun\/junkaung-kollu-el-vinci-irgat-w06-508\/","title":{"rendered":"Junkaung JK06202 KOLLU EL V\u0130NC\u0130 (IRGAT) W06 &#8211; 508"},"content":{"rendered":"<div>\n\t\u2022<span style=\"color:#f00;\"><strong><span style=\"font-family: arial, sans-serif; font-size: 16px;\">\u00a0<\/span><\/strong><\/span>El Frenli<\/div>\n<div>\n\t\u2022<strong style=\"color: rgb(255, 0, 0);\"><span style=\"font-family: arial, sans-serif; font-size: 16px;\">\u00a0<\/span><\/strong>2 H\u0131zl\u0131<\/div>\n<table>\n<tr>\n<td>G\u00fcvenli \u00c7al\u0131\u015fma Y\u00fck\u00fc<\/td>\n<td>900 kg<\/td>\n<\/tr>\n<tr>\n<td>Di\u015fli Oran\u0131<\/td>\n<td>4.1:1 \/ 10.7:1<\/td>\n<\/tr>\n<tr>\n<td>Standart\u0131<\/td>\n<td>CE<\/td>\n<\/tr>\n<\/table>\n","protected":false},"excerpt":{"rendered":"<div>\n\t\u2022<span style=\"color:#f00;\"><strong><span style=\"font-family: arial, sans-serif; font-size: 16px;\">\u00a0<\/span><\/strong><\/span>El Frenli<\/div>\n<div>\n\t\u2022<strong style=\"color: rgb(255, 0, 0);\"><span style=\"font-family: arial, sans-serif; font-size: 16px;\">\u00a0<\/span><\/strong>2 H\u0131zl\u0131<\/div>\n","protected":false},"featured_media":13918,"comment_status":"open","ping_status":"closed","template":"","meta":{"_acf_changed":false},"product_brand":[1549],"product_cat":[1069],"product_tag":[],"class_list":{"0":"post-13919","1":"product","2":"type-product","3":"status-publish","4":"has-post-thumbnail","6":"product_brand-junkaung","7":"product_cat-spanzetler-irgatlar-gerdirmeler","9":"first","10":"outofstock","11":"taxable","12":"shipping-taxable","13":"purchasable","14":"product-type-simple","15":"add-to-wishlist-after_add_to_cart"},"acf":[],"_links":{"self":[{"href":"https:\/\/www.makitamarket.com.tr\/site\/wp-json\/wp\/v2\/product\/13919","targetHints":{"allow":["GET"]}}],"collection":[{"href":"https:\/\/www.makitamarket.com.tr\/site\/wp-json\/wp\/v2\/product"}],"about":[{"href":"https:\/\/www.makitamarket.com.tr\/site\/wp-json\/wp\/v2\/types\/product"}],"replies":[{"embeddable":true,"href":"https:\/\/www.makitamarket.com.tr\/site\/wp-json\/wp\/v2\/comments?post=13919"}],"wp:featuredmedia":[{"embeddable":true,"href":"https:\/\/www.makitamarket.com.tr\/site\/wp-json\/wp\/v2\/media\/13918"}],"wp:attachment":[{"href":"https:\/\/www.makitamarket.com.tr\/site\/wp-json\/wp\/v2\/media?parent=13919"}],"wp:term":[{"taxonomy":"product_brand","embeddable":true,"href":"https:\/\/www.makitamarket.com.tr\/site\/wp-json\/wp\/v2\/product_brand?post=13919"},{"taxonomy":"product_cat","embeddable":true,"href":"https:\/\/www.makitamarket.com.tr\/site\/wp-json\/wp\/v2\/product_cat?post=13919"},{"taxonomy":"product_tag","embeddable":true,"href":"https:\/\/www.makitamarket.com.tr\/site\/wp-json\/wp\/v2\/product_tag?post=13919"}],"curies":[{"name":"wp","href":"https:\/\/api.w.org\/{rel}","templated":true}]}}