{"id":13948,"date":"2024-11-28T19:25:04","date_gmt":"2024-11-28T16:25:04","guid":{"rendered":"https:\/\/www.makitamarket.com.tr\/site\/urun\/knipex-telefon-ve-jak-baglanti-pensesi-190-mm\/"},"modified":"2026-05-12T17:22:17","modified_gmt":"2026-05-12T14:22:17","slug":"knipex-telefon-ve-jak-baglanti-pensesi-190-mm","status":"publish","type":"product","link":"https:\/\/www.makitamarket.com.tr\/site\/urun\/knipex-telefon-ve-jak-baglanti-pensesi-190-mm\/","title":{"rendered":"Knipex 975110 TELEFON VE JAK BA\u011eLANTI PENSES\u0130 190 mm"},"content":{"rendered":"<p><strong>97 51 10 Telefon Ba\u011flant\u0131 Pensi (Jak S\u0131kmak \u0130\u00e7in)<\/strong><\/p>\n<p> Paralel s\u0131kma (krimpleme) sayesinde tam s\u0131kma i\u015flemi. C\u0131rc\u0131r mekanizmas\u0131 sayesinde tekrarlanabilen y\u00fcksek s\u0131kma kalitesi (kilidi a\u00e7\u0131labilir). Uygulanan kuvvet, yorulmadan \u00e7al\u0131\u015fma i\u00e7in kol aktar\u0131m\u0131 sayesinde g\u00fc\u00e7lendirilir. <\/p>\n<p><strong>: <\/strong>RJ 11\/12 (6p) 9,65 mm RJ 45 (8p) 11,68 mm<\/p>\n<p><strong>Yuva say\u0131s\u0131: <\/strong>2<\/p>\n<p><strong>: <\/strong>Western soketi<\/p>\n<table>\n<tr>\n<td>Sap<\/td>\n<td>\u0130zole<\/td>\n<\/tr>\n<tr>\n<td>Uzunluk<\/td>\n<td>190<\/td>\n<\/tr>\n<tr>\n<td>Kapasite<\/td>\n<td>RJ11\/12\/(6P) RJ45\/(8BP)<\/td>\n<\/tr>\n<tr>\n<td>A\u011f\u0131rl\u0131k<\/td>\n<td>340 gr<\/td>\n<\/tr>\n<tr>\n<td>Kullanma Yeri<\/td>\n<td>Telefon konnekt\u00f6r kablo ba\u011flant\u0131lar\u0131<\/td>\n<\/tr>\n<\/table>\n","protected":false},"excerpt":{"rendered":"<p><strong>97 51 10 Telefon Ba\u011flant\u0131 Pensi (Jak S\u0131kmak \u0130\u00e7in)<\/strong><\/p>\n<p> Paralel s\u0131kma (krimpleme) sayesinde tam s\u0131kma i\u015flemi. C\u0131rc\u0131r mekanizmas\u0131 sayesinde tekrarlanabilen y\u00fcksek s\u0131kma kalitesi (kilidi a\u00e7\u0131labilir). Uygulanan kuvvet, yorulmadan \u00e7al\u0131\u015fma i\u00e7in kol aktar\u0131m\u0131 sayesinde g\u00fc\u00e7lendirilir. <\/p>\n<p><strong>: <\/strong>RJ 11\/12 (6p) 9,65 mm RJ 45 (8p) 11,68 mm<\/p>\n<p><strong>Yuva say\u0131s\u0131: <\/strong>2<\/p>\n<p><strong>: <\/strong>Western soketi<\/p>\n","protected":false},"featured_media":13947,"comment_status":"open","ping_status":"closed","template":"","meta":{"_acf_changed":false},"product_brand":[1486],"product_cat":[852],"product_tag":[],"class_list":{"0":"post-13948","1":"product","2":"type-product","3":"status-publish","4":"has-post-thumbnail","6":"product_brand-knipex","7":"product_cat-kablo-yuksuk-ve-pabuc-sikmalar","9":"first","10":"instock","11":"taxable","12":"shipping-taxable","13":"purchasable","14":"product-type-simple","15":"add-to-wishlist-after_add_to_cart"},"acf":[],"_links":{"self":[{"href":"https:\/\/www.makitamarket.com.tr\/site\/wp-json\/wp\/v2\/product\/13948","targetHints":{"allow":["GET"]}}],"collection":[{"href":"https:\/\/www.makitamarket.com.tr\/site\/wp-json\/wp\/v2\/product"}],"about":[{"href":"https:\/\/www.makitamarket.com.tr\/site\/wp-json\/wp\/v2\/types\/product"}],"replies":[{"embeddable":true,"href":"https:\/\/www.makitamarket.com.tr\/site\/wp-json\/wp\/v2\/comments?post=13948"}],"wp:featuredmedia":[{"embeddable":true,"href":"https:\/\/www.makitamarket.com.tr\/site\/wp-json\/wp\/v2\/media\/13947"}],"wp:attachment":[{"href":"https:\/\/www.makitamarket.com.tr\/site\/wp-json\/wp\/v2\/media?parent=13948"}],"wp:term":[{"taxonomy":"product_brand","embeddable":true,"href":"https:\/\/www.makitamarket.com.tr\/site\/wp-json\/wp\/v2\/product_brand?post=13948"},{"taxonomy":"product_cat","embeddable":true,"href":"https:\/\/www.makitamarket.com.tr\/site\/wp-json\/wp\/v2\/product_cat?post=13948"},{"taxonomy":"product_tag","embeddable":true,"href":"https:\/\/www.makitamarket.com.tr\/site\/wp-json\/wp\/v2\/product_tag?post=13948"}],"curies":[{"name":"wp","href":"https:\/\/api.w.org\/{rel}","templated":true}]}}