{"id":13970,"date":"2024-11-28T19:25:10","date_gmt":"2024-11-28T16:25:10","guid":{"rendered":"https:\/\/www.makitamarket.com.tr\/site\/urun\/makita-sds-max-puruzlendirme-adaptoru\/"},"modified":"2026-04-06T14:48:07","modified_gmt":"2026-04-06T11:48:07","slug":"makita-sds-max-puruzlendirme-adaptoru","status":"publish","type":"product","link":"https:\/\/www.makitamarket.com.tr\/site\/urun\/makita-sds-max-puruzlendirme-adaptoru\/","title":{"rendered":"Makita A-19897 SDS &#8211; MAX P\u00dcR\u00dcZLEND\u0130RME ADAPT\u00d6R\u00dc"},"content":{"rendered":"<p>\n\tSDS Max tip u\u00e7 kullanan makinalarda ana \u00fcr\u00fcn olan A-19881 kodlu \u00fcr\u00fcne monte edilerek kullan\u0131l\u0131r.<\/p>\n<p>\n\tTek ba\u015f\u0131na kullan\u0131lamaz. P\u00fcr\u00fczlendirme i\u00e7in adapt\u00f6rd\u00fcr.<\/p>\n<table>\n<tr>\n<td>Tip<\/td>\n<td>P\u00fcr\u00fczlendirme Adapt\u00f6r\u00fc<\/td>\n<\/tr>\n<tr>\n<td>\u1d13<\/td>\n<td>140<\/td>\n<\/tr>\n<\/table>\n","protected":false},"excerpt":{"rendered":"<p>\n\tSDS Max tip u\u00e7 kullanan makinalarda ana \u00fcr\u00fcn olan A-19881 kodlu \u00fcr\u00fcne monte edilerek kullan\u0131l\u0131r.<\/p>\n<p>\n\tTek ba\u015f\u0131na kullan\u0131lamaz. P\u00fcr\u00fczlendirme i\u00e7in adapt\u00f6rd\u00fcr.<\/p>\n","protected":false},"featured_media":13969,"comment_status":"open","ping_status":"closed","template":"","meta":{"_acf_changed":false},"product_brand":[1485],"product_cat":[1209],"product_tag":[],"class_list":{"0":"post-13970","1":"product","2":"type-product","3":"status-publish","4":"has-post-thumbnail","6":"product_brand-makita","7":"product_cat-sds-max-keskiler","9":"first","10":"instock","11":"taxable","12":"shipping-taxable","13":"purchasable","14":"product-type-simple","15":"add-to-wishlist-after_add_to_cart"},"acf":[],"_links":{"self":[{"href":"https:\/\/www.makitamarket.com.tr\/site\/wp-json\/wp\/v2\/product\/13970","targetHints":{"allow":["GET"]}}],"collection":[{"href":"https:\/\/www.makitamarket.com.tr\/site\/wp-json\/wp\/v2\/product"}],"about":[{"href":"https:\/\/www.makitamarket.com.tr\/site\/wp-json\/wp\/v2\/types\/product"}],"replies":[{"embeddable":true,"href":"https:\/\/www.makitamarket.com.tr\/site\/wp-json\/wp\/v2\/comments?post=13970"}],"wp:featuredmedia":[{"embeddable":true,"href":"https:\/\/www.makitamarket.com.tr\/site\/wp-json\/wp\/v2\/media\/13969"}],"wp:attachment":[{"href":"https:\/\/www.makitamarket.com.tr\/site\/wp-json\/wp\/v2\/media?parent=13970"}],"wp:term":[{"taxonomy":"product_brand","embeddable":true,"href":"https:\/\/www.makitamarket.com.tr\/site\/wp-json\/wp\/v2\/product_brand?post=13970"},{"taxonomy":"product_cat","embeddable":true,"href":"https:\/\/www.makitamarket.com.tr\/site\/wp-json\/wp\/v2\/product_cat?post=13970"},{"taxonomy":"product_tag","embeddable":true,"href":"https:\/\/www.makitamarket.com.tr\/site\/wp-json\/wp\/v2\/product_tag?post=13970"}],"curies":[{"name":"wp","href":"https:\/\/api.w.org\/{rel}","templated":true}]}}