{"id":13988,"date":"2024-11-28T19:25:19","date_gmt":"2024-11-28T16:25:19","guid":{"rendered":"https:\/\/www.makitamarket.com.tr\/site\/urun\/edn-vtf-vts-laminant-testere-200x3-0x30mm-64-dis\/"},"modified":"2026-04-06T14:48:14","modified_gmt":"2026-04-06T11:48:14","slug":"edn-vtf-vts-laminant-testere-200x3-0x30mm-64-dis","status":"publish","type":"product","link":"https:\/\/www.makitamarket.com.tr\/site\/urun\/edn-vtf-vts-laminant-testere-200x3-0x30mm-64-dis\/","title":{"rendered":"Edn VTF 200 VTF (VTS) LAM\u0130NANT TESTERE 200&#215;3.0x30mm 64 D\u0130\u015e"},"content":{"rendered":"<div>\n\tBoylamas\u0131na kesim ve \u00f6l\u00e7\u00fcmlemeler<\/div>\n<div>\n\t\u2022 Pozitif di\u015f a\u00e7\u0131s\u0131 \u2022 Ses azalt\u0131lm\u0131\u015f \u2022 \u00d6zellikle duro plastik (maksimum 5mm kesim y\u00fcksekli\u011fi)<\/div>\n<div>\n\t\u2022 Termoplastik (Maksimum 8mm kesim y\u00fcksekli\u011fi)<\/div>\n<div>\n\t\u2022 Resim \u00e7er\u00e7eveleri plastik profiller<\/div>\n<div>\n\t\u2022 Panel kesim testereleri, g\u00f6nye kesme testereleri ve yatar testereleri i\u00e7in ideal<\/div>\n<table>\n<tr>\n<td>\u00c7ap<\/td>\n<td>200<\/td>\n<\/tr>\n<tr>\n<td>G\u00f6bek<\/td>\n<td>30<\/td>\n<\/tr>\n<tr>\n<td>Kal\u0131nl\u0131k<\/td>\n<td>3,2<\/td>\n<\/tr>\n<tr>\n<td>Di\u015f<\/td>\n<td>64 di\u015f<\/td>\n<\/tr>\n<\/table>\n","protected":false},"excerpt":{"rendered":"<div>\n\tBoylamas\u0131na kesim ve \u00f6l\u00e7\u00fcmlemeler<\/div>\n<div>\n\t\u2022 Pozitif di\u015f a\u00e7\u0131s\u0131 \u2022 Ses azalt\u0131lm\u0131\u015f \u2022 \u00d6zellikle duro plastik (maksimum 5mm kesim y\u00fcksekli\u011fi)<\/div>\n<div>\n\t\u2022 Termoplastik (Maksimum 8mm kesim y\u00fcksekli\u011fi)<\/div>\n<div>\n\t\u2022 Resim \u00e7er\u00e7eveleri plastik profiller<\/div>\n<div>\n\t\u2022 Panel kesim testereleri, g\u00f6nye kesme testereleri ve yatar testereleri i\u00e7in ideal<\/div>\n","protected":false},"featured_media":13987,"comment_status":"open","ping_status":"closed","template":"","meta":{"_acf_changed":false},"product_brand":[1542],"product_cat":[1565],"product_tag":[],"class_list":{"0":"post-13988","1":"product","2":"type-product","3":"status-publish","4":"has-post-thumbnail","6":"product_brand-edn","7":"product_cat-yok-yok","9":"first","10":"instock","11":"taxable","12":"shipping-taxable","13":"purchasable","14":"product-type-simple","15":"add-to-wishlist-after_add_to_cart"},"acf":[],"_links":{"self":[{"href":"https:\/\/www.makitamarket.com.tr\/site\/wp-json\/wp\/v2\/product\/13988","targetHints":{"allow":["GET"]}}],"collection":[{"href":"https:\/\/www.makitamarket.com.tr\/site\/wp-json\/wp\/v2\/product"}],"about":[{"href":"https:\/\/www.makitamarket.com.tr\/site\/wp-json\/wp\/v2\/types\/product"}],"replies":[{"embeddable":true,"href":"https:\/\/www.makitamarket.com.tr\/site\/wp-json\/wp\/v2\/comments?post=13988"}],"wp:featuredmedia":[{"embeddable":true,"href":"https:\/\/www.makitamarket.com.tr\/site\/wp-json\/wp\/v2\/media\/13987"}],"wp:attachment":[{"href":"https:\/\/www.makitamarket.com.tr\/site\/wp-json\/wp\/v2\/media?parent=13988"}],"wp:term":[{"taxonomy":"product_brand","embeddable":true,"href":"https:\/\/www.makitamarket.com.tr\/site\/wp-json\/wp\/v2\/product_brand?post=13988"},{"taxonomy":"product_cat","embeddable":true,"href":"https:\/\/www.makitamarket.com.tr\/site\/wp-json\/wp\/v2\/product_cat?post=13988"},{"taxonomy":"product_tag","embeddable":true,"href":"https:\/\/www.makitamarket.com.tr\/site\/wp-json\/wp\/v2\/product_tag?post=13988"}],"curies":[{"name":"wp","href":"https:\/\/api.w.org\/{rel}","templated":true}]}}