{"id":13990,"date":"2024-11-28T19:25:19","date_gmt":"2024-11-28T16:25:19","guid":{"rendered":"https:\/\/www.makitamarket.com.tr\/site\/urun\/knipex-dis-segman-pensi-300-mm\/"},"modified":"2026-04-06T14:48:15","modified_gmt":"2026-04-06T11:48:15","slug":"knipex-dis-segman-pensi-300-mm","status":"publish","type":"product","link":"https:\/\/www.makitamarket.com.tr\/site\/urun\/knipex-dis-segman-pensi-300-mm\/","title":{"rendered":"Knipex 4621A41 DI\u015e SEGMAN PENS\u0130 300 mm"},"content":{"rendered":"<p><b>46 21 A41 Segman pensesi<\/b><br \/>Kuvvetli \u015fekil, d\u00f6v\u00fclm\u00fc\u015f. Kaymay\u0131 \u00f6nleyici, sa\u011flam u\u00e7lar. DIN 5254 B: 90\u00b0 g\u00f6nyeli u\u00e7lar. <\/p>\n<li><b>Mil \u00e7ap\u0131 kapasitesi: <\/b>\u00d8 85 \u2013 140 mm<\/li>\n<li><b>U\u00e7lar (\u00e7ap): <\/b>\u00d8 3,2 mm<\/li>\n<table>\n<tr>\n<td>Mil \u00c7ap\u0131<\/td>\n<td>85-140mm<\/td>\n<\/tr>\n<tr>\n<td>Sap<\/td>\n<td>\u0130nce \u0130zole<\/td>\n<\/tr>\n<tr>\n<td>Uzunluk<\/td>\n<td>300<\/td>\n<\/tr>\n<tr>\n<td>Form<\/td>\n<td>E\u011fri &#8211; 90\u00b0 A\u00e7\u0131<\/td>\n<\/tr>\n<tr>\n<td>Kafa<\/td>\n<td>Polisaj<\/td>\n<\/tr>\n<tr>\n<td>A\u011f\u0131rl\u0131k<\/td>\n<td>490 gr<\/td>\n<\/tr>\n<\/table>\n","protected":false},"excerpt":{"rendered":"<p><b>46 21 A41 Segman pensesi<\/b><br \/>Kuvvetli \u015fekil, d\u00f6v\u00fclm\u00fc\u015f. Kaymay\u0131 \u00f6nleyici, sa\u011flam u\u00e7lar. DIN 5254 B: 90\u00b0 g\u00f6nyeli u\u00e7lar. <\/p>\n<li><b>Mil \u00e7ap\u0131 kapasitesi: <\/b>\u00d8 85 \u2013 140 mm<\/li>\n<li><b>U\u00e7lar (\u00e7ap): <\/b>\u00d8 3,2 mm<\/li>\n","protected":false},"featured_media":13989,"comment_status":"open","ping_status":"closed","template":"","meta":{"_acf_changed":false},"product_brand":[1486],"product_cat":[811],"product_tag":[],"class_list":{"0":"post-13990","1":"product","2":"type-product","3":"status-publish","4":"has-post-thumbnail","6":"product_brand-knipex","7":"product_cat-segman-penseleri","9":"first","10":"instock","11":"taxable","12":"shipping-taxable","13":"purchasable","14":"product-type-simple","15":"add-to-wishlist-after_add_to_cart"},"acf":[],"_links":{"self":[{"href":"https:\/\/www.makitamarket.com.tr\/site\/wp-json\/wp\/v2\/product\/13990","targetHints":{"allow":["GET"]}}],"collection":[{"href":"https:\/\/www.makitamarket.com.tr\/site\/wp-json\/wp\/v2\/product"}],"about":[{"href":"https:\/\/www.makitamarket.com.tr\/site\/wp-json\/wp\/v2\/types\/product"}],"replies":[{"embeddable":true,"href":"https:\/\/www.makitamarket.com.tr\/site\/wp-json\/wp\/v2\/comments?post=13990"}],"wp:featuredmedia":[{"embeddable":true,"href":"https:\/\/www.makitamarket.com.tr\/site\/wp-json\/wp\/v2\/media\/13989"}],"wp:attachment":[{"href":"https:\/\/www.makitamarket.com.tr\/site\/wp-json\/wp\/v2\/media?parent=13990"}],"wp:term":[{"taxonomy":"product_brand","embeddable":true,"href":"https:\/\/www.makitamarket.com.tr\/site\/wp-json\/wp\/v2\/product_brand?post=13990"},{"taxonomy":"product_cat","embeddable":true,"href":"https:\/\/www.makitamarket.com.tr\/site\/wp-json\/wp\/v2\/product_cat?post=13990"},{"taxonomy":"product_tag","embeddable":true,"href":"https:\/\/www.makitamarket.com.tr\/site\/wp-json\/wp\/v2\/product_tag?post=13990"}],"curies":[{"name":"wp","href":"https:\/\/api.w.org\/{rel}","templated":true}]}}