{"id":14020,"date":"2024-11-28T19:27:19","date_gmt":"2024-11-28T16:27:19","guid":{"rendered":"https:\/\/www.makitamarket.com.tr\/site\/urun\/maxpower-6-li-tornavida-seti\/"},"modified":"2025-11-16T07:35:14","modified_gmt":"2025-11-16T04:35:14","slug":"maxpower-6-li-tornavida-seti","status":"publish","type":"product","link":"https:\/\/www.makitamarket.com.tr\/site\/urun\/maxpower-6-li-tornavida-seti\/","title":{"rendered":"Maxpower MX136D 6 LI TORNAV\u0130DA SET\u0130"},"content":{"rendered":"<div>\n\t\u2022 Chrome vanadium \u00e7elik<\/div>\n<div>\n\t\u2022\u00a0D\u00fcz m\u0131knat\u0131sl\u0131 u\u00e7<\/div>\n<div>\n\t\u2022\u00a0Y\u00fcksek darbeye dayan\u0131kl\u0131 sap<\/div>\n<div>\n\t<strong>Yerli \u00dcretim<\/strong><\/div>\n<table>\n<tr>\n<td>\u00d6l\u00e7\u00fcs\u00fc<\/td>\n<td>3x100mm<\/td>\n<\/tr>\n<tr>\n<td>\u00d6l\u00e7\u00fcs\u00fc<\/td>\n<td>4x100mm<\/td>\n<\/tr>\n<tr>\n<td>\u00d6l\u00e7\u00fcs\u00fc<\/td>\n<td>5x100mm<\/td>\n<\/tr>\n<tr>\n<td>\u00d6l\u00e7\u00fcs\u00fc<\/td>\n<td>6x100mm<\/td>\n<\/tr>\n<tr>\n<td>\u00d6l\u00e7\u00fcs\u00fc<\/td>\n<td>6x150mm<\/td>\n<\/tr>\n<tr>\n<td>\u00d6l\u00e7\u00fcs\u00fc<\/td>\n<td>7x150mm<\/td>\n<\/tr>\n<tr>\n<td>Tip<\/td>\n<td>6&#8217;l\u0131 D\u00fcz Tornavida Seti<\/td>\n<\/tr>\n<tr>\n<td>Koli \u0130\u00e7i Adedi<\/td>\n<td>30 Ad.<\/td>\n<\/tr>\n<\/table>\n","protected":false},"excerpt":{"rendered":"<div>\n\t\u2022 Chrome vanadium \u00e7elik<\/div>\n<div>\n\t\u2022\u00a0D\u00fcz m\u0131knat\u0131sl\u0131 u\u00e7<\/div>\n<div>\n\t\u2022\u00a0Y\u00fcksek darbeye dayan\u0131kl\u0131 sap<\/div>\n<div>\n\t<strong>Yerli \u00dcretim<\/strong><\/div>\n","protected":false},"featured_media":14019,"comment_status":"open","ping_status":"closed","template":"","meta":{"_acf_changed":false},"product_brand":[1515],"product_cat":[1565],"product_tag":[],"class_list":{"0":"post-14020","1":"product","2":"type-product","3":"status-publish","4":"has-post-thumbnail","6":"product_brand-maxpower","7":"product_cat-yok-yok","9":"first","10":"outofstock","11":"taxable","12":"shipping-taxable","13":"purchasable","14":"product-type-simple","15":"add-to-wishlist-after_add_to_cart"},"acf":[],"_links":{"self":[{"href":"https:\/\/www.makitamarket.com.tr\/site\/wp-json\/wp\/v2\/product\/14020","targetHints":{"allow":["GET"]}}],"collection":[{"href":"https:\/\/www.makitamarket.com.tr\/site\/wp-json\/wp\/v2\/product"}],"about":[{"href":"https:\/\/www.makitamarket.com.tr\/site\/wp-json\/wp\/v2\/types\/product"}],"replies":[{"embeddable":true,"href":"https:\/\/www.makitamarket.com.tr\/site\/wp-json\/wp\/v2\/comments?post=14020"}],"wp:featuredmedia":[{"embeddable":true,"href":"https:\/\/www.makitamarket.com.tr\/site\/wp-json\/wp\/v2\/media\/14019"}],"wp:attachment":[{"href":"https:\/\/www.makitamarket.com.tr\/site\/wp-json\/wp\/v2\/media?parent=14020"}],"wp:term":[{"taxonomy":"product_brand","embeddable":true,"href":"https:\/\/www.makitamarket.com.tr\/site\/wp-json\/wp\/v2\/product_brand?post=14020"},{"taxonomy":"product_cat","embeddable":true,"href":"https:\/\/www.makitamarket.com.tr\/site\/wp-json\/wp\/v2\/product_cat?post=14020"},{"taxonomy":"product_tag","embeddable":true,"href":"https:\/\/www.makitamarket.com.tr\/site\/wp-json\/wp\/v2\/product_tag?post=14020"}],"curies":[{"name":"wp","href":"https:\/\/api.w.org\/{rel}","templated":true}]}}