{"id":14022,"date":"2024-11-28T19:27:20","date_gmt":"2024-11-28T16:27:20","guid":{"rendered":"https:\/\/www.makitamarket.com.tr\/site\/urun\/makita-lastik-taban-yumusak-150-mm\/"},"modified":"2026-03-30T08:54:26","modified_gmt":"2026-03-30T05:54:26","slug":"makita-lastik-taban-yumusak-150-mm","status":"publish","type":"product","link":"https:\/\/www.makitamarket.com.tr\/site\/urun\/makita-lastik-taban-yumusak-150-mm\/","title":{"rendered":"Makita 196686-7 LAST\u0130K TABAN &#8211; YUMU\u015eAK 150 mm"},"content":{"rendered":"<p>\n\tUyumlu makinalar i\u00e7in alt lastik taband\u0131r.<\/p>\n<p>\n\tSert ve kaba i\u015fler i\u00e7in kullan\u0131lmaktad\u0131r.<\/p>\n<table>\n<tr>\n<td>\u00d6l\u00e7\u00fcler<\/td>\n<td>150 mm<\/td>\n<\/tr>\n<\/table>\n","protected":false},"excerpt":{"rendered":"<p>\n\tUyumlu makinalar i\u00e7in alt lastik taband\u0131r.<\/p>\n<p>\n\tSert ve kaba i\u015fler i\u00e7in kullan\u0131lmaktad\u0131r.<\/p>\n","protected":false},"featured_media":14466,"comment_status":"open","ping_status":"closed","template":"","meta":{"_acf_changed":false},"product_brand":[1485],"product_cat":[1303],"product_tag":[],"class_list":{"0":"post-14022","1":"product","2":"type-product","3":"status-publish","4":"has-post-thumbnail","6":"product_brand-makita","7":"product_cat-bo6030-bo6040-icin-tabanlar","9":"first","10":"instock","11":"taxable","12":"shipping-taxable","13":"purchasable","14":"product-type-simple","15":"add-to-wishlist-after_add_to_cart"},"acf":[],"_links":{"self":[{"href":"https:\/\/www.makitamarket.com.tr\/site\/wp-json\/wp\/v2\/product\/14022","targetHints":{"allow":["GET"]}}],"collection":[{"href":"https:\/\/www.makitamarket.com.tr\/site\/wp-json\/wp\/v2\/product"}],"about":[{"href":"https:\/\/www.makitamarket.com.tr\/site\/wp-json\/wp\/v2\/types\/product"}],"replies":[{"embeddable":true,"href":"https:\/\/www.makitamarket.com.tr\/site\/wp-json\/wp\/v2\/comments?post=14022"}],"wp:featuredmedia":[{"embeddable":true,"href":"https:\/\/www.makitamarket.com.tr\/site\/wp-json\/wp\/v2\/media\/14466"}],"wp:attachment":[{"href":"https:\/\/www.makitamarket.com.tr\/site\/wp-json\/wp\/v2\/media?parent=14022"}],"wp:term":[{"taxonomy":"product_brand","embeddable":true,"href":"https:\/\/www.makitamarket.com.tr\/site\/wp-json\/wp\/v2\/product_brand?post=14022"},{"taxonomy":"product_cat","embeddable":true,"href":"https:\/\/www.makitamarket.com.tr\/site\/wp-json\/wp\/v2\/product_cat?post=14022"},{"taxonomy":"product_tag","embeddable":true,"href":"https:\/\/www.makitamarket.com.tr\/site\/wp-json\/wp\/v2\/product_tag?post=14022"}],"curies":[{"name":"wp","href":"https:\/\/api.w.org\/{rel}","templated":true}]}}