{"id":14093,"date":"2024-11-28T19:29:19","date_gmt":"2024-11-28T16:29:19","guid":{"rendered":"https:\/\/www.makitamarket.com.tr\/site\/urun\/bmi-bmi-su-terazisi-mikna-691m-60\/"},"modified":"2026-04-06T14:50:29","modified_gmt":"2026-04-06T11:50:29","slug":"bmi-bmi-su-terazisi-mikna-691m-60","status":"publish","type":"product","link":"https:\/\/www.makitamarket.com.tr\/site\/urun\/bmi-bmi-su-terazisi-mikna-691m-60\/","title":{"rendered":"Bmi ALUSTAR 691M 60CM BMI SU TERAZISI MIKNA.691M\/60"},"content":{"rendered":"<p>Yuvarlak bi\u00e7imli orjinal BMI terazi g\u00f6zleri sayesinde b\u00fcy\u00fctec etkisi ile rahat okuma sa\u011flan\u0131r Dayan\u0131kl\u0131 al\u00fcminyum profil ve \u015fok emici lastik tamponlar.Ters kullan\u0131mda 0.75mm\/m hassasiyet ultrasonik kaynakl\u0131 terazi g\u00f6zleri sayesinde \u00f6m\u00fcr boyu y\u00fcksek hassasiyet 0.5mm\/m<\/p>\n<table>\n<tr>\n<td>Uzunluk<\/td>\n<td>60 cm<\/td>\n<\/tr>\n<\/table>\n","protected":false},"excerpt":{"rendered":"<p>Yuvarlak bi\u00e7imli orjinal BMI terazi g\u00f6zleri sayesinde b\u00fcy\u00fctec etkisi ile rahat okuma sa\u011flan\u0131r Dayan\u0131kl\u0131 al\u00fcminyum profil ve \u015fok emici lastik tamponlar.Ters kullan\u0131mda 0.75mm\/m hassasiyet ultrasonik kaynakl\u0131 terazi g\u00f6zleri sayesinde \u00f6m\u00fcr boyu y\u00fcksek hassasiyet 0.5mm\/m<\/p>\n","protected":false},"featured_media":14092,"comment_status":"open","ping_status":"closed","template":"","meta":{"_acf_changed":false},"product_brand":[1522],"product_cat":[974],"product_tag":[],"class_list":{"0":"post-14093","1":"product","2":"type-product","3":"status-publish","4":"has-post-thumbnail","6":"product_brand-bmi","7":"product_cat-su-terazileri","9":"first","10":"outofstock","11":"taxable","12":"shipping-taxable","13":"purchasable","14":"product-type-simple","15":"add-to-wishlist-after_add_to_cart"},"acf":[],"_links":{"self":[{"href":"https:\/\/www.makitamarket.com.tr\/site\/wp-json\/wp\/v2\/product\/14093","targetHints":{"allow":["GET"]}}],"collection":[{"href":"https:\/\/www.makitamarket.com.tr\/site\/wp-json\/wp\/v2\/product"}],"about":[{"href":"https:\/\/www.makitamarket.com.tr\/site\/wp-json\/wp\/v2\/types\/product"}],"replies":[{"embeddable":true,"href":"https:\/\/www.makitamarket.com.tr\/site\/wp-json\/wp\/v2\/comments?post=14093"}],"wp:featuredmedia":[{"embeddable":true,"href":"https:\/\/www.makitamarket.com.tr\/site\/wp-json\/wp\/v2\/media\/14092"}],"wp:attachment":[{"href":"https:\/\/www.makitamarket.com.tr\/site\/wp-json\/wp\/v2\/media?parent=14093"}],"wp:term":[{"taxonomy":"product_brand","embeddable":true,"href":"https:\/\/www.makitamarket.com.tr\/site\/wp-json\/wp\/v2\/product_brand?post=14093"},{"taxonomy":"product_cat","embeddable":true,"href":"https:\/\/www.makitamarket.com.tr\/site\/wp-json\/wp\/v2\/product_cat?post=14093"},{"taxonomy":"product_tag","embeddable":true,"href":"https:\/\/www.makitamarket.com.tr\/site\/wp-json\/wp\/v2\/product_tag?post=14093"}],"curies":[{"name":"wp","href":"https:\/\/api.w.org\/{rel}","templated":true}]}}