{"id":14116,"date":"2024-11-28T19:31:14","date_gmt":"2024-11-28T16:31:14","guid":{"rendered":"https:\/\/www.makitamarket.com.tr\/site\/urun\/proxxon-kademeli-uc-seti\/"},"modified":"2026-03-30T08:48:31","modified_gmt":"2026-03-30T05:48:31","slug":"proxxon-kademeli-uc-seti","status":"publish","type":"product","link":"https:\/\/www.makitamarket.com.tr\/site\/urun\/proxxon-kademeli-uc-seti\/","title":{"rendered":"Proxxon 24257 KADEMEL\u0130 U\u00c7 SET\u0130"},"content":{"rendered":"<div>\n\t2 adet step blo\u011fu,<\/div>\n<div>\n\t2 adet k\u0131ska\u00e7,<\/div>\n<div>\n\t2 somun ve 2 T oluk somunu (B=7mm, E=12 mm, D=4mm, C=7,2 mm) yakla\u015f\u0131k 35 mm\u2019ye kadar olan i\u015f par\u00e7alar\u0131. PD 230\/E, PF\/FF230, PD400, PF\/FF 400, FF500, BFB2000 ve al\u0131n plakas\u0131 24 412 ve KT 150 ile kullan\u0131labilir. Kayar kapakl\u0131 ah\u015fap kutu i\u00e7erisinde<\/div>\n<table><\/table>\n","protected":false},"excerpt":{"rendered":"<div>\n\t2 adet step blo\u011fu,<\/div>\n<div>\n\t2 adet k\u0131ska\u00e7,<\/div>\n<div>\n\t2 somun ve 2 T oluk somunu (B=7mm, E=12 mm, D=4mm, C=7,2 mm) yakla\u015f\u0131k 35 mm\u2019ye kadar olan i\u015f par\u00e7alar\u0131. PD 230\/E, PF\/FF230, PD400, PF\/FF 400, FF500, BFB2000 ve al\u0131n plakas\u0131 24 412 ve KT 150 ile kullan\u0131labilir. Kayar kapakl\u0131 ah\u015fap kutu i\u00e7erisinde<\/div>\n","protected":false},"featured_media":14115,"comment_status":"open","ping_status":"closed","template":"","meta":{"_acf_changed":false},"product_brand":[1501],"product_cat":[926],"product_tag":[],"class_list":{"0":"post-14116","1":"product","2":"type-product","3":"status-publish","4":"has-post-thumbnail","6":"product_brand-proxxon","7":"product_cat-aksesuarlar-mikro-aletleri","9":"first","10":"instock","11":"taxable","12":"shipping-taxable","13":"purchasable","14":"product-type-simple","15":"add-to-wishlist-after_add_to_cart"},"acf":[],"_links":{"self":[{"href":"https:\/\/www.makitamarket.com.tr\/site\/wp-json\/wp\/v2\/product\/14116","targetHints":{"allow":["GET"]}}],"collection":[{"href":"https:\/\/www.makitamarket.com.tr\/site\/wp-json\/wp\/v2\/product"}],"about":[{"href":"https:\/\/www.makitamarket.com.tr\/site\/wp-json\/wp\/v2\/types\/product"}],"replies":[{"embeddable":true,"href":"https:\/\/www.makitamarket.com.tr\/site\/wp-json\/wp\/v2\/comments?post=14116"}],"wp:featuredmedia":[{"embeddable":true,"href":"https:\/\/www.makitamarket.com.tr\/site\/wp-json\/wp\/v2\/media\/14115"}],"wp:attachment":[{"href":"https:\/\/www.makitamarket.com.tr\/site\/wp-json\/wp\/v2\/media?parent=14116"}],"wp:term":[{"taxonomy":"product_brand","embeddable":true,"href":"https:\/\/www.makitamarket.com.tr\/site\/wp-json\/wp\/v2\/product_brand?post=14116"},{"taxonomy":"product_cat","embeddable":true,"href":"https:\/\/www.makitamarket.com.tr\/site\/wp-json\/wp\/v2\/product_cat?post=14116"},{"taxonomy":"product_tag","embeddable":true,"href":"https:\/\/www.makitamarket.com.tr\/site\/wp-json\/wp\/v2\/product_tag?post=14116"}],"curies":[{"name":"wp","href":"https:\/\/api.w.org\/{rel}","templated":true}]}}