{"id":14117,"date":"2024-11-28T19:31:14","date_gmt":"2024-11-28T16:31:14","guid":{"rendered":"https:\/\/www.makitamarket.com.tr\/site\/urun\/knipex-yildiz-tek-agiz-anahtar-14-0-mm\/"},"modified":"2026-04-06T14:51:26","modified_gmt":"2026-04-06T11:51:26","slug":"knipex-yildiz-tek-agiz-anahtar-14-0-mm","status":"publish","type":"product","link":"https:\/\/www.makitamarket.com.tr\/site\/urun\/knipex-yildiz-tek-agiz-anahtar-14-0-mm\/","title":{"rendered":"Knipex 980114 YILDIZ TEK A\u011eIZ ANAHTAR 14.0 mm"},"content":{"rendered":"<p><b>98 01 14 Y\u0131ld\u0131z  A\u011f\u0131z Anahtar<\/b><br \/>E\u011fimli. Krom anahtar \u00fczeri plastik kaplama. <\/p>\n<li><b>Anahtar \u00f6l\u00e7\u00fcs\u00fc S: <\/b>14 mm<\/li>\n<li><b>Uzunluk l max: <\/b>195 mm<\/li>\n<li><b>Kafa kal\u0131nl\u0131\u011f\u0131 a max.: <\/b>12 mm<\/li>\n<li><b>E\u011fim derinli\u011fi (h) maks. mm: <\/b>24 mm<\/li>\n<li><b>Kafa geni\u015fli\u011fi b max.: <\/b>23 mm<\/li>\n<table>\n<tr>\n<td>Anahtar \u00d6l\u00e7\u00fcs\u00fc<\/td>\n<td>14.0 mm<\/td>\n<\/tr>\n<tr>\n<td>Uzunluk<\/td>\n<td>195<\/td>\n<\/tr>\n<tr>\n<td>Kafa Geni\u015fli\u011fi (b)<\/td>\n<td>23 mm<\/td>\n<\/tr>\n<tr>\n<td>Kafa Kal\u0131nl\u0131\u011f\u0131 (a)<\/td>\n<td>12 mm<\/td>\n<\/tr>\n<tr>\n<td>A\u011f\u0131rl\u0131k<\/td>\n<td>147 gr<\/td>\n<\/tr>\n<\/table>\n","protected":false},"excerpt":{"rendered":"<p><b>98 01 14 Y\u0131ld\u0131z  A\u011f\u0131z Anahtar<\/b><br \/>E\u011fimli. Krom anahtar \u00fczeri plastik kaplama. <\/p>\n<li><b>Anahtar \u00f6l\u00e7\u00fcs\u00fc S: <\/b>14 mm<\/li>\n<li><b>Uzunluk l max: <\/b>195 mm<\/li>\n<li><b>Kafa kal\u0131nl\u0131\u011f\u0131 a max.: <\/b>12 mm<\/li>\n<li><b>E\u011fim derinli\u011fi (h) maks. mm: <\/b>24 mm<\/li>\n<li><b>Kafa geni\u015fli\u011fi b max.: <\/b>23 mm<\/li>\n","protected":false},"featured_media":0,"comment_status":"open","ping_status":"closed","template":"","meta":{"_acf_changed":false},"product_brand":[1486],"product_cat":[1233],"product_tag":[],"class_list":{"0":"post-14117","1":"product","2":"type-product","3":"status-publish","5":"product_brand-knipex","6":"product_cat-izoleli-anahtarlar","8":"first","9":"instock","10":"taxable","11":"shipping-taxable","12":"purchasable","13":"product-type-simple","14":"add-to-wishlist-after_add_to_cart"},"acf":[],"_links":{"self":[{"href":"https:\/\/www.makitamarket.com.tr\/site\/wp-json\/wp\/v2\/product\/14117","targetHints":{"allow":["GET"]}}],"collection":[{"href":"https:\/\/www.makitamarket.com.tr\/site\/wp-json\/wp\/v2\/product"}],"about":[{"href":"https:\/\/www.makitamarket.com.tr\/site\/wp-json\/wp\/v2\/types\/product"}],"replies":[{"embeddable":true,"href":"https:\/\/www.makitamarket.com.tr\/site\/wp-json\/wp\/v2\/comments?post=14117"}],"wp:attachment":[{"href":"https:\/\/www.makitamarket.com.tr\/site\/wp-json\/wp\/v2\/media?parent=14117"}],"wp:term":[{"taxonomy":"product_brand","embeddable":true,"href":"https:\/\/www.makitamarket.com.tr\/site\/wp-json\/wp\/v2\/product_brand?post=14117"},{"taxonomy":"product_cat","embeddable":true,"href":"https:\/\/www.makitamarket.com.tr\/site\/wp-json\/wp\/v2\/product_cat?post=14117"},{"taxonomy":"product_tag","embeddable":true,"href":"https:\/\/www.makitamarket.com.tr\/site\/wp-json\/wp\/v2\/product_tag?post=14117"}],"curies":[{"name":"wp","href":"https:\/\/api.w.org\/{rel}","templated":true}]}}