{"id":14128,"date":"2024-11-28T19:31:16","date_gmt":"2024-11-28T16:31:16","guid":{"rendered":"https:\/\/www.makitamarket.com.tr\/site\/urun\/powerwash-fircasiz-kopuklu-oto-yikama\/"},"modified":"2025-11-16T07:36:41","modified_gmt":"2025-11-16T04:36:41","slug":"powerwash-fircasiz-kopuklu-oto-yikama","status":"publish","type":"product","link":"https:\/\/www.makitamarket.com.tr\/site\/urun\/powerwash-fircasiz-kopuklu-oto-yikama\/","title":{"rendered":"Powerwash PW804 FIR\u00c7ASIZ K\u00d6P\u00dcKL\u00dc OTO YIKAMA"},"content":{"rendered":"<div id=\"cke_pastebin\">\n\tPW804 Arac\u0131n\u0131z\u0131n ihtiyac\u0131 olan temizlik ve parlakl\u0131k sa\u011flamak i\u00e7in \u00fcretildi.Yap\u0131sal \u00f6zelli\u011fi ile, s\u00fcnger ve f\u0131r\u00e7a kullanmadan<\/div>\n<div id=\"cke_pastebin\">\n\ttemizlik sa\u011flar. Toz, \u00e7amur, sinek, b\u00f6cek kal\u0131nt\u0131lar\u0131 gibi, kir tabakalar\u0131n\u0131 kolay ve zahmetsizce temizler. Klasik otomobil y\u0131kama \u015feklini tek a\u015famaya indirdi\u011finden;zamandan, su ve elektrik t\u00fcketiminden tasarruf sa\u011flar.Wax i\u00e7eri\u011fi ile, y\u0131kama sonras\u0131 kaportada parlakg\u00f6r\u00fcn\u00fcm kazand\u0131r\u0131r.<\/div>\n<div id=\"cke_pastebin\">\n\t<strong>Uygulama:<\/strong> Konsantrasyonu 1\/60 uygulama \u015fekli ile 60 Lt suya 1 Lt PW804 Cilal\u203a Ara\u00e7 \u015fampuan\u0131 kar\u0131\u015ft\u0131r\u0131l\u0131p y\u0131kama tank\u0131na bo\u015falt\u0131lmal\u0131d\u0131r. Kar\u0131\u015f\u0131m mutlaka d\u0131\u015far\u0131da bir kap i\u00e7erisinde haz\u0131rlanmal\u0131d\u0131r. Araca 20 cm mesafeden kaportada bo\u015fluk kalmayacak \u015fekilde p\u00fcsk\u00fcrt\u00fclmeli, 1,5-2 dakika beklenilerek ara\u00e7 bas\u0131n\u00e7l\u0131 y\u0131kama makinesi ile durulanmal\u0131d\u0131r.<\/div>\n<table>\n<tr>\n<td>Ambalaj \u015eekli<\/td>\n<td>20 lt<\/td>\n<\/tr>\n<tr>\n<td>Ph De\u011feri<\/td>\n<td>Ph 13<\/td>\n<\/tr>\n<\/table>\n","protected":false},"excerpt":{"rendered":"<div id=\"cke_pastebin\">\n\tPW804 Arac\u0131n\u0131z\u0131n ihtiyac\u0131 olan temizlik ve parlakl\u0131k sa\u011flamak i\u00e7in \u00fcretildi.Yap\u0131sal \u00f6zelli\u011fi ile, s\u00fcnger ve f\u0131r\u00e7a kullanmadan<\/div>\n<div id=\"cke_pastebin\">\n\ttemizlik sa\u011flar. Toz, \u00e7amur, sinek, b\u00f6cek kal\u0131nt\u0131lar\u0131 gibi, kir tabakalar\u0131n\u0131 kolay ve zahmetsizce temizler. Klasik otomobil y\u0131kama \u015feklini tek a\u015famaya indirdi\u011finden;zamandan, su ve elektrik t\u00fcketiminden tasarruf sa\u011flar.Wax i\u00e7eri\u011fi ile, y\u0131kama sonras\u0131 kaportada parlakg\u00f6r\u00fcn\u00fcm kazand\u0131r\u0131r.<\/div>\n<div id=\"cke_pastebin\">\n\t<strong>Uygulama:<\/strong> Konsantrasyonu 1\/60 uygulama \u015fekli ile 60 Lt suya 1 Lt PW804 Cilal\u203a Ara\u00e7 \u015fampuan\u0131 kar\u0131\u015ft\u0131r\u0131l\u0131p y\u0131kama tank\u0131na bo\u015falt\u0131lmal\u0131d\u0131r. Kar\u0131\u015f\u0131m mutlaka d\u0131\u015far\u0131da bir kap i\u00e7erisinde haz\u0131rlanmal\u0131d\u0131r. Araca 20 cm mesafeden kaportada bo\u015fluk kalmayacak \u015fekilde p\u00fcsk\u00fcrt\u00fclmeli, 1,5-2 dakika beklenilerek ara\u00e7 bas\u0131n\u00e7l\u0131 y\u0131kama makinesi ile durulanmal\u0131d\u0131r.<\/div>\n","protected":false},"featured_media":14127,"comment_status":"open","ping_status":"closed","template":"","meta":{"_acf_changed":false},"product_brand":[1489],"product_cat":[1565],"product_tag":[],"class_list":{"0":"post-14128","1":"product","2":"type-product","3":"status-publish","4":"has-post-thumbnail","6":"product_brand-powerwash","7":"product_cat-yok-yok","9":"first","10":"outofstock","11":"taxable","12":"shipping-taxable","13":"purchasable","14":"product-type-simple","15":"add-to-wishlist-after_add_to_cart"},"acf":[],"_links":{"self":[{"href":"https:\/\/www.makitamarket.com.tr\/site\/wp-json\/wp\/v2\/product\/14128","targetHints":{"allow":["GET"]}}],"collection":[{"href":"https:\/\/www.makitamarket.com.tr\/site\/wp-json\/wp\/v2\/product"}],"about":[{"href":"https:\/\/www.makitamarket.com.tr\/site\/wp-json\/wp\/v2\/types\/product"}],"replies":[{"embeddable":true,"href":"https:\/\/www.makitamarket.com.tr\/site\/wp-json\/wp\/v2\/comments?post=14128"}],"wp:featuredmedia":[{"embeddable":true,"href":"https:\/\/www.makitamarket.com.tr\/site\/wp-json\/wp\/v2\/media\/14127"}],"wp:attachment":[{"href":"https:\/\/www.makitamarket.com.tr\/site\/wp-json\/wp\/v2\/media?parent=14128"}],"wp:term":[{"taxonomy":"product_brand","embeddable":true,"href":"https:\/\/www.makitamarket.com.tr\/site\/wp-json\/wp\/v2\/product_brand?post=14128"},{"taxonomy":"product_cat","embeddable":true,"href":"https:\/\/www.makitamarket.com.tr\/site\/wp-json\/wp\/v2\/product_cat?post=14128"},{"taxonomy":"product_tag","embeddable":true,"href":"https:\/\/www.makitamarket.com.tr\/site\/wp-json\/wp\/v2\/product_tag?post=14128"}],"curies":[{"name":"wp","href":"https:\/\/api.w.org\/{rel}","templated":true}]}}