{"id":14132,"date":"2024-11-28T19:31:17","date_gmt":"2024-11-28T16:31:17","guid":{"rendered":"https:\/\/www.makitamarket.com.tr\/site\/urun\/leica-leica-gzm26-hedef-plakasi-723385\/"},"modified":"2026-04-06T14:51:31","modified_gmt":"2026-04-06T11:51:31","slug":"leica-leica-gzm26-hedef-plakasi-723385","status":"publish","type":"product","link":"https:\/\/www.makitamarket.com.tr\/site\/urun\/leica-leica-gzm26-hedef-plakasi-723385\/","title":{"rendered":"Leica LEICAGZM26 LEICA GZM26 HEDEF PLAKASI 723385"},"content":{"rendered":"<p>\n\tYans\u0131t\u0131c\u0131 olmayan y\u00fczeylerde \u00f6l\u00e7\u00fcm i\u00e7in kullan\u0131l\u0131r. Gri y\u00fczey 30m &#8216;ye kadar.<\/p>\n<p>\n\tKahverengi y\u00fczey 30m \u00fczeri \u00f6l\u00e7\u00fcmler i\u00e7in kullan\u0131l\u0131r.<\/p>\n<p>\n\t210 x 297mm<\/p>\n<table>\n<tr>\n<td>Boyutlar<\/td>\n<td>210x297mm<\/td>\n<\/tr>\n<\/table>\n","protected":false},"excerpt":{"rendered":"<p>\n\tYans\u0131t\u0131c\u0131 olmayan y\u00fczeylerde \u00f6l\u00e7\u00fcm i\u00e7in kullan\u0131l\u0131r. Gri y\u00fczey 30m &#8216;ye kadar.<\/p>\n<p>\n\tKahverengi y\u00fczey 30m \u00fczeri \u00f6l\u00e7\u00fcmler i\u00e7in kullan\u0131l\u0131r.<\/p>\n<p>\n\t210 x 297mm<\/p>\n","protected":false},"featured_media":14131,"comment_status":"open","ping_status":"closed","template":"","meta":{"_acf_changed":false},"product_brand":[1504],"product_cat":[837],"product_tag":[],"class_list":{"0":"post-14132","1":"product","2":"type-product","3":"status-publish","4":"has-post-thumbnail","6":"product_brand-leica","7":"product_cat-lazerli-olcum-cihazlari","9":"first","10":"instock","11":"taxable","12":"shipping-taxable","13":"purchasable","14":"product-type-simple","15":"add-to-wishlist-after_add_to_cart"},"acf":[],"_links":{"self":[{"href":"https:\/\/www.makitamarket.com.tr\/site\/wp-json\/wp\/v2\/product\/14132","targetHints":{"allow":["GET"]}}],"collection":[{"href":"https:\/\/www.makitamarket.com.tr\/site\/wp-json\/wp\/v2\/product"}],"about":[{"href":"https:\/\/www.makitamarket.com.tr\/site\/wp-json\/wp\/v2\/types\/product"}],"replies":[{"embeddable":true,"href":"https:\/\/www.makitamarket.com.tr\/site\/wp-json\/wp\/v2\/comments?post=14132"}],"wp:featuredmedia":[{"embeddable":true,"href":"https:\/\/www.makitamarket.com.tr\/site\/wp-json\/wp\/v2\/media\/14131"}],"wp:attachment":[{"href":"https:\/\/www.makitamarket.com.tr\/site\/wp-json\/wp\/v2\/media?parent=14132"}],"wp:term":[{"taxonomy":"product_brand","embeddable":true,"href":"https:\/\/www.makitamarket.com.tr\/site\/wp-json\/wp\/v2\/product_brand?post=14132"},{"taxonomy":"product_cat","embeddable":true,"href":"https:\/\/www.makitamarket.com.tr\/site\/wp-json\/wp\/v2\/product_cat?post=14132"},{"taxonomy":"product_tag","embeddable":true,"href":"https:\/\/www.makitamarket.com.tr\/site\/wp-json\/wp\/v2\/product_tag?post=14132"}],"curies":[{"name":"wp","href":"https:\/\/api.w.org\/{rel}","templated":true}]}}