{"id":14143,"date":"2024-11-28T19:33:07","date_gmt":"2024-11-28T16:33:07","guid":{"rendered":"https:\/\/www.makitamarket.com.tr\/site\/urun\/alteco-paint-marker-gold\/"},"modified":"2026-03-30T08:48:36","modified_gmt":"2026-03-30T05:48:36","slug":"alteco-paint-marker-gold","status":"publish","type":"product","link":"https:\/\/www.makitamarket.com.tr\/site\/urun\/alteco-paint-marker-gold\/","title":{"rendered":"Alteco PAINT MARKER ASAR PAINT MARKER GOLD"},"content":{"rendered":"<table>\n<tr>\n<td>Renk<\/td>\n<td>Alt\u0131n Sar\u0131s\u0131<\/td>\n<\/tr>\n<tr>\n<td>Kutu\/Koli \u0130\u00e7i Adedi<\/td>\n<td>20\/480<\/td>\n<\/tr>\n<\/table>\n","protected":false},"excerpt":{"rendered":"<p>Renk Alt\u0131n Sar\u0131s\u0131 Kutu\/Koli \u0130\u00e7i Adedi 20\/480<\/p>\n","protected":false},"featured_media":14142,"comment_status":"open","ping_status":"closed","template":"","meta":{"_acf_changed":false},"product_brand":[1551],"product_cat":[1286],"product_tag":[],"class_list":{"0":"post-14143","1":"product","2":"type-product","3":"status-publish","4":"has-post-thumbnail","6":"product_brand-alteco","7":"product_cat-paint-marker-kalemleri","9":"first","10":"instock","11":"taxable","12":"shipping-taxable","13":"purchasable","14":"product-type-simple","15":"add-to-wishlist-after_add_to_cart"},"acf":[],"_links":{"self":[{"href":"https:\/\/www.makitamarket.com.tr\/site\/wp-json\/wp\/v2\/product\/14143","targetHints":{"allow":["GET"]}}],"collection":[{"href":"https:\/\/www.makitamarket.com.tr\/site\/wp-json\/wp\/v2\/product"}],"about":[{"href":"https:\/\/www.makitamarket.com.tr\/site\/wp-json\/wp\/v2\/types\/product"}],"replies":[{"embeddable":true,"href":"https:\/\/www.makitamarket.com.tr\/site\/wp-json\/wp\/v2\/comments?post=14143"}],"wp:featuredmedia":[{"embeddable":true,"href":"https:\/\/www.makitamarket.com.tr\/site\/wp-json\/wp\/v2\/media\/14142"}],"wp:attachment":[{"href":"https:\/\/www.makitamarket.com.tr\/site\/wp-json\/wp\/v2\/media?parent=14143"}],"wp:term":[{"taxonomy":"product_brand","embeddable":true,"href":"https:\/\/www.makitamarket.com.tr\/site\/wp-json\/wp\/v2\/product_brand?post=14143"},{"taxonomy":"product_cat","embeddable":true,"href":"https:\/\/www.makitamarket.com.tr\/site\/wp-json\/wp\/v2\/product_cat?post=14143"},{"taxonomy":"product_tag","embeddable":true,"href":"https:\/\/www.makitamarket.com.tr\/site\/wp-json\/wp\/v2\/product_tag?post=14143"}],"curies":[{"name":"wp","href":"https:\/\/api.w.org\/{rel}","templated":true}]}}