{"id":14152,"date":"2024-11-28T19:33:10","date_gmt":"2024-11-28T16:33:10","guid":{"rendered":"https:\/\/www.makitamarket.com.tr\/site\/urun\/bmi-bmi-euro-star-690150e-aluminyum-su-terazisi-150cm\/"},"modified":"2026-03-30T08:49:21","modified_gmt":"2026-03-30T05:49:21","slug":"bmi-bmi-euro-star-690150e-aluminyum-su-terazisi-150cm","status":"publish","type":"product","link":"https:\/\/www.makitamarket.com.tr\/site\/urun\/bmi-bmi-euro-star-690150e-aluminyum-su-terazisi-150cm\/","title":{"rendered":"Bmi 690150E BMI EURO STAR 690150E AL\u00dcM\u0130NYUM SU TERAZ\u0130S\u0130 150cm"},"content":{"rendered":"<div>\n\t<span dir=\"ltr\" role=\"presentation\" style=\"left: 107.353px; top: 743.297px; font-size: 10px; font-family: sans-serif; transform: scaleX(0.844737);\">Yatay g\u00f6z \u00fczerinde %2\u2019lik e\u011fim \u00e7izgileri.<\/span><br role=\"presentation\" \/><br \/>\n\t<span dir=\"ltr\" role=\"presentation\" style=\"left: 107.353px; top: 754.127px; font-size: 10px; font-family: sans-serif; transform: scaleX(0.878705);\">Lazer i\u015faretlemeli terazi g\u00f6zleri \u00f6m\u00fcr boyu 0.5mm\/m hassasiyet sa\u011flar.<\/span><\/div>\n<table>\n<tr>\n<td>Uzunluk<\/td>\n<td>150cm<\/td>\n<\/tr>\n<\/table>\n","protected":false},"excerpt":{"rendered":"<div>\n\t<span dir=\"ltr\" role=\"presentation\" style=\"left: 107.353px; top: 743.297px; font-size: 10px; font-family: sans-serif; transform: scaleX(0.844737);\">Yatay g\u00f6z \u00fczerinde %2\u2019lik e\u011fim \u00e7izgileri.<\/span><br role=\"presentation\" \/><br \/>\n\t<span dir=\"ltr\" role=\"presentation\" style=\"left: 107.353px; top: 754.127px; font-size: 10px; font-family: sans-serif; transform: scaleX(0.878705);\">Lazer i\u015faretlemeli terazi g\u00f6zleri \u00f6m\u00fcr boyu 0.5mm\/m hassasiyet sa\u011flar.<\/span><\/div>\n","protected":false},"featured_media":14151,"comment_status":"open","ping_status":"closed","template":"","meta":{"_acf_changed":false},"product_brand":[1522],"product_cat":[974],"product_tag":[],"class_list":{"0":"post-14152","1":"product","2":"type-product","3":"status-publish","4":"has-post-thumbnail","6":"product_brand-bmi","7":"product_cat-su-terazileri","9":"first","10":"instock","11":"taxable","12":"shipping-taxable","13":"purchasable","14":"product-type-simple","15":"add-to-wishlist-after_add_to_cart"},"acf":[],"_links":{"self":[{"href":"https:\/\/www.makitamarket.com.tr\/site\/wp-json\/wp\/v2\/product\/14152","targetHints":{"allow":["GET"]}}],"collection":[{"href":"https:\/\/www.makitamarket.com.tr\/site\/wp-json\/wp\/v2\/product"}],"about":[{"href":"https:\/\/www.makitamarket.com.tr\/site\/wp-json\/wp\/v2\/types\/product"}],"replies":[{"embeddable":true,"href":"https:\/\/www.makitamarket.com.tr\/site\/wp-json\/wp\/v2\/comments?post=14152"}],"wp:featuredmedia":[{"embeddable":true,"href":"https:\/\/www.makitamarket.com.tr\/site\/wp-json\/wp\/v2\/media\/14151"}],"wp:attachment":[{"href":"https:\/\/www.makitamarket.com.tr\/site\/wp-json\/wp\/v2\/media?parent=14152"}],"wp:term":[{"taxonomy":"product_brand","embeddable":true,"href":"https:\/\/www.makitamarket.com.tr\/site\/wp-json\/wp\/v2\/product_brand?post=14152"},{"taxonomy":"product_cat","embeddable":true,"href":"https:\/\/www.makitamarket.com.tr\/site\/wp-json\/wp\/v2\/product_cat?post=14152"},{"taxonomy":"product_tag","embeddable":true,"href":"https:\/\/www.makitamarket.com.tr\/site\/wp-json\/wp\/v2\/product_tag?post=14152"}],"curies":[{"name":"wp","href":"https:\/\/api.w.org\/{rel}","templated":true}]}}