{"id":14197,"date":"2024-11-28T19:35:09","date_gmt":"2024-11-28T16:35:09","guid":{"rendered":"https:\/\/www.makitamarket.com.tr\/site\/urun\/makita-ni-cd-serisi-aku-9-6-v-1-3ah-9100\/"},"modified":"2025-11-16T07:37:55","modified_gmt":"2025-11-16T04:37:55","slug":"makita-ni-cd-serisi-aku-9-6-v-1-3ah-9100","status":"publish","type":"product","link":"https:\/\/www.makitamarket.com.tr\/site\/urun\/makita-ni-cd-serisi-aku-9-6-v-1-3ah-9100\/","title":{"rendered":"Makita 192019-4 N\u0130 &#8211; CD SER\u0130S\u0130 AK\u00dc 9.6 V 1.3AH 9100"},"content":{"rendered":"<table>\n<tr>\n<td>Model<\/td>\n<td>9100<\/td>\n<\/tr>\n<tr>\n<td>G\u00fc\u00e7 \/ Kapasite<\/td>\n<td>9.6 V \/ 1.3 Ah \/ Ni-CD<\/td>\n<\/tr>\n<tr>\n<td>A\u00e7\u0131klama<\/td>\n<td>K\u0131sa tip<\/td>\n<\/tr>\n<\/table>\n","protected":false},"excerpt":{"rendered":"<p>Model 9100 G\u00fc\u00e7 \/ Kapasite 9.6 V \/ 1.3 Ah \/ Ni-CD A\u00e7\u0131klama K\u0131sa tip<\/p>\n","protected":false},"featured_media":0,"comment_status":"open","ping_status":"closed","template":"","meta":{"_acf_changed":false},"product_brand":[1485],"product_cat":[1565],"product_tag":[],"class_list":{"0":"post-14197","1":"product","2":"type-product","3":"status-publish","5":"product_brand-makita","6":"product_cat-yok-yok","8":"first","9":"instock","10":"taxable","11":"shipping-taxable","12":"purchasable","13":"product-type-simple","14":"add-to-wishlist-after_add_to_cart"},"acf":[],"_links":{"self":[{"href":"https:\/\/www.makitamarket.com.tr\/site\/wp-json\/wp\/v2\/product\/14197","targetHints":{"allow":["GET"]}}],"collection":[{"href":"https:\/\/www.makitamarket.com.tr\/site\/wp-json\/wp\/v2\/product"}],"about":[{"href":"https:\/\/www.makitamarket.com.tr\/site\/wp-json\/wp\/v2\/types\/product"}],"replies":[{"embeddable":true,"href":"https:\/\/www.makitamarket.com.tr\/site\/wp-json\/wp\/v2\/comments?post=14197"}],"wp:attachment":[{"href":"https:\/\/www.makitamarket.com.tr\/site\/wp-json\/wp\/v2\/media?parent=14197"}],"wp:term":[{"taxonomy":"product_brand","embeddable":true,"href":"https:\/\/www.makitamarket.com.tr\/site\/wp-json\/wp\/v2\/product_brand?post=14197"},{"taxonomy":"product_cat","embeddable":true,"href":"https:\/\/www.makitamarket.com.tr\/site\/wp-json\/wp\/v2\/product_cat?post=14197"},{"taxonomy":"product_tag","embeddable":true,"href":"https:\/\/www.makitamarket.com.tr\/site\/wp-json\/wp\/v2\/product_tag?post=14197"}],"curies":[{"name":"wp","href":"https:\/\/api.w.org\/{rel}","templated":true}]}}