{"id":14218,"date":"2024-11-28T19:35:19","date_gmt":"2024-11-28T16:35:19","guid":{"rendered":"https:\/\/www.makitamarket.com.tr\/site\/urun\/weller-b-serisi-kaportaci-ve-tenekeci-makaslari\/"},"modified":"2026-01-23T15:39:15","modified_gmt":"2026-01-23T12:39:15","slug":"weller-b-serisi-kaportaci-ve-tenekeci-makaslari","status":"publish","type":"product","link":"https:\/\/www.makitamarket.com.tr\/site\/urun\/weller-b-serisi-kaportaci-ve-tenekeci-makaslari\/","title":{"rendered":"Weller B12R B SER\u0130S\u0130 KAPORTACI VE TENEKEC\u0130 MAKASLARI"},"content":{"rendered":"<p>\n\tTenekeci makas\u0131 &#8211; 250 mm &#8211; sa\u011f<\/p>\n<table><\/table>\n","protected":false},"excerpt":{"rendered":"<p>\n\tTenekeci makas\u0131 &#8211; 250 mm &#8211; sa\u011f<\/p>\n","protected":false},"featured_media":16579,"comment_status":"open","ping_status":"closed","template":"","meta":{"_acf_changed":false},"product_brand":[1530],"product_cat":[833],"product_tag":[],"class_list":{"0":"post-14218","1":"product","2":"type-product","3":"status-publish","4":"has-post-thumbnail","6":"product_brand-weller","7":"product_cat-makaslar","9":"first","10":"outofstock","11":"taxable","12":"shipping-taxable","13":"purchasable","14":"product-type-simple","15":"add-to-wishlist-after_add_to_cart"},"acf":[],"_links":{"self":[{"href":"https:\/\/www.makitamarket.com.tr\/site\/wp-json\/wp\/v2\/product\/14218","targetHints":{"allow":["GET"]}}],"collection":[{"href":"https:\/\/www.makitamarket.com.tr\/site\/wp-json\/wp\/v2\/product"}],"about":[{"href":"https:\/\/www.makitamarket.com.tr\/site\/wp-json\/wp\/v2\/types\/product"}],"replies":[{"embeddable":true,"href":"https:\/\/www.makitamarket.com.tr\/site\/wp-json\/wp\/v2\/comments?post=14218"}],"wp:featuredmedia":[{"embeddable":true,"href":"https:\/\/www.makitamarket.com.tr\/site\/wp-json\/wp\/v2\/media\/16579"}],"wp:attachment":[{"href":"https:\/\/www.makitamarket.com.tr\/site\/wp-json\/wp\/v2\/media?parent=14218"}],"wp:term":[{"taxonomy":"product_brand","embeddable":true,"href":"https:\/\/www.makitamarket.com.tr\/site\/wp-json\/wp\/v2\/product_brand?post=14218"},{"taxonomy":"product_cat","embeddable":true,"href":"https:\/\/www.makitamarket.com.tr\/site\/wp-json\/wp\/v2\/product_cat?post=14218"},{"taxonomy":"product_tag","embeddable":true,"href":"https:\/\/www.makitamarket.com.tr\/site\/wp-json\/wp\/v2\/product_tag?post=14218"}],"curies":[{"name":"wp","href":"https:\/\/api.w.org\/{rel}","templated":true}]}}