{"id":14257,"date":"2024-11-28T19:37:13","date_gmt":"2024-11-28T16:37:13","guid":{"rendered":"https:\/\/www.makitamarket.com.tr\/site\/urun\/makita-super-ekspres-dekupaj-testere-bicagi-b-61\/"},"modified":"2025-08-28T07:45:09","modified_gmt":"2025-08-28T04:45:09","slug":"makita-super-ekspres-dekupaj-testere-bicagi-b-61","status":"publish","type":"product","link":"https:\/\/www.makitamarket.com.tr\/site\/urun\/makita-super-ekspres-dekupaj-testere-bicagi-b-61\/","title":{"rendered":"Makita B-06909 S\u00dcPER EKSPRES DEKUPAJ TESTERE BI\u00c7A\u011eI B &#8211; 61"},"content":{"rendered":"<p>\n\tBetopan, Fibercement, Al\u00e7\u0131pan, Plastik malzeme kesimi i\u00e7in kullan\u0131lmaktad\u0131r.<\/p>\n<p>\n\t<span class=\"_Tgc\">G\u00fcn\u00fcm\u00fczde kulla\u0131lan Lifli Polimer, k\u0131saca LP, karbon, cam ya da aramid lifleriyle g\u00fc\u00e7lendirilmi\u015f yap\u0131 malzemelerinin t\u00fcm\u00fcn\u00fcn kesiminde uygundur.<\/span><\/p>\n<table>\n<tr>\n<td>Uzunda \u00c7al\u0131\u015fma<\/td>\n<td>105<\/td>\n<\/tr>\n<tr>\n<td>Al\u00e7\u0131pan Kesim<\/td>\n<td>5 &#8211; 80<\/td>\n<\/tr>\n<tr>\n<td>Lifli Polimer Kesim<\/td>\n<td>5 &#8211; 50<\/td>\n<\/tr>\n<tr>\n<td>Plastik Kesim<\/td>\n<td>5 &#8211; 80<\/td>\n<\/tr>\n<tr>\n<td>\u0130nch Ba\u015f\u0131 Di\u015f<\/td>\n<td>6<\/td>\n<\/tr>\n<tr>\n<td>B\u0131\u00e7ak Materyali<\/td>\n<td>Elmas<\/td>\n<\/tr>\n<\/table>\n","protected":false},"excerpt":{"rendered":"<p>\n\tBetopan, Fibercement, Al\u00e7\u0131pan, Plastik malzeme kesimi i\u00e7in kullan\u0131lmaktad\u0131r.<\/p>\n<p>\n\t<span class=\"_Tgc\">G\u00fcn\u00fcm\u00fczde kulla\u0131lan Lifli Polimer, k\u0131saca LP, karbon, cam ya da aramid lifleriyle g\u00fc\u00e7lendirilmi\u015f yap\u0131 malzemelerinin t\u00fcm\u00fcn\u00fcn kesiminde uygundur.<\/span><\/p>\n","protected":false},"featured_media":14256,"comment_status":"open","ping_status":"closed","template":"","meta":{"_acf_changed":false},"product_brand":[],"product_cat":[1289],"product_tag":[],"class_list":{"0":"post-14257","1":"product","2":"type-product","3":"status-publish","4":"has-post-thumbnail","6":"product_cat-super-ekspres-dekupaj-testereleri","8":"first","9":"outofstock","10":"taxable","11":"shipping-taxable","12":"purchasable","13":"product-type-simple","14":"add-to-wishlist-after_add_to_cart"},"acf":[],"_links":{"self":[{"href":"https:\/\/www.makitamarket.com.tr\/site\/wp-json\/wp\/v2\/product\/14257","targetHints":{"allow":["GET"]}}],"collection":[{"href":"https:\/\/www.makitamarket.com.tr\/site\/wp-json\/wp\/v2\/product"}],"about":[{"href":"https:\/\/www.makitamarket.com.tr\/site\/wp-json\/wp\/v2\/types\/product"}],"replies":[{"embeddable":true,"href":"https:\/\/www.makitamarket.com.tr\/site\/wp-json\/wp\/v2\/comments?post=14257"}],"wp:featuredmedia":[{"embeddable":true,"href":"https:\/\/www.makitamarket.com.tr\/site\/wp-json\/wp\/v2\/media\/14256"}],"wp:attachment":[{"href":"https:\/\/www.makitamarket.com.tr\/site\/wp-json\/wp\/v2\/media?parent=14257"}],"wp:term":[{"taxonomy":"product_brand","embeddable":true,"href":"https:\/\/www.makitamarket.com.tr\/site\/wp-json\/wp\/v2\/product_brand?post=14257"},{"taxonomy":"product_cat","embeddable":true,"href":"https:\/\/www.makitamarket.com.tr\/site\/wp-json\/wp\/v2\/product_cat?post=14257"},{"taxonomy":"product_tag","embeddable":true,"href":"https:\/\/www.makitamarket.com.tr\/site\/wp-json\/wp\/v2\/product_tag?post=14257"}],"curies":[{"name":"wp","href":"https:\/\/api.w.org\/{rel}","templated":true}]}}