{"id":14271,"date":"2024-11-28T19:37:17","date_gmt":"2024-11-28T16:37:17","guid":{"rendered":"https:\/\/www.makitamarket.com.tr\/site\/urun\/proxxon-elmas-kaplamali-testere-85-mm\/"},"modified":"2026-04-06T14:53:48","modified_gmt":"2026-04-06T11:53:48","slug":"proxxon-elmas-kaplamali-testere-85-mm","status":"publish","type":"product","link":"https:\/\/www.makitamarket.com.tr\/site\/urun\/proxxon-elmas-kaplamali-testere-85-mm\/","title":{"rendered":"Proxxon 28735 ELMAS KAPLAMALI TESTERE 85 mm"},"content":{"rendered":"<div>\n\t<span style=\"font-size:12px;\"><span style=\"font-family:tahoma,geneva,sans-serif;\">85 mm \u00d8x0.7x10mm g\u00f6bek.<br \/>\n\t<\/span><\/span><\/div>\n<div>\n\t<span style=\"font-size:12px;\"><span style=\"font-family:tahoma,geneva,sans-serif;\">Cam, ta\u015f ve fayans kesmek i\u00e7in kullan\u0131l\u0131r.<br \/>\n\t<\/span><\/span><\/div>\n<table><\/table>\n","protected":false},"excerpt":{"rendered":"<div>\n\t<span style=\"font-size:12px;\"><span style=\"font-family:tahoma,geneva,sans-serif;\">85 mm \u00d8x0.7x10mm g\u00f6bek.<br \/>\n\t<\/span><\/span><\/div>\n<div>\n\t<span style=\"font-size:12px;\"><span style=\"font-family:tahoma,geneva,sans-serif;\">Cam, ta\u015f ve fayans kesmek i\u00e7in kullan\u0131l\u0131r.<br \/>\n\t<\/span><\/span><\/div>\n","protected":false},"featured_media":14270,"comment_status":"open","ping_status":"closed","template":"","meta":{"_acf_changed":false},"product_brand":[1501],"product_cat":[926],"product_tag":[],"class_list":{"0":"post-14271","1":"product","2":"type-product","3":"status-publish","4":"has-post-thumbnail","6":"product_brand-proxxon","7":"product_cat-aksesuarlar-mikro-aletleri","9":"first","10":"instock","11":"taxable","12":"shipping-taxable","13":"purchasable","14":"product-type-simple","15":"add-to-wishlist-after_add_to_cart"},"acf":[],"_links":{"self":[{"href":"https:\/\/www.makitamarket.com.tr\/site\/wp-json\/wp\/v2\/product\/14271","targetHints":{"allow":["GET"]}}],"collection":[{"href":"https:\/\/www.makitamarket.com.tr\/site\/wp-json\/wp\/v2\/product"}],"about":[{"href":"https:\/\/www.makitamarket.com.tr\/site\/wp-json\/wp\/v2\/types\/product"}],"replies":[{"embeddable":true,"href":"https:\/\/www.makitamarket.com.tr\/site\/wp-json\/wp\/v2\/comments?post=14271"}],"wp:featuredmedia":[{"embeddable":true,"href":"https:\/\/www.makitamarket.com.tr\/site\/wp-json\/wp\/v2\/media\/14270"}],"wp:attachment":[{"href":"https:\/\/www.makitamarket.com.tr\/site\/wp-json\/wp\/v2\/media?parent=14271"}],"wp:term":[{"taxonomy":"product_brand","embeddable":true,"href":"https:\/\/www.makitamarket.com.tr\/site\/wp-json\/wp\/v2\/product_brand?post=14271"},{"taxonomy":"product_cat","embeddable":true,"href":"https:\/\/www.makitamarket.com.tr\/site\/wp-json\/wp\/v2\/product_cat?post=14271"},{"taxonomy":"product_tag","embeddable":true,"href":"https:\/\/www.makitamarket.com.tr\/site\/wp-json\/wp\/v2\/product_tag?post=14271"}],"curies":[{"name":"wp","href":"https:\/\/api.w.org\/{rel}","templated":true}]}}