{"id":14287,"date":"2024-11-28T19:37:22","date_gmt":"2024-11-28T16:37:22","guid":{"rendered":"https:\/\/www.makitamarket.com.tr\/site\/urun\/makita-esnek-sert-uc-tutucu-300-mm\/"},"modified":"2026-03-30T08:51:23","modified_gmt":"2026-03-30T05:51:23","slug":"makita-esnek-sert-uc-tutucu-300-mm","status":"publish","type":"product","link":"https:\/\/www.makitamarket.com.tr\/site\/urun\/makita-esnek-sert-uc-tutucu-300-mm\/","title":{"rendered":"Makita B-51867 ESNEK SERT U\u00c7 TUTUCU 300 mm"},"content":{"rendered":"<p>\n\t<img decoding=\"async\" alt=\"\" src=\"\/images\/stories\/B-51867 TANITIM.jpg\" style=\"width: 896px; height: 1072px;\" \/><\/p>\n<table>\n<tr>\n<td>Uzunluk<\/td>\n<td>300 mm<\/td>\n<\/tr>\n<tr>\n<td>A\u00e7\u0131<\/td>\n<td>Maks. 90\u02da<\/td>\n<\/tr>\n<tr>\n<td>\u00c7al\u0131\u015fma Devri<\/td>\n<td>Maks. 3.600<\/td>\n<\/tr>\n<\/table>\n","protected":false},"excerpt":{"rendered":"<p>\n\t<img decoding=\"async\" alt=\"\" src=\"\/images\/stories\/B-51867 TANITIM.jpg\" style=\"width: 896px; height: 1072px;\" \/><\/p>\n","protected":false},"featured_media":14286,"comment_status":"open","ping_status":"closed","template":"","meta":{"_acf_changed":false},"product_brand":[1485],"product_cat":[1290],"product_tag":[],"class_list":{"0":"post-14287","1":"product","2":"type-product","3":"status-publish","4":"has-post-thumbnail","6":"product_brand-makita","7":"product_cat-vidalama-uc-tutucular","9":"first","10":"outofstock","11":"taxable","12":"shipping-taxable","13":"purchasable","14":"product-type-simple","15":"add-to-wishlist-after_add_to_cart"},"acf":[],"_links":{"self":[{"href":"https:\/\/www.makitamarket.com.tr\/site\/wp-json\/wp\/v2\/product\/14287","targetHints":{"allow":["GET"]}}],"collection":[{"href":"https:\/\/www.makitamarket.com.tr\/site\/wp-json\/wp\/v2\/product"}],"about":[{"href":"https:\/\/www.makitamarket.com.tr\/site\/wp-json\/wp\/v2\/types\/product"}],"replies":[{"embeddable":true,"href":"https:\/\/www.makitamarket.com.tr\/site\/wp-json\/wp\/v2\/comments?post=14287"}],"wp:featuredmedia":[{"embeddable":true,"href":"https:\/\/www.makitamarket.com.tr\/site\/wp-json\/wp\/v2\/media\/14286"}],"wp:attachment":[{"href":"https:\/\/www.makitamarket.com.tr\/site\/wp-json\/wp\/v2\/media?parent=14287"}],"wp:term":[{"taxonomy":"product_brand","embeddable":true,"href":"https:\/\/www.makitamarket.com.tr\/site\/wp-json\/wp\/v2\/product_brand?post=14287"},{"taxonomy":"product_cat","embeddable":true,"href":"https:\/\/www.makitamarket.com.tr\/site\/wp-json\/wp\/v2\/product_cat?post=14287"},{"taxonomy":"product_tag","embeddable":true,"href":"https:\/\/www.makitamarket.com.tr\/site\/wp-json\/wp\/v2\/product_tag?post=14287"}],"curies":[{"name":"wp","href":"https:\/\/api.w.org\/{rel}","templated":true}]}}