{"id":14295,"date":"2024-11-28T19:39:10","date_gmt":"2024-11-28T16:39:10","guid":{"rendered":"https:\/\/www.makitamarket.com.tr\/site\/urun\/daye-daye-dy-8011-su-kesicili-hortum-baglantisi\/"},"modified":"2026-03-30T08:51:25","modified_gmt":"2026-03-30T05:51:25","slug":"daye-daye-dy-8011-su-kesicili-hortum-baglantisi","status":"publish","type":"product","link":"https:\/\/www.makitamarket.com.tr\/site\/urun\/daye-daye-dy-8011-su-kesicili-hortum-baglantisi\/","title":{"rendered":"Daye DY8011 DAYE DY 8011 SU KES\u0130C\u0130L\u0130 HORTUM BA\u011eLANTISI"},"content":{"rendered":"<table><\/table>\n","protected":false},"excerpt":{"rendered":"","protected":false},"featured_media":0,"comment_status":"open","ping_status":"closed","template":"","meta":{"_acf_changed":false},"product_brand":[1520],"product_cat":[881],"product_tag":[],"class_list":{"0":"post-14295","1":"product","2":"type-product","3":"status-publish","5":"product_brand-daye","6":"product_cat-bahce-sulama-aletleri","8":"first","9":"outofstock","10":"taxable","11":"shipping-taxable","12":"purchasable","13":"product-type-simple","14":"add-to-wishlist-after_add_to_cart"},"acf":[],"_links":{"self":[{"href":"https:\/\/www.makitamarket.com.tr\/site\/wp-json\/wp\/v2\/product\/14295","targetHints":{"allow":["GET"]}}],"collection":[{"href":"https:\/\/www.makitamarket.com.tr\/site\/wp-json\/wp\/v2\/product"}],"about":[{"href":"https:\/\/www.makitamarket.com.tr\/site\/wp-json\/wp\/v2\/types\/product"}],"replies":[{"embeddable":true,"href":"https:\/\/www.makitamarket.com.tr\/site\/wp-json\/wp\/v2\/comments?post=14295"}],"wp:attachment":[{"href":"https:\/\/www.makitamarket.com.tr\/site\/wp-json\/wp\/v2\/media?parent=14295"}],"wp:term":[{"taxonomy":"product_brand","embeddable":true,"href":"https:\/\/www.makitamarket.com.tr\/site\/wp-json\/wp\/v2\/product_brand?post=14295"},{"taxonomy":"product_cat","embeddable":true,"href":"https:\/\/www.makitamarket.com.tr\/site\/wp-json\/wp\/v2\/product_cat?post=14295"},{"taxonomy":"product_tag","embeddable":true,"href":"https:\/\/www.makitamarket.com.tr\/site\/wp-json\/wp\/v2\/product_tag?post=14295"}],"curies":[{"name":"wp","href":"https:\/\/api.w.org\/{rel}","templated":true}]}}