{"id":14313,"date":"2024-11-28T19:39:16","date_gmt":"2024-11-28T16:39:16","guid":{"rendered":"https:\/\/www.makitamarket.com.tr\/site\/urun\/knipex-kesicili-kuyumcu-pensi-130-mm\/"},"modified":"2026-03-30T08:51:29","modified_gmt":"2026-03-30T05:51:29","slug":"knipex-kesicili-kuyumcu-pensi-130-mm","status":"publish","type":"product","link":"https:\/\/www.makitamarket.com.tr\/site\/urun\/knipex-kesicili-kuyumcu-pensi-130-mm\/","title":{"rendered":"Knipex 1901130 KES\u0130C\u0130L\u0130 KUYUMCU PENS\u0130 130 mm"},"content":{"rendered":"<p><b>19 01 130 Kesicili Yuvarlak Kargaburun Pense<\/b><br \/>\u0130nce, uca do\u011fru sivrilen, yuvarlak \u00e7eneler, hassas \u015fekilde ta\u015flanm\u0131\u015f. \u0130nce tel ve g\u00fcm\u00fc\u015f tak\u0131 i\u015fleri i\u00e7in. \u00d6rne\u011fin elektronik alan\u0131nda k\u0131v\u0131rma ve kesme i\u015fleri i\u00e7in uygundur Tel u\u00e7lar\u0131n\u0131 halka \u015feklinde b\u00fckmek i\u00e7in. Kesicilere ek olarak ind\u00fcksiyon sertle\u015ftirme uygulanm\u0131\u015ft\u0131r, kesici sertli\u011fi yakl. 60 HRC. <\/p>\n<li><b>Orta sert tel kesme de\u011feri (\u00e7ap): <\/b>\u00d8 2,2 mm<\/li>\n<li><b>Schneidwerte harter Draht (Durchmesser): <\/b>\u00d8 1,6 mm<\/li>\n<li><b>\u00c7ene kal\u0131nl\u0131\u011f\u0131 (eklem) (T1): <\/b>8,0 mm<\/li>\n<li><b>U\u00e7lar geni\u015flik (W4): <\/b>2,0 mm<\/li>\n<li><b>Tip Thickness (D1): <\/b>1,0 mm<\/li>\n<li><b>\u00c7ene uzunlu\u011fu (L3): <\/b>32,0 mm<\/li>\n<li><b>Kafa geni\u015fli\u011fi (W3): <\/b>13,5 mm<\/li>\n<table>\n<tr>\n<td>Sap<\/td>\n<td>\u0130nce \u0130zole<\/td>\n<\/tr>\n<tr>\n<td>Kafa<\/td>\n<td>Polisaj<\/td>\n<\/tr>\n<tr>\n<td>Uzunluk<\/td>\n<td>130<\/td>\n<\/tr>\n<tr>\n<td>Orta Sert Tel<\/td>\n<td>2.2  \u00f8mm<\/td>\n<\/tr>\n<tr>\n<td>Sert Tel<\/td>\n<td>1.6  \u00f8mm<\/td>\n<\/tr>\n<tr>\n<td>A\u011f\u0131rl\u0131k<\/td>\n<td>73 gr<\/td>\n<\/tr>\n<\/table>\n","protected":false},"excerpt":{"rendered":"<p><b>19 01 130 Kesicili Yuvarlak Kargaburun Pense<\/b><br \/>\u0130nce, uca do\u011fru sivrilen, yuvarlak \u00e7eneler, hassas \u015fekilde ta\u015flanm\u0131\u015f. \u0130nce tel ve g\u00fcm\u00fc\u015f tak\u0131 i\u015fleri i\u00e7in. \u00d6rne\u011fin elektronik alan\u0131nda k\u0131v\u0131rma ve kesme i\u015fleri i\u00e7in uygundur Tel u\u00e7lar\u0131n\u0131 halka \u015feklinde b\u00fckmek i\u00e7in. Kesicilere ek olarak ind\u00fcksiyon sertle\u015ftirme uygulanm\u0131\u015ft\u0131r, kesici sertli\u011fi yakl. 60 HRC. <\/p>\n<li><b>Orta sert tel kesme de\u011feri (\u00e7ap): <\/b>\u00d8 2,2 mm<\/li>\n<li><b>Schneidwerte harter Draht (Durchmesser): <\/b>\u00d8 1,6 mm<\/li>\n<li><b>\u00c7ene kal\u0131nl\u0131\u011f\u0131 (eklem) (T1): <\/b>8,0 mm<\/li>\n<li><b>U\u00e7lar geni\u015flik (W4): <\/b>2,0 mm<\/li>\n<li><b>Tip Thickness (D1): <\/b>1,0 mm<\/li>\n<li><b>\u00c7ene uzunlu\u011fu (L3): <\/b>32,0 mm<\/li>\n<li><b>Kafa geni\u015fli\u011fi (W3): <\/b>13,5 mm<\/li>\n","protected":false},"featured_media":14312,"comment_status":"open","ping_status":"closed","template":"","meta":{"_acf_changed":false},"product_brand":[1486],"product_cat":[1294],"product_tag":[],"class_list":{"0":"post-14313","1":"product","2":"type-product","3":"status-publish","4":"has-post-thumbnail","6":"product_brand-knipex","7":"product_cat-kuyumcu-penseleri","9":"first","10":"instock","11":"taxable","12":"shipping-taxable","13":"purchasable","14":"product-type-simple","15":"add-to-wishlist-after_add_to_cart"},"acf":[],"_links":{"self":[{"href":"https:\/\/www.makitamarket.com.tr\/site\/wp-json\/wp\/v2\/product\/14313","targetHints":{"allow":["GET"]}}],"collection":[{"href":"https:\/\/www.makitamarket.com.tr\/site\/wp-json\/wp\/v2\/product"}],"about":[{"href":"https:\/\/www.makitamarket.com.tr\/site\/wp-json\/wp\/v2\/types\/product"}],"replies":[{"embeddable":true,"href":"https:\/\/www.makitamarket.com.tr\/site\/wp-json\/wp\/v2\/comments?post=14313"}],"wp:featuredmedia":[{"embeddable":true,"href":"https:\/\/www.makitamarket.com.tr\/site\/wp-json\/wp\/v2\/media\/14312"}],"wp:attachment":[{"href":"https:\/\/www.makitamarket.com.tr\/site\/wp-json\/wp\/v2\/media?parent=14313"}],"wp:term":[{"taxonomy":"product_brand","embeddable":true,"href":"https:\/\/www.makitamarket.com.tr\/site\/wp-json\/wp\/v2\/product_brand?post=14313"},{"taxonomy":"product_cat","embeddable":true,"href":"https:\/\/www.makitamarket.com.tr\/site\/wp-json\/wp\/v2\/product_cat?post=14313"},{"taxonomy":"product_tag","embeddable":true,"href":"https:\/\/www.makitamarket.com.tr\/site\/wp-json\/wp\/v2\/product_tag?post=14313"}],"curies":[{"name":"wp","href":"https:\/\/api.w.org\/{rel}","templated":true}]}}