{"id":14369,"date":"2024-11-28T19:41:19","date_gmt":"2024-11-28T16:41:19","guid":{"rendered":"https:\/\/www.makitamarket.com.tr\/site\/urun\/makita-vidalama-adaptoru-1-2-o-ring-pin\/"},"modified":"2026-04-06T14:57:23","modified_gmt":"2026-04-06T11:57:23","slug":"makita-vidalama-adaptoru-1-2-o-ring-pin","status":"publish","type":"product","link":"https:\/\/www.makitamarket.com.tr\/site\/urun\/makita-vidalama-adaptoru-1-2-o-ring-pin\/","title":{"rendered":"Makita 134873-0 V\u0130DALAMA ADAPT\u00d6R\u00dc 1\/2 &#8211; O ring + pin"},"content":{"rendered":"<table>\n<tr>\n<td>Ba\u011flant\u0131 \u00c7ap\u0131<\/td>\n<td>1\/2\u201d &#8211; \u201cO\u201d ring + pim<\/td>\n<\/tr>\n<\/table>\n","protected":false},"excerpt":{"rendered":"<p>Ba\u011flant\u0131 \u00c7ap\u0131 1\/2\u201d &#8211; \u201cO\u201d ring + pim<\/p>\n","protected":false},"featured_media":14368,"comment_status":"open","ping_status":"closed","template":"","meta":{"_acf_changed":false},"product_brand":[1485],"product_cat":[1298],"product_tag":[],"class_list":{"0":"post-14369","1":"product","2":"type-product","3":"status-publish","4":"has-post-thumbnail","6":"product_brand-makita","7":"product_cat-lokma-adaptorleri","9":"first","10":"instock","11":"taxable","12":"shipping-taxable","13":"purchasable","14":"product-type-simple","15":"add-to-wishlist-after_add_to_cart"},"acf":[],"_links":{"self":[{"href":"https:\/\/www.makitamarket.com.tr\/site\/wp-json\/wp\/v2\/product\/14369","targetHints":{"allow":["GET"]}}],"collection":[{"href":"https:\/\/www.makitamarket.com.tr\/site\/wp-json\/wp\/v2\/product"}],"about":[{"href":"https:\/\/www.makitamarket.com.tr\/site\/wp-json\/wp\/v2\/types\/product"}],"replies":[{"embeddable":true,"href":"https:\/\/www.makitamarket.com.tr\/site\/wp-json\/wp\/v2\/comments?post=14369"}],"wp:featuredmedia":[{"embeddable":true,"href":"https:\/\/www.makitamarket.com.tr\/site\/wp-json\/wp\/v2\/media\/14368"}],"wp:attachment":[{"href":"https:\/\/www.makitamarket.com.tr\/site\/wp-json\/wp\/v2\/media?parent=14369"}],"wp:term":[{"taxonomy":"product_brand","embeddable":true,"href":"https:\/\/www.makitamarket.com.tr\/site\/wp-json\/wp\/v2\/product_brand?post=14369"},{"taxonomy":"product_cat","embeddable":true,"href":"https:\/\/www.makitamarket.com.tr\/site\/wp-json\/wp\/v2\/product_cat?post=14369"},{"taxonomy":"product_tag","embeddable":true,"href":"https:\/\/www.makitamarket.com.tr\/site\/wp-json\/wp\/v2\/product_tag?post=14369"}],"curies":[{"name":"wp","href":"https:\/\/api.w.org\/{rel}","templated":true}]}}