{"id":14380,"date":"2024-11-28T19:41:21","date_gmt":"2024-11-28T16:41:21","guid":{"rendered":"https:\/\/www.makitamarket.com.tr\/site\/urun\/makita-sds-plus-keski-seti\/"},"modified":"2026-04-06T15:51:42","modified_gmt":"2026-04-06T12:51:42","slug":"makita-sds-plus-keski-seti","status":"publish","type":"product","link":"https:\/\/www.makitamarket.com.tr\/site\/urun\/makita-sds-plus-keski-seti\/","title":{"rendered":"Makita D-30134 SDS PLUS KESK\u0130 SET\u0130"},"content":{"rendered":"<table border=\"1\" cellpadding=\"1\" cellspacing=\"1\" style=\"width: 600px;\">\n<thead>\n<tr>\n<th scope=\"col\">\n\t\t\t\tT\u0130P<\/th>\n<th scope=\"col\">\n\t\t\t\t\u00d6L\u00c7\u00dc (mm)<\/th>\n<\/tr>\n<\/thead>\n<tbody>\n<tr>\n<td style=\"text-align: center;\">\n\t\t\t\tS\u0130VR\u0130<\/td>\n<td style=\"text-align: center;\">\n\t\t\t\t250<\/td>\n<\/tr>\n<tr>\n<td style=\"text-align: center;\">\n\t\t\t\tYASSI<\/td>\n<td style=\"text-align: center;\">\n\t\t\t\t20&#215;250<\/td>\n<\/tr>\n<tr>\n<td style=\"text-align: center;\">\n\t\t\t\tGEN\u0130\u015e<\/td>\n<td style=\"text-align: center;\">\n\t\t\t\t40&#215;250<\/td>\n<\/tr>\n<\/tbody>\n<\/table>\n<p>\n\tU\u00e7lar SDS Plus u\u00e7 tipine uyumludur.<\/p>\n<p>\n\tSDS Plus u\u00e7\u00a0kullanan t\u00fcm elektropn\u00f6matik makinalarda kullan\u0131l\u0131r.<\/p>\n<table>\n<tr>\n<td>\u1d13<\/td>\n<td>250<\/td>\n<\/tr>\n<tr>\n<td>\u1d13<\/td>\n<td>20&#215;250<\/td>\n<\/tr>\n<tr>\n<td>\u1d13<\/td>\n<td>40&#215;250<\/td>\n<\/tr>\n<\/table>\n","protected":false},"excerpt":{"rendered":"<table border=\"1\" cellpadding=\"1\" cellspacing=\"1\" style=\"width: 600px;\">\n<thead>\n<tr>\n<th scope=\"col\">\n\t\t\t\tT\u0130P<\/th>\n<th scope=\"col\">\n\t\t\t\t\u00d6L\u00c7\u00dc (mm)<\/th>\n<\/tr>\n<\/thead>\n<tbody>\n<tr>\n<td style=\"text-align: center;\">\n\t\t\t\tS\u0130VR\u0130<\/td>\n<td style=\"text-align: center;\">\n\t\t\t\t250<\/td>\n<\/tr>\n<tr>\n<td style=\"text-align: center;\">\n\t\t\t\tYASSI<\/td>\n<td style=\"text-align: center;\">\n\t\t\t\t20&#215;250<\/td>\n<\/tr>\n<tr>\n<td style=\"text-align: center;\">\n\t\t\t\tGEN\u0130\u015e<\/td>\n<td style=\"text-align: center;\">\n\t\t\t\t40&#215;250<\/td>\n<\/tr>\n<\/tbody>\n<\/table>\n<p>\n\tU\u00e7lar SDS Plus u\u00e7 tipine uyumludur.<\/p>\n<p>\n\tSDS Plus u\u00e7\u00a0kullanan t\u00fcm elektropn\u00f6matik makinalarda kullan\u0131l\u0131r.<\/p>\n","protected":false},"featured_media":16941,"comment_status":"open","ping_status":"closed","template":"","meta":{"_acf_changed":false},"product_brand":[1485],"product_cat":[1299],"product_tag":[],"class_list":{"0":"post-14380","1":"product","2":"type-product","3":"status-publish","4":"has-post-thumbnail","6":"product_brand-makita","7":"product_cat-keski-setleri","9":"first","10":"instock","11":"taxable","12":"shipping-taxable","13":"purchasable","14":"product-type-simple","15":"add-to-wishlist-after_add_to_cart"},"acf":[],"_links":{"self":[{"href":"https:\/\/www.makitamarket.com.tr\/site\/wp-json\/wp\/v2\/product\/14380","targetHints":{"allow":["GET"]}}],"collection":[{"href":"https:\/\/www.makitamarket.com.tr\/site\/wp-json\/wp\/v2\/product"}],"about":[{"href":"https:\/\/www.makitamarket.com.tr\/site\/wp-json\/wp\/v2\/types\/product"}],"replies":[{"embeddable":true,"href":"https:\/\/www.makitamarket.com.tr\/site\/wp-json\/wp\/v2\/comments?post=14380"}],"wp:featuredmedia":[{"embeddable":true,"href":"https:\/\/www.makitamarket.com.tr\/site\/wp-json\/wp\/v2\/media\/16941"}],"wp:attachment":[{"href":"https:\/\/www.makitamarket.com.tr\/site\/wp-json\/wp\/v2\/media?parent=14380"}],"wp:term":[{"taxonomy":"product_brand","embeddable":true,"href":"https:\/\/www.makitamarket.com.tr\/site\/wp-json\/wp\/v2\/product_brand?post=14380"},{"taxonomy":"product_cat","embeddable":true,"href":"https:\/\/www.makitamarket.com.tr\/site\/wp-json\/wp\/v2\/product_cat?post=14380"},{"taxonomy":"product_tag","embeddable":true,"href":"https:\/\/www.makitamarket.com.tr\/site\/wp-json\/wp\/v2\/product_tag?post=14380"}],"curies":[{"name":"wp","href":"https:\/\/api.w.org\/{rel}","templated":true}]}}