{"id":14407,"date":"2024-11-28T19:43:16","date_gmt":"2024-11-28T16:43:16","guid":{"rendered":"https:\/\/www.makitamarket.com.tr\/site\/urun\/powerwash-yogun-yag-ve-kir-sokucu\/"},"modified":"2026-04-06T14:57:36","modified_gmt":"2026-04-06T11:57:36","slug":"powerwash-yogun-yag-ve-kir-sokucu","status":"publish","type":"product","link":"https:\/\/www.makitamarket.com.tr\/site\/urun\/powerwash-yogun-yag-ve-kir-sokucu\/","title":{"rendered":"Powerwash PW402 YO\u011eUN YA\u011e VE K\u0130R S\u00d6K\u00dcC\u00dc"},"content":{"rendered":"<div>\n\t\u00a0T\u00fcm \u0131slak zemin uygulamalar\u0131nda (PVC,seramik, beton, mermer, granit v.b.)m\u00fckemmel sonu\u00e7lar verir. G\u00fcc\u00fcn\u00fc i\u00e7erisindeki amonyaktan alan kimyasal \u00e7ok etkili bir kir s\u00f6k\u00fcc\u00fcd\u00fcr. Epoksi zeminlerde olu\u015fan lastik izlerini s\u00f6kmede ba\u015far\u0131l\u0131d\u0131r.Bu y\u00fczden \u00f6zellikle kapal\u0131 otoparklarda kullan\u0131m\u0131 olumlu sonu\u00e7lar vermektedir. Ya\u011f \u00e7\u00f6z\u00fcc\u00fc \u00f6zelli\u011fi ile zemindeki ya\u011fl\u0131 ve k\u00f6veke olu\u015fumu ba\u015flam\u0131\u015f kirlerin par\u00e7alanarak \u00e7\u00f6z\u00fclmesine yard\u0131mc\u0131 olur.<\/div>\n<div>\n\t<strong>Uygulama: <\/strong>Konsantrasyonu kirlilik durumuna g\u00f6re 1\/10 1\/15 uygulama \u015fekli ile 15 Lt suya 1Lt PW408 kar\u0131\u015ft\u0131r\u0131larak \u00e7\u00f6zelti haz\u0131rlanmal\u0131d\u0131r. Makine ile kullan\u0131mda 40 Lt lik tanka 1Lt konularak makina kullan\u0131ma haz\u0131r hale getirilebilir. Linoleum gibi zeminlerde kimyasal kullan\u0131lmadan \u00f6nce bir k\u00f6\u015fede kimyasal testi yap\u0131larak d\u00f6\u015femenin tepkisi g\u00f6r\u00fclmelidir.<\/div>\n<table>\n<tr>\n<td>Ambalaj \u015eekli<\/td>\n<td>20 lt<\/td>\n<\/tr>\n<tr>\n<td>Ph De\u011feri<\/td>\n<td>Ph 13<\/td>\n<\/tr>\n<\/table>\n","protected":false},"excerpt":{"rendered":"<div>\n\t\u00a0T\u00fcm \u0131slak zemin uygulamalar\u0131nda (PVC,seramik, beton, mermer, granit v.b.)m\u00fckemmel sonu\u00e7lar verir. G\u00fcc\u00fcn\u00fc i\u00e7erisindeki amonyaktan alan kimyasal \u00e7ok etkili bir kir s\u00f6k\u00fcc\u00fcd\u00fcr. Epoksi zeminlerde olu\u015fan lastik izlerini s\u00f6kmede ba\u015far\u0131l\u0131d\u0131r.Bu y\u00fczden \u00f6zellikle kapal\u0131 otoparklarda kullan\u0131m\u0131 olumlu sonu\u00e7lar vermektedir. Ya\u011f \u00e7\u00f6z\u00fcc\u00fc \u00f6zelli\u011fi ile zemindeki ya\u011fl\u0131 ve k\u00f6veke olu\u015fumu ba\u015flam\u0131\u015f kirlerin par\u00e7alanarak \u00e7\u00f6z\u00fclmesine yard\u0131mc\u0131 olur.<\/div>\n<div>\n\t<strong>Uygulama: <\/strong>Konsantrasyonu kirlilik durumuna g\u00f6re 1\/10 1\/15 uygulama \u015fekli ile 15 Lt suya 1Lt PW408 kar\u0131\u015ft\u0131r\u0131larak \u00e7\u00f6zelti haz\u0131rlanmal\u0131d\u0131r. Makine ile kullan\u0131mda 40 Lt lik tanka 1Lt konularak makina kullan\u0131ma haz\u0131r hale getirilebilir. Linoleum gibi zeminlerde kimyasal kullan\u0131lmadan \u00f6nce bir k\u00f6\u015fede kimyasal testi yap\u0131larak d\u00f6\u015femenin tepkisi g\u00f6r\u00fclmelidir.<\/div>\n","protected":false},"featured_media":14406,"comment_status":"open","ping_status":"closed","template":"","meta":{"_acf_changed":false},"product_brand":[1489],"product_cat":[1565],"product_tag":[],"class_list":{"0":"post-14407","1":"product","2":"type-product","3":"status-publish","4":"has-post-thumbnail","6":"product_brand-powerwash","7":"product_cat-yok-yok","9":"first","10":"instock","11":"taxable","12":"shipping-taxable","13":"purchasable","14":"product-type-simple","15":"add-to-wishlist-after_add_to_cart"},"acf":[],"_links":{"self":[{"href":"https:\/\/www.makitamarket.com.tr\/site\/wp-json\/wp\/v2\/product\/14407","targetHints":{"allow":["GET"]}}],"collection":[{"href":"https:\/\/www.makitamarket.com.tr\/site\/wp-json\/wp\/v2\/product"}],"about":[{"href":"https:\/\/www.makitamarket.com.tr\/site\/wp-json\/wp\/v2\/types\/product"}],"replies":[{"embeddable":true,"href":"https:\/\/www.makitamarket.com.tr\/site\/wp-json\/wp\/v2\/comments?post=14407"}],"wp:featuredmedia":[{"embeddable":true,"href":"https:\/\/www.makitamarket.com.tr\/site\/wp-json\/wp\/v2\/media\/14406"}],"wp:attachment":[{"href":"https:\/\/www.makitamarket.com.tr\/site\/wp-json\/wp\/v2\/media?parent=14407"}],"wp:term":[{"taxonomy":"product_brand","embeddable":true,"href":"https:\/\/www.makitamarket.com.tr\/site\/wp-json\/wp\/v2\/product_brand?post=14407"},{"taxonomy":"product_cat","embeddable":true,"href":"https:\/\/www.makitamarket.com.tr\/site\/wp-json\/wp\/v2\/product_cat?post=14407"},{"taxonomy":"product_tag","embeddable":true,"href":"https:\/\/www.makitamarket.com.tr\/site\/wp-json\/wp\/v2\/product_tag?post=14407"}],"curies":[{"name":"wp","href":"https:\/\/api.w.org\/{rel}","templated":true}]}}