{"id":14418,"date":"2024-11-28T19:43:29","date_gmt":"2024-11-28T16:43:29","guid":{"rendered":"https:\/\/www.makitamarket.com.tr\/site\/urun\/edn-edn-qw-200-ahsap-testere\/"},"modified":"2026-03-30T08:53:26","modified_gmt":"2026-03-30T05:53:26","slug":"edn-edn-qw-200-ahsap-testere","status":"publish","type":"product","link":"https:\/\/www.makitamarket.com.tr\/site\/urun\/edn-edn-qw-200-ahsap-testere\/","title":{"rendered":"Edn QW20024 EDN QW 200 AH\u015eAP TESTERE"},"content":{"rendered":"<div>\n\t\u2022 Ses azalt\u0131lm\u0131\u015f<\/div>\n<div>\n\t\u2022 Lazer genle\u015fme yar\u0131kl\u0131<\/div>\n<div>\n\t\u2022 Panel malzeme tek y\u00fczeyi vernikli plastik kapl\u0131<\/div>\n<div>\n\t\u2022 Sert do\u011fal ah\u015fap malzemeler<\/div>\n<div>\n\t\u2022 D\u00fcz ve \u00e7apraz kesimler i\u00e7in<\/div>\n<div>\n\t\u2022 Lif yay\u0131lma y\u00f6n\u00fcnde kesim yapmak.<\/div>\n<table>\n<tr>\n<td>\u00c7ap<\/td>\n<td>200<\/td>\n<\/tr>\n<tr>\n<td>Kal\u0131nl\u0131k<\/td>\n<td>3,0<\/td>\n<\/tr>\n<tr>\n<td>G\u00f6bek<\/td>\n<td>30<\/td>\n<\/tr>\n<tr>\n<td>Di\u015f<\/td>\n<td>24 di\u015f<\/td>\n<\/tr>\n<\/table>\n","protected":false},"excerpt":{"rendered":"<div>\n\t\u2022 Ses azalt\u0131lm\u0131\u015f<\/div>\n<div>\n\t\u2022 Lazer genle\u015fme yar\u0131kl\u0131<\/div>\n<div>\n\t\u2022 Panel malzeme tek y\u00fczeyi vernikli plastik kapl\u0131<\/div>\n<div>\n\t\u2022 Sert do\u011fal ah\u015fap malzemeler<\/div>\n<div>\n\t\u2022 D\u00fcz ve \u00e7apraz kesimler i\u00e7in<\/div>\n<div>\n\t\u2022 Lif yay\u0131lma y\u00f6n\u00fcnde kesim yapmak.<\/div>\n","protected":false},"featured_media":14417,"comment_status":"open","ping_status":"closed","template":"","meta":{"_acf_changed":false},"product_brand":[1542],"product_cat":[1050],"product_tag":[],"class_list":{"0":"post-14418","1":"product","2":"type-product","3":"status-publish","4":"has-post-thumbnail","6":"product_brand-edn","7":"product_cat-ahsap-daire-testereler","9":"first","10":"outofstock","11":"taxable","12":"shipping-taxable","13":"purchasable","14":"product-type-simple","15":"add-to-wishlist-after_add_to_cart"},"acf":[],"_links":{"self":[{"href":"https:\/\/www.makitamarket.com.tr\/site\/wp-json\/wp\/v2\/product\/14418","targetHints":{"allow":["GET"]}}],"collection":[{"href":"https:\/\/www.makitamarket.com.tr\/site\/wp-json\/wp\/v2\/product"}],"about":[{"href":"https:\/\/www.makitamarket.com.tr\/site\/wp-json\/wp\/v2\/types\/product"}],"replies":[{"embeddable":true,"href":"https:\/\/www.makitamarket.com.tr\/site\/wp-json\/wp\/v2\/comments?post=14418"}],"wp:featuredmedia":[{"embeddable":true,"href":"https:\/\/www.makitamarket.com.tr\/site\/wp-json\/wp\/v2\/media\/14417"}],"wp:attachment":[{"href":"https:\/\/www.makitamarket.com.tr\/site\/wp-json\/wp\/v2\/media?parent=14418"}],"wp:term":[{"taxonomy":"product_brand","embeddable":true,"href":"https:\/\/www.makitamarket.com.tr\/site\/wp-json\/wp\/v2\/product_brand?post=14418"},{"taxonomy":"product_cat","embeddable":true,"href":"https:\/\/www.makitamarket.com.tr\/site\/wp-json\/wp\/v2\/product_cat?post=14418"},{"taxonomy":"product_tag","embeddable":true,"href":"https:\/\/www.makitamarket.com.tr\/site\/wp-json\/wp\/v2\/product_tag?post=14418"}],"curies":[{"name":"wp","href":"https:\/\/api.w.org\/{rel}","templated":true}]}}