{"id":14440,"date":"2024-11-28T19:43:34","date_gmt":"2024-11-28T16:43:34","guid":{"rendered":"https:\/\/www.makitamarket.com.tr\/site\/urun\/bmi-bmi-691m050-aluminyum-miknatisli-su-terazi-50cm\/"},"modified":"2026-04-13T20:56:44","modified_gmt":"2026-04-13T17:56:44","slug":"bmi-bmi-691m050-aluminyum-miknatisli-su-terazi-50cm","status":"publish","type":"product","link":"https:\/\/www.makitamarket.com.tr\/site\/urun\/bmi-bmi-691m050-aluminyum-miknatisli-su-terazi-50cm\/","title":{"rendered":"Bmi ALUSTAR 691M 50CM BMI 691M050 AL\u00dcM\u0130NYUM MIKNATISLI SU TERAZ\u0130 50cm"},"content":{"rendered":"<div>\n\tYuvarlak bi\u00e7imli orjinal BMI terazi g\u00f6zleri sayesinde b\u00fcy\u00fctec etkisi ile rahat okuma sa\u011flan\u0131r.<\/div>\n<div>\n\tDayan\u0131kl\u0131 al\u00fcminyum profil ve \u015fok emici lastik tamponlar.<\/div>\n<div>\n\tTers kullan\u0131mda 0.75mm\/m hassasiyet Ultrasonik kaynakl\u0131 terazi g\u00f6zleri sayesinde \u00f6m\u00fcr boyu y\u00fcksek hassasiyet 0.5mm\/m<\/div>\n<table>\n<tr>\n<td>Uzunluk<\/td>\n<td>50cm<\/td>\n<\/tr>\n<\/table>\n","protected":false},"excerpt":{"rendered":"<div>\n\tYuvarlak bi\u00e7imli orjinal BMI terazi g\u00f6zleri sayesinde b\u00fcy\u00fctec etkisi ile rahat okuma sa\u011flan\u0131r.<\/div>\n<div>\n\tDayan\u0131kl\u0131 al\u00fcminyum profil ve \u015fok emici lastik tamponlar.<\/div>\n<div>\n\tTers kullan\u0131mda 0.75mm\/m hassasiyet Ultrasonik kaynakl\u0131 terazi g\u00f6zleri sayesinde \u00f6m\u00fcr boyu y\u00fcksek hassasiyet 0.5mm\/m<\/div>\n","protected":false},"featured_media":0,"comment_status":"open","ping_status":"closed","template":"","meta":{"_acf_changed":false},"product_brand":[1522],"product_cat":[974],"product_tag":[],"class_list":{"0":"post-14440","1":"product","2":"type-product","3":"status-publish","5":"product_brand-bmi","6":"product_cat-su-terazileri","8":"first","9":"instock","10":"taxable","11":"shipping-taxable","12":"purchasable","13":"product-type-simple","14":"add-to-wishlist-after_add_to_cart"},"acf":[],"_links":{"self":[{"href":"https:\/\/www.makitamarket.com.tr\/site\/wp-json\/wp\/v2\/product\/14440","targetHints":{"allow":["GET"]}}],"collection":[{"href":"https:\/\/www.makitamarket.com.tr\/site\/wp-json\/wp\/v2\/product"}],"about":[{"href":"https:\/\/www.makitamarket.com.tr\/site\/wp-json\/wp\/v2\/types\/product"}],"replies":[{"embeddable":true,"href":"https:\/\/www.makitamarket.com.tr\/site\/wp-json\/wp\/v2\/comments?post=14440"}],"wp:attachment":[{"href":"https:\/\/www.makitamarket.com.tr\/site\/wp-json\/wp\/v2\/media?parent=14440"}],"wp:term":[{"taxonomy":"product_brand","embeddable":true,"href":"https:\/\/www.makitamarket.com.tr\/site\/wp-json\/wp\/v2\/product_brand?post=14440"},{"taxonomy":"product_cat","embeddable":true,"href":"https:\/\/www.makitamarket.com.tr\/site\/wp-json\/wp\/v2\/product_cat?post=14440"},{"taxonomy":"product_tag","embeddable":true,"href":"https:\/\/www.makitamarket.com.tr\/site\/wp-json\/wp\/v2\/product_tag?post=14440"}],"curies":[{"name":"wp","href":"https:\/\/api.w.org\/{rel}","templated":true}]}}