{"id":14452,"date":"2024-11-28T19:44:06","date_gmt":"2024-11-28T16:44:06","guid":{"rendered":"https:\/\/www.makitamarket.com.tr\/site\/urun\/honeywell-sperian-matrix-turuncu-ipli-kulak-tikaci\/"},"modified":"2026-04-13T20:56:47","modified_gmt":"2026-04-13T17:56:47","slug":"honeywell-sperian-matrix-turuncu-ipli-kulak-tikaci","status":"publish","type":"product","link":"https:\/\/www.makitamarket.com.tr\/site\/urun\/honeywell-sperian-matrix-turuncu-ipli-kulak-tikaci\/","title":{"rendered":"Honeywell 1012521 SPERIAN MATRIX TURUNCU \u0130PL\u0130 KULAK TIKACI"},"content":{"rendered":"<p>PU (Poli\u00fcretan) malzemeden \u00fcretilmi\u015ftir.<br \/>\nPatentli yap\u0131s\u0131yla yuvarlatma gerektirmez, yumusak d\u0131s y\u00fczey ve k\u00fc\u00e7\u00fclt\u00fclm\u00fc\u015f \u00e7ap\u0131 ile uzun s\u00fcre konfor saglar. <\/p>\n<table>\n<tr>\n<td>Standard\u0131<\/td>\n<td>CE EN 352-2<\/td>\n<\/tr>\n<tr>\n<td>SNR<\/td>\n<td>29 dB<\/td>\n<\/tr>\n<tr>\n<td>Kutu Miktar\u0131<\/td>\n<td>100 \u00c7ift<\/td>\n<\/tr>\n<\/table>\n","protected":false},"excerpt":{"rendered":"<p>PU (Poli\u00fcretan) malzemeden \u00fcretilmi\u015ftir.<br \/>\nPatentli yap\u0131s\u0131yla yuvarlatma gerektirmez, yumusak d\u0131s y\u00fczey ve k\u00fc\u00e7\u00fclt\u00fclm\u00fc\u015f \u00e7ap\u0131 ile uzun s\u00fcre konfor saglar. <\/p>\n","protected":false},"featured_media":14451,"comment_status":"open","ping_status":"closed","template":"","meta":{"_acf_changed":false},"product_brand":[1516],"product_cat":[1565],"product_tag":[],"class_list":{"0":"post-14452","1":"product","2":"type-product","3":"status-publish","4":"has-post-thumbnail","6":"product_brand-honeywell","7":"product_cat-yok-yok","9":"first","10":"instock","11":"taxable","12":"shipping-taxable","13":"purchasable","14":"product-type-simple","15":"add-to-wishlist-after_add_to_cart"},"acf":[],"_links":{"self":[{"href":"https:\/\/www.makitamarket.com.tr\/site\/wp-json\/wp\/v2\/product\/14452","targetHints":{"allow":["GET"]}}],"collection":[{"href":"https:\/\/www.makitamarket.com.tr\/site\/wp-json\/wp\/v2\/product"}],"about":[{"href":"https:\/\/www.makitamarket.com.tr\/site\/wp-json\/wp\/v2\/types\/product"}],"replies":[{"embeddable":true,"href":"https:\/\/www.makitamarket.com.tr\/site\/wp-json\/wp\/v2\/comments?post=14452"}],"wp:featuredmedia":[{"embeddable":true,"href":"https:\/\/www.makitamarket.com.tr\/site\/wp-json\/wp\/v2\/media\/14451"}],"wp:attachment":[{"href":"https:\/\/www.makitamarket.com.tr\/site\/wp-json\/wp\/v2\/media?parent=14452"}],"wp:term":[{"taxonomy":"product_brand","embeddable":true,"href":"https:\/\/www.makitamarket.com.tr\/site\/wp-json\/wp\/v2\/product_brand?post=14452"},{"taxonomy":"product_cat","embeddable":true,"href":"https:\/\/www.makitamarket.com.tr\/site\/wp-json\/wp\/v2\/product_cat?post=14452"},{"taxonomy":"product_tag","embeddable":true,"href":"https:\/\/www.makitamarket.com.tr\/site\/wp-json\/wp\/v2\/product_tag?post=14452"}],"curies":[{"name":"wp","href":"https:\/\/api.w.org\/{rel}","templated":true}]}}