{"id":14495,"date":"2024-11-28T19:44:36","date_gmt":"2024-11-28T16:44:36","guid":{"rendered":"https:\/\/www.makitamarket.com.tr\/site\/urun\/bmi-bmi-692020m-ultrasonic-cep-tipi-su-terazisi20cm\/"},"modified":"2026-04-06T15:00:39","modified_gmt":"2026-04-06T12:00:39","slug":"bmi-bmi-692020m-ultrasonic-cep-tipi-su-terazisi20cm","status":"publish","type":"product","link":"https:\/\/www.makitamarket.com.tr\/site\/urun\/bmi-bmi-692020m-ultrasonic-cep-tipi-su-terazisi20cm\/","title":{"rendered":"Bmi 692020M BMI 692020M ULTRASONIC CEP T\u0130P\u0130 SU TERAZ\u0130S\u013020cm"},"content":{"rendered":"<div>\n\t<span dir=\"ltr\" role=\"presentation\" style=\"left: 438.952px; top: 761.177px; font-size: 10px; font-family: sans-serif; transform: scaleX(0.8635);\">Dikey terazi g\u00f6z\u00fc<\/span><br role=\"presentation\" \/><br \/>\n\t<span dir=\"ltr\" role=\"presentation\" style=\"left: 438.952px; top: 772.007px; font-size: 10px; font-family: sans-serif; transform: scaleX(0.845276);\">B\u00fcy\u00fcte\u00e7li yatay terazi g\u00f6z\u00fc<\/span><br role=\"presentation\" \/><br \/>\n\t<span dir=\"ltr\" role=\"presentation\" style=\"left: 438.952px; top: 782.837px; font-size: 10px; font-family: sans-serif; transform: scaleX(0.898636);\">M\u0131knat\u0131sl\u0131<\/span><\/div>\n<table>\n<tr>\n<td>Uzunluk<\/td>\n<td>20 cm<\/td>\n<\/tr>\n<tr>\n<td>Hassasiyet<\/td>\n<td>1m\u2019de 0,5mm<\/td>\n<\/tr>\n<\/table>\n","protected":false},"excerpt":{"rendered":"<div>\n\t<span dir=\"ltr\" role=\"presentation\" style=\"left: 438.952px; top: 761.177px; font-size: 10px; font-family: sans-serif; transform: scaleX(0.8635);\">Dikey terazi g\u00f6z\u00fc<\/span><br role=\"presentation\" \/><br \/>\n\t<span dir=\"ltr\" role=\"presentation\" style=\"left: 438.952px; top: 772.007px; font-size: 10px; font-family: sans-serif; transform: scaleX(0.845276);\">B\u00fcy\u00fcte\u00e7li yatay terazi g\u00f6z\u00fc<\/span><br role=\"presentation\" \/><br \/>\n\t<span dir=\"ltr\" role=\"presentation\" style=\"left: 438.952px; top: 782.837px; font-size: 10px; font-family: sans-serif; transform: scaleX(0.898636);\">M\u0131knat\u0131sl\u0131<\/span><\/div>\n","protected":false},"featured_media":14494,"comment_status":"open","ping_status":"closed","template":"","meta":{"_acf_changed":false},"product_brand":[1522],"product_cat":[1565],"product_tag":[],"class_list":{"0":"post-14495","1":"product","2":"type-product","3":"status-publish","4":"has-post-thumbnail","6":"product_brand-bmi","7":"product_cat-yok-yok","9":"first","10":"instock","11":"taxable","12":"shipping-taxable","13":"purchasable","14":"product-type-simple","15":"add-to-wishlist-after_add_to_cart"},"acf":[],"_links":{"self":[{"href":"https:\/\/www.makitamarket.com.tr\/site\/wp-json\/wp\/v2\/product\/14495","targetHints":{"allow":["GET"]}}],"collection":[{"href":"https:\/\/www.makitamarket.com.tr\/site\/wp-json\/wp\/v2\/product"}],"about":[{"href":"https:\/\/www.makitamarket.com.tr\/site\/wp-json\/wp\/v2\/types\/product"}],"replies":[{"embeddable":true,"href":"https:\/\/www.makitamarket.com.tr\/site\/wp-json\/wp\/v2\/comments?post=14495"}],"wp:featuredmedia":[{"embeddable":true,"href":"https:\/\/www.makitamarket.com.tr\/site\/wp-json\/wp\/v2\/media\/14494"}],"wp:attachment":[{"href":"https:\/\/www.makitamarket.com.tr\/site\/wp-json\/wp\/v2\/media?parent=14495"}],"wp:term":[{"taxonomy":"product_brand","embeddable":true,"href":"https:\/\/www.makitamarket.com.tr\/site\/wp-json\/wp\/v2\/product_brand?post=14495"},{"taxonomy":"product_cat","embeddable":true,"href":"https:\/\/www.makitamarket.com.tr\/site\/wp-json\/wp\/v2\/product_cat?post=14495"},{"taxonomy":"product_tag","embeddable":true,"href":"https:\/\/www.makitamarket.com.tr\/site\/wp-json\/wp\/v2\/product_tag?post=14495"}],"curies":[{"name":"wp","href":"https:\/\/api.w.org\/{rel}","templated":true}]}}