{"id":14497,"date":"2024-11-28T19:44:36","date_gmt":"2024-11-28T16:44:36","guid":{"rendered":"https:\/\/www.makitamarket.com.tr\/site\/urun\/weller-mini-2000-serisi-kalem-havya\/"},"modified":"2025-11-16T07:45:18","modified_gmt":"2025-11-16T04:45:18","slug":"weller-mini-2000-serisi-kalem-havya","status":"publish","type":"product","link":"https:\/\/www.makitamarket.com.tr\/site\/urun\/weller-mini-2000-serisi-kalem-havya\/","title":{"rendered":"Weller WM 15L M\u0130N\u0130 2000 SER\u0130S\u0130 KALEM HAVYA"},"content":{"rendered":"<table>\n<tr>\n<td>Watt<\/td>\n<td>15W<\/td>\n<\/tr>\n<tr>\n<td>Volt<\/td>\n<td>230V<\/td>\n<\/tr>\n<tr>\n<td>Hz<\/td>\n<td>50Hz<\/td>\n<\/tr>\n<tr>\n<td>U\u00e7<\/td>\n<td>2,00mm<\/td>\n<\/tr>\n<tr>\n<td>A\u011f\u0131rl\u0131k<\/td>\n<td>1030gr<\/td>\n<\/tr>\n<\/table>\n","protected":false},"excerpt":{"rendered":"<p>Watt 15W Volt 230V Hz 50Hz U\u00e7 2,00mm A\u011f\u0131rl\u0131k 1030gr<\/p>\n","protected":false},"featured_media":14496,"comment_status":"open","ping_status":"closed","template":"","meta":{"_acf_changed":false},"product_brand":[1530],"product_cat":[1004],"product_tag":[],"class_list":{"0":"post-14497","1":"product","2":"type-product","3":"status-publish","4":"has-post-thumbnail","6":"product_brand-weller","7":"product_cat-kalem-havyalar","9":"first","10":"outofstock","11":"taxable","12":"shipping-taxable","13":"purchasable","14":"product-type-simple","15":"add-to-wishlist-after_add_to_cart"},"acf":[],"_links":{"self":[{"href":"https:\/\/www.makitamarket.com.tr\/site\/wp-json\/wp\/v2\/product\/14497","targetHints":{"allow":["GET"]}}],"collection":[{"href":"https:\/\/www.makitamarket.com.tr\/site\/wp-json\/wp\/v2\/product"}],"about":[{"href":"https:\/\/www.makitamarket.com.tr\/site\/wp-json\/wp\/v2\/types\/product"}],"replies":[{"embeddable":true,"href":"https:\/\/www.makitamarket.com.tr\/site\/wp-json\/wp\/v2\/comments?post=14497"}],"wp:featuredmedia":[{"embeddable":true,"href":"https:\/\/www.makitamarket.com.tr\/site\/wp-json\/wp\/v2\/media\/14496"}],"wp:attachment":[{"href":"https:\/\/www.makitamarket.com.tr\/site\/wp-json\/wp\/v2\/media?parent=14497"}],"wp:term":[{"taxonomy":"product_brand","embeddable":true,"href":"https:\/\/www.makitamarket.com.tr\/site\/wp-json\/wp\/v2\/product_brand?post=14497"},{"taxonomy":"product_cat","embeddable":true,"href":"https:\/\/www.makitamarket.com.tr\/site\/wp-json\/wp\/v2\/product_cat?post=14497"},{"taxonomy":"product_tag","embeddable":true,"href":"https:\/\/www.makitamarket.com.tr\/site\/wp-json\/wp\/v2\/product_tag?post=14497"}],"curies":[{"name":"wp","href":"https:\/\/api.w.org\/{rel}","templated":true}]}}